{"id":5872808,"date":"2025-04-02T10:11:34","date_gmt":"2025-04-02T10:11:34","guid":{"rendered":"https:\/\/theinvisiblecollection.com\/?post_type=product&#038;p=5872808"},"modified":"2026-05-01T07:37:11","modified_gmt":"2026-05-01T07:37:11","slug":"charlotte-biltgen-table-basse-ettore","status":"publish","type":"product","link":"https:\/\/theinvisiblecollection.com\/fr\/produit\/charlotte-biltgen-table-basse-ettore\/","title":{"rendered":"Table Basse Ettore"},"content":{"rendered":"<p style=\"text-align: justify;\">La collection Ettore puise son inspiration dans l\u2019Italie des ann\u00e9es 60, une \u00e9poque d\u2019extravagance et de raffinement o\u00f9 le design flirtait avec l\u2019audace. L\u2019influence des grandes figures masculines italiennes, \u00e0 l\u2019image de Marcello Mastroianni, se devine dans le caract\u00e8re affirm\u00e9 de ces pi\u00e8ces, o\u00f9 chaque ligne raconte une histoire de s\u00e9duction et de ma\u00eetrise. En filigrane, Ettore convoque l\u2019imaginaire des films cultes de cette \u00e9poque, entre salons \u00e9l\u00e9gants, chambres feutr\u00e9es et cette atmosph\u00e8re magn\u00e9tique propre \u00e0 La Dolce Vita. Son design, structur\u00e9 et fluide \u00e0 la fois, \u00e9voque la sensualit\u00e9 des formes sculpt\u00e9es, celles que l\u2019on retrouve dans les habitacles luxueux et les lignes fusel\u00e9es du design italien.<\/p>\n","protected":false},"excerpt":{"rendered":"<p>La collection Ettore puise son inspiration dans l\u2019Italie des ann\u00e9es 60, une \u00e9poque d\u2019extravagance et de raffinement o\u00f9 le design flirtait avec l\u2019audace. L\u2019influence des grandes figures masculines italiennes, \u00e0 l\u2019image de Marcello Mastroianni, se devine dans le caract\u00e8re affirm\u00e9 de ces pi\u00e8ces, o\u00f9 chaque ligne raconte une histoire de s\u00e9duction et de ma\u00eetrise. En [&hellip;]<\/p>\n","protected":false},"featured_media":5873959,"template":"","meta":{"_acf_changed":false,"content-type":"","_themeisle_gutenberg_block_has_review":false},"product_brand":[],"product_cat":[7509,12503],"product_tag":[9066,10481,31477,35206],"product_designer":[8923],"comfabric":[29084],"manufacturer":[16764],"reporting_designer":[37451],"samplecomfabric":[30114],"designer_clubroom":[],"class_list":{"0":"post-5872808","1":"product","2":"type-product","3":"status-publish","4":"has-post-thumbnail","6":"product_cat-tables-basses-dappoint","7":"product_cat-tables-fr","8":"product_tag-table-basse","9":"product_tag-charlotte-biltgen-fr","10":"product_tag-st-curvy-fr","11":"product_tag-exclusive-fr","12":"product_designer-charlotte-biltgen-fr","13":"comfabric-ame-sarl-fr","14":"manufacturer-ame","15":"reporting_designer-charlotte-biltgen","16":"samplecomfabric-charlotte-biltgen-fr","18":"first","19":"instock","20":"taxable","21":"shipping-taxable","22":"purchasable","23":"product-type-variable"},"acf":[],"_links":{"self":[{"href":"https:\/\/theinvisiblecollection.com\/fr\/wp-json\/wp\/v2\/product\/5872808","targetHints":{"allow":["GET"]}}],"collection":[{"href":"https:\/\/theinvisiblecollection.com\/fr\/wp-json\/wp\/v2\/product"}],"about":[{"href":"https:\/\/theinvisiblecollection.com\/fr\/wp-json\/wp\/v2\/types\/product"}],"wp:featuredmedia":[{"embeddable":true,"href":"https:\/\/theinvisiblecollection.com\/fr\/wp-json\/wp\/v2\/media\/5873959"}],"wp:attachment":[{"href":"https:\/\/theinvisiblecollection.com\/fr\/wp-json\/wp\/v2\/media?parent=5872808"}],"wp:term":[{"taxonomy":"product_brand","embeddable":true,"href":"https:\/\/theinvisiblecollection.com\/fr\/wp-json\/wp\/v2\/product_brand?post=5872808"},{"taxonomy":"product_cat","embeddable":true,"href":"https:\/\/theinvisiblecollection.com\/fr\/wp-json\/wp\/v2\/product_cat?post=5872808"},{"taxonomy":"product_tag","embeddable":true,"href":"https:\/\/theinvisiblecollection.com\/fr\/wp-json\/wp\/v2\/product_tag?post=5872808"},{"taxonomy":"product_designer","embeddable":true,"href":"https:\/\/theinvisiblecollection.com\/fr\/wp-json\/wp\/v2\/product_designer?post=5872808"},{"taxonomy":"comfabric","embeddable":true,"href":"https:\/\/theinvisiblecollection.com\/fr\/wp-json\/wp\/v2\/comfabric?post=5872808"},{"taxonomy":"manufacturer","embeddable":true,"href":"https:\/\/theinvisiblecollection.com\/fr\/wp-json\/wp\/v2\/manufacturer?post=5872808"},{"taxonomy":"reporting_designer","embeddable":true,"href":"https:\/\/theinvisiblecollection.com\/fr\/wp-json\/wp\/v2\/reporting_designer?post=5872808"},{"taxonomy":"samplecomfabric","embeddable":true,"href":"https:\/\/theinvisiblecollection.com\/fr\/wp-json\/wp\/v2\/samplecomfabric?post=5872808"},{"taxonomy":"clubroom_product_designer","embeddable":true,"href":"https:\/\/theinvisiblecollection.com\/fr\/wp-json\/wp\/v2\/designer_clubroom?post=5872808"}],"curies":[{"name":"wp","href":"https:\/\/api.w.org\/{rel}","templated":true}]}}