{"id":5872889,"date":"2025-11-06T10:43:23","date_gmt":"2025-11-06T10:43:23","guid":{"rendered":"https:\/\/theinvisiblecollection.com\/?post_type=product&#038;p=5872889"},"modified":"2026-05-01T07:37:11","modified_gmt":"2026-05-01T07:37:11","slug":"charlotte-biltgen-table-monceau","status":"publish","type":"product","link":"https:\/\/theinvisiblecollection.com\/fr\/produit\/charlotte-biltgen-table-monceau\/","title":{"rendered":"Table Monceau"},"content":{"rendered":"<p class=\"sr-only\"><span style=\"font-size: 16px;\">La <\/span><span style=\"font-size: 16px;\">table Monceau<\/span><span style=\"font-size: 16px;\"> de <\/span><span style=\"font-size: 16px;\">Charlotte Biltgen<\/span><span style=\"font-size: 16px;\"> est un v\u00e9ritable exploit de lignes sinueuses et de motifs captivants. Sa forme apparemment simple est sublim\u00e9e par des cannelures h\u00e9lico\u00efdales en pl\u00e2tre qui parcourent tout le pourtour du pi\u00e8tement, \u00e9voquant la grandeur des colonnes corinthiennes. Ces fines rainures cr\u00e9ent un jeu de lumi\u00e8re magique.<\/span><\/p>\n","protected":false},"excerpt":{"rendered":"<p>Table avec marbre Taj Mahal<br \/>\nBase en pl\u00e2tre, finition lisse<br \/>\nMat\u00e9riaux et dimensions sur-mesure sur demande<\/p>\n<p>\u00d8 80 x H 72 cm<\/p>\n<p>Fabriqu\u00e9e \u00e0 la main en France<br \/>\nD\u00e9lais de fabrication : 10 &#8211; 12 semaines<br \/>\n<span style=\"text-decoration: underline;\"><span class=\"s1\"><a href=\"https:\/\/www.theinvisiblecollection.com\/fr\/demande-de-devis\/?product_id=2024516\" target=\"_blank\" rel=\"noopener\">Contactez-nous pour toute demande de devis ou de renseignements<\/a><\/span><\/span><\/p>\n","protected":false},"featured_media":5873413,"template":"","meta":{"_acf_changed":false,"content-type":"","_themeisle_gutenberg_block_has_review":false},"product_brand":[],"product_cat":[8977,12503],"product_tag":[8855,8955,22790,31477],"product_designer":[8923],"comfabric":[29084],"manufacturer":[16764],"reporting_designer":[37452],"samplecomfabric":[30114],"designer_clubroom":[],"class_list":{"0":"post-5872889","1":"product","2":"type-product","3":"status-publish","4":"has-post-thumbnail","6":"product_cat-tables-salle-a-manger","7":"product_cat-tables-fr","8":"product_tag-table-fr-3","9":"product_tag-table","10":"product_tag-disponible-immediatement","11":"product_tag-st-curvy-fr","12":"product_designer-charlotte-biltgen-fr","13":"comfabric-ame-sarl-fr","14":"manufacturer-ame","15":"reporting_designer-charlotte-biltgen","16":"samplecomfabric-charlotte-biltgen-fr","17":"exhibitions-new-york-fr","19":"first","20":"instock","21":"taxable","22":"shipping-taxable","23":"purchasable","24":"product-type-simple"},"acf":[],"_links":{"self":[{"href":"https:\/\/theinvisiblecollection.com\/fr\/wp-json\/wp\/v2\/product\/5872889","targetHints":{"allow":["GET"]}}],"collection":[{"href":"https:\/\/theinvisiblecollection.com\/fr\/wp-json\/wp\/v2\/product"}],"about":[{"href":"https:\/\/theinvisiblecollection.com\/fr\/wp-json\/wp\/v2\/types\/product"}],"wp:featuredmedia":[{"embeddable":true,"href":"https:\/\/theinvisiblecollection.com\/fr\/wp-json\/wp\/v2\/media\/5873413"}],"wp:attachment":[{"href":"https:\/\/theinvisiblecollection.com\/fr\/wp-json\/wp\/v2\/media?parent=5872889"}],"wp:term":[{"taxonomy":"product_brand","embeddable":true,"href":"https:\/\/theinvisiblecollection.com\/fr\/wp-json\/wp\/v2\/product_brand?post=5872889"},{"taxonomy":"product_cat","embeddable":true,"href":"https:\/\/theinvisiblecollection.com\/fr\/wp-json\/wp\/v2\/product_cat?post=5872889"},{"taxonomy":"product_tag","embeddable":true,"href":"https:\/\/theinvisiblecollection.com\/fr\/wp-json\/wp\/v2\/product_tag?post=5872889"},{"taxonomy":"product_designer","embeddable":true,"href":"https:\/\/theinvisiblecollection.com\/fr\/wp-json\/wp\/v2\/product_designer?post=5872889"},{"taxonomy":"comfabric","embeddable":true,"href":"https:\/\/theinvisiblecollection.com\/fr\/wp-json\/wp\/v2\/comfabric?post=5872889"},{"taxonomy":"manufacturer","embeddable":true,"href":"https:\/\/theinvisiblecollection.com\/fr\/wp-json\/wp\/v2\/manufacturer?post=5872889"},{"taxonomy":"reporting_designer","embeddable":true,"href":"https:\/\/theinvisiblecollection.com\/fr\/wp-json\/wp\/v2\/reporting_designer?post=5872889"},{"taxonomy":"samplecomfabric","embeddable":true,"href":"https:\/\/theinvisiblecollection.com\/fr\/wp-json\/wp\/v2\/samplecomfabric?post=5872889"},{"taxonomy":"clubroom_product_designer","embeddable":true,"href":"https:\/\/theinvisiblecollection.com\/fr\/wp-json\/wp\/v2\/designer_clubroom?post=5872889"}],"curies":[{"name":"wp","href":"https:\/\/api.w.org\/{rel}","templated":true}]}}