{"id":5872891,"date":"2025-11-12T11:08:03","date_gmt":"2025-11-12T11:08:03","guid":{"rendered":"https:\/\/theinvisiblecollection.com\/?post_type=product&#038;p=5872891"},"modified":"2026-05-01T07:37:11","modified_gmt":"2026-05-01T07:37:11","slug":"charlotte-biltgen-console-twin","status":"publish","type":"product","link":"https:\/\/theinvisiblecollection.com\/fr\/produit\/charlotte-biltgen-console-twin\/","title":{"rendered":"Console Twin Marbre Bois"},"content":{"rendered":"<p>Cette collection de mobilier a \u00e9t\u00e9 dessin\u00e9e par Charlotte Biltgen pour un appartement haussmanien parisien. C\u2019est une ligne classique et \u00e9l\u00e9gante avec un souci du d\u00e9tail comme fil rouge : &#8220;J\u2019ai imagin\u00e9 des pi\u00e8ces intemporelles que l\u2019on aurait envie de garder longtemps, des objets rassurants qui nous accompagnent. En r\u00e9sonance au travail d\u2019Eileen Gray et au mouvement moderniste des ann\u00e9es 30, l\u2019\u00e9l\u00e9gance se joue sur un jeu de courbes qui exprime douceur et f\u00e9minit\u00e9, et un ensemble de mati\u00e8res qui permet au travail de la simple forme de donner sophistication, texture et contraste aux diff\u00e9rentes pi\u00e8ces de mobilier. Parfois l\u2019apparition du laiton comme un bijou apporte un \u00e9clat de lumi\u00e8re \u00e0 la mati\u00e8re.&#8221;<\/p>\n","protected":false},"excerpt":{"rendered":"<p>Cette collection de mobilier a \u00e9t\u00e9 dessin\u00e9e par Charlotte Biltgen pour un appartement haussmanien parisien. C\u2019est une ligne classique et \u00e9l\u00e9gante avec un souci du d\u00e9tail comme fil rouge : &#8220;J\u2019ai imagin\u00e9 des pi\u00e8ces intemporelles que l\u2019on aurait envie de garder longtemps, des objets rassurants qui nous accompagnent. En r\u00e9sonance au travail d\u2019Eileen Gray et [&hellip;]<\/p>\n","protected":false},"featured_media":5873493,"template":"","meta":{"_acf_changed":false,"content-type":"","_themeisle_gutenberg_block_has_review":false},"product_brand":[],"product_cat":[7675,12503],"product_tag":[8855,9670,35206],"product_designer":[8923],"comfabric":[],"manufacturer":[16764],"reporting_designer":[37452],"samplecomfabric":[],"designer_clubroom":[],"class_list":{"0":"post-5872891","1":"product","2":"type-product","3":"status-publish","4":"has-post-thumbnail","6":"product_cat-consoles-fr","7":"product_cat-tables-fr","8":"product_tag-table-fr-3","9":"product_tag-console-fr-fr","10":"product_tag-exclusive-fr","11":"product_designer-charlotte-biltgen-fr","12":"manufacturer-ame","13":"reporting_designer-charlotte-biltgen","14":"exhibitions-new-york-fr","16":"first","17":"instock","18":"taxable","19":"shipping-taxable","20":"product-type-simple"},"acf":[],"_links":{"self":[{"href":"https:\/\/theinvisiblecollection.com\/fr\/wp-json\/wp\/v2\/product\/5872891","targetHints":{"allow":["GET"]}}],"collection":[{"href":"https:\/\/theinvisiblecollection.com\/fr\/wp-json\/wp\/v2\/product"}],"about":[{"href":"https:\/\/theinvisiblecollection.com\/fr\/wp-json\/wp\/v2\/types\/product"}],"wp:featuredmedia":[{"embeddable":true,"href":"https:\/\/theinvisiblecollection.com\/fr\/wp-json\/wp\/v2\/media\/5873493"}],"wp:attachment":[{"href":"https:\/\/theinvisiblecollection.com\/fr\/wp-json\/wp\/v2\/media?parent=5872891"}],"wp:term":[{"taxonomy":"product_brand","embeddable":true,"href":"https:\/\/theinvisiblecollection.com\/fr\/wp-json\/wp\/v2\/product_brand?post=5872891"},{"taxonomy":"product_cat","embeddable":true,"href":"https:\/\/theinvisiblecollection.com\/fr\/wp-json\/wp\/v2\/product_cat?post=5872891"},{"taxonomy":"product_tag","embeddable":true,"href":"https:\/\/theinvisiblecollection.com\/fr\/wp-json\/wp\/v2\/product_tag?post=5872891"},{"taxonomy":"product_designer","embeddable":true,"href":"https:\/\/theinvisiblecollection.com\/fr\/wp-json\/wp\/v2\/product_designer?post=5872891"},{"taxonomy":"comfabric","embeddable":true,"href":"https:\/\/theinvisiblecollection.com\/fr\/wp-json\/wp\/v2\/comfabric?post=5872891"},{"taxonomy":"manufacturer","embeddable":true,"href":"https:\/\/theinvisiblecollection.com\/fr\/wp-json\/wp\/v2\/manufacturer?post=5872891"},{"taxonomy":"reporting_designer","embeddable":true,"href":"https:\/\/theinvisiblecollection.com\/fr\/wp-json\/wp\/v2\/reporting_designer?post=5872891"},{"taxonomy":"samplecomfabric","embeddable":true,"href":"https:\/\/theinvisiblecollection.com\/fr\/wp-json\/wp\/v2\/samplecomfabric?post=5872891"},{"taxonomy":"clubroom_product_designer","embeddable":true,"href":"https:\/\/theinvisiblecollection.com\/fr\/wp-json\/wp\/v2\/designer_clubroom?post=5872891"}],"curies":[{"name":"wp","href":"https:\/\/api.w.org\/{rel}","templated":true}]}}