{"id":5873219,"date":"2025-11-10T10:20:57","date_gmt":"2025-11-10T10:20:57","guid":{"rendered":"https:\/\/theinvisiblecollection.com\/?post_type=product&#038;p=5873219"},"modified":"2026-05-01T07:37:11","modified_gmt":"2026-05-01T07:37:11","slug":"maison-integre-applique-zaka","status":"publish","type":"product","link":"https:\/\/theinvisiblecollection.com\/fr\/produit\/maison-integre-applique-zaka\/","title":{"rendered":"Applique Zaka"},"content":{"rendered":"<p>La lampe Zaka s&#8217;inspire de la forme du foyer utilis\u00e9 quotidiennement pour chauffer la cire. Les nombreuses heures pass\u00e9es \u00e0 observer et \u00e0 travailler dans l&#8217;atelier ont inspir\u00e9 l&#8217;id\u00e9e d&#8217;une lampe o\u00f9 la lumi\u00e8re remplace le feu, symbolisant ainsi la cr\u00e9ativit\u00e9 n\u00e9e de ce lieu de travail.<\/p>\n<p>Cette lampe est artisanalement con\u00e7ue au Burkina Faso \u00e0 partir de m\u00e9taux recycl\u00e9s.<\/p>\n","protected":false},"excerpt":{"rendered":"<p>Design par Ambre Jarno<br \/>\nLampe en bronze brut fabriqu\u00e9e \u00e0 la main par des artisans \u00e0 partir de m\u00e9taux recycl\u00e9s<br \/>\n\u00c9galement disponible en finition polie miroir<br \/>\nChaque pi\u00e8ce est unique en raison de sa nature artisanale, les formes et les teintes varient l\u00e9g\u00e8rement<br \/>\n<span style=\"text-decoration: underline;\"><a href=\"https:\/\/theinvisiblecollection.com\/wp-content\/uploads\/2022\/03\/TheInvisibleCollection_MaisonIntegre_FinishesSelection-1.pdf\" target=\"_blank\" rel=\"noopener\">D\u00e9couvrez la s\u00e9lection de finitions ici<\/a><\/span><\/p>\n<p>\u00d8 10 x H 22 cm<\/p>\n<p>Fabriqu\u00e9e \u00e0 la main au Burkina Faso<br \/>\nD\u00e9lais de production : 6 \u2014 10 semaines<\/p>\n<p><span style=\"text-decoration: underline;\"><a href=\"https:\/\/www.theinvisiblecollection.com\/fr\/demande-de-devis\/?product_id=112408\" target=\"_blank\" rel=\"noopener\">Contactez-nous pour toute demande de devis ou de renseignements<\/a><\/span><\/p>\n","protected":false},"featured_media":5873245,"template":"","meta":{"_acf_changed":false,"content-type":"","_themeisle_gutenberg_block_has_review":false},"product_brand":[],"product_cat":[8975,12507],"product_tag":[31477],"product_designer":[8869],"comfabric":[],"manufacturer":[28429],"reporting_designer":[37518],"samplecomfabric":[],"designer_clubroom":[],"class_list":{"0":"post-5873219","1":"product","2":"type-product","3":"status-publish","4":"has-post-thumbnail","6":"product_cat-appliques-murales","7":"product_cat-luminaires","8":"product_tag-st-curvy-fr","9":"pa_finish-brut-fr","10":"pa_finish-poli-miroir-fr","11":"product_designer-maison-integre-fr","12":"manufacturer-maison-intgre-matires-vives-fr","13":"reporting_designer-maison-integre","15":"first","16":"onbackorder","17":"taxable","18":"shipping-taxable","19":"purchasable","20":"product-type-variable"},"acf":[],"_links":{"self":[{"href":"https:\/\/theinvisiblecollection.com\/fr\/wp-json\/wp\/v2\/product\/5873219","targetHints":{"allow":["GET"]}}],"collection":[{"href":"https:\/\/theinvisiblecollection.com\/fr\/wp-json\/wp\/v2\/product"}],"about":[{"href":"https:\/\/theinvisiblecollection.com\/fr\/wp-json\/wp\/v2\/types\/product"}],"wp:featuredmedia":[{"embeddable":true,"href":"https:\/\/theinvisiblecollection.com\/fr\/wp-json\/wp\/v2\/media\/5873245"}],"wp:attachment":[{"href":"https:\/\/theinvisiblecollection.com\/fr\/wp-json\/wp\/v2\/media?parent=5873219"}],"wp:term":[{"taxonomy":"product_brand","embeddable":true,"href":"https:\/\/theinvisiblecollection.com\/fr\/wp-json\/wp\/v2\/product_brand?post=5873219"},{"taxonomy":"product_cat","embeddable":true,"href":"https:\/\/theinvisiblecollection.com\/fr\/wp-json\/wp\/v2\/product_cat?post=5873219"},{"taxonomy":"product_tag","embeddable":true,"href":"https:\/\/theinvisiblecollection.com\/fr\/wp-json\/wp\/v2\/product_tag?post=5873219"},{"taxonomy":"product_designer","embeddable":true,"href":"https:\/\/theinvisiblecollection.com\/fr\/wp-json\/wp\/v2\/product_designer?post=5873219"},{"taxonomy":"comfabric","embeddable":true,"href":"https:\/\/theinvisiblecollection.com\/fr\/wp-json\/wp\/v2\/comfabric?post=5873219"},{"taxonomy":"manufacturer","embeddable":true,"href":"https:\/\/theinvisiblecollection.com\/fr\/wp-json\/wp\/v2\/manufacturer?post=5873219"},{"taxonomy":"reporting_designer","embeddable":true,"href":"https:\/\/theinvisiblecollection.com\/fr\/wp-json\/wp\/v2\/reporting_designer?post=5873219"},{"taxonomy":"samplecomfabric","embeddable":true,"href":"https:\/\/theinvisiblecollection.com\/fr\/wp-json\/wp\/v2\/samplecomfabric?post=5873219"},{"taxonomy":"clubroom_product_designer","embeddable":true,"href":"https:\/\/theinvisiblecollection.com\/fr\/wp-json\/wp\/v2\/designer_clubroom?post=5873219"}],"curies":[{"name":"wp","href":"https:\/\/api.w.org\/{rel}","templated":true}]}}