{"id":5873237,"date":"2025-11-14T12:24:15","date_gmt":"2025-11-14T12:24:15","guid":{"rendered":"https:\/\/theinvisiblecollection.com\/?post_type=product&#038;p=5873237"},"modified":"2026-05-01T07:37:11","modified_gmt":"2026-05-01T07:37:11","slug":"maison-integre-lampe-tole-baby","status":"publish","type":"product","link":"https:\/\/theinvisiblecollection.com\/fr\/produit\/maison-integre-lampe-tole-baby\/","title":{"rendered":"Lampe T\u00f4le Baby"},"content":{"rendered":"<p data-start=\"0\" data-end=\"189\">Marion s\u2019est inspir\u00e9e de son voyage \u00e0 Ouagadougou pour cr\u00e9er cette collection \u00ab T\u00f4le \u00bb. L\u00e0-bas, elle a d\u00e9couvert l\u2019importance et la popularit\u00e9 de ce mat\u00e9riau : la t\u00f4le ondul\u00e9e embl\u00e9matique.<\/p>\n<p data-start=\"191\" data-end=\"461\" data-is-last-node=\"\" data-is-only-node=\"\">La Baby T\u00f4le reprend les ondulations caract\u00e9ristiques de la collection, faisant de la lampe une v\u00e9ritable petite sculpture de lumi\u00e8re. Sa forme \u00e9pur\u00e9e met en valeur la robustesse du bronze et l\u2019\u00e9l\u00e9gance de ses courbes, tout en diffusant une lumi\u00e8re douce et chaleureuse.<\/p>\n","protected":false},"excerpt":{"rendered":"<p>Marion s\u2019est inspir\u00e9e de son voyage \u00e0 Ouagadougou pour cr\u00e9er cette collection \u00ab T\u00f4le \u00bb. L\u00e0-bas, elle a d\u00e9couvert l\u2019importance et la popularit\u00e9 de ce mat\u00e9riau : la t\u00f4le ondul\u00e9e embl\u00e9matique. La Baby T\u00f4le reprend les ondulations caract\u00e9ristiques de la collection, faisant de la lampe une v\u00e9ritable petite sculpture de lumi\u00e8re. Sa forme \u00e9pur\u00e9e met [&hellip;]<\/p>\n","protected":false},"featured_media":5873234,"template":"","meta":{"_acf_changed":false,"content-type":"","_themeisle_gutenberg_block_has_review":false},"product_brand":[],"product_cat":[8974,12507],"product_tag":[9048,9058,9200],"product_designer":[8869],"comfabric":[],"manufacturer":[28429],"reporting_designer":[37518],"samplecomfabric":[],"designer_clubroom":[],"class_list":{"0":"post-5873237","1":"product","2":"type-product","3":"status-publish","4":"has-post-thumbnail","6":"product_cat-lampes-de-table","7":"product_cat-luminaires","8":"product_tag-lampe","9":"product_tag-bronze-fr-2","10":"product_tag-luminaire-fr-2","11":"pa_finish-brut-fr","12":"pa_finish-poli-miroir-fr","13":"product_designer-maison-integre-fr","14":"manufacturer-maison-intgre-matires-vives-fr","15":"reporting_designer-maison-integre","17":"first","18":"instock","19":"taxable","20":"shipping-taxable","21":"purchasable","22":"product-type-variable"},"acf":[],"_links":{"self":[{"href":"https:\/\/theinvisiblecollection.com\/fr\/wp-json\/wp\/v2\/product\/5873237","targetHints":{"allow":["GET"]}}],"collection":[{"href":"https:\/\/theinvisiblecollection.com\/fr\/wp-json\/wp\/v2\/product"}],"about":[{"href":"https:\/\/theinvisiblecollection.com\/fr\/wp-json\/wp\/v2\/types\/product"}],"wp:featuredmedia":[{"embeddable":true,"href":"https:\/\/theinvisiblecollection.com\/fr\/wp-json\/wp\/v2\/media\/5873234"}],"wp:attachment":[{"href":"https:\/\/theinvisiblecollection.com\/fr\/wp-json\/wp\/v2\/media?parent=5873237"}],"wp:term":[{"taxonomy":"product_brand","embeddable":true,"href":"https:\/\/theinvisiblecollection.com\/fr\/wp-json\/wp\/v2\/product_brand?post=5873237"},{"taxonomy":"product_cat","embeddable":true,"href":"https:\/\/theinvisiblecollection.com\/fr\/wp-json\/wp\/v2\/product_cat?post=5873237"},{"taxonomy":"product_tag","embeddable":true,"href":"https:\/\/theinvisiblecollection.com\/fr\/wp-json\/wp\/v2\/product_tag?post=5873237"},{"taxonomy":"product_designer","embeddable":true,"href":"https:\/\/theinvisiblecollection.com\/fr\/wp-json\/wp\/v2\/product_designer?post=5873237"},{"taxonomy":"comfabric","embeddable":true,"href":"https:\/\/theinvisiblecollection.com\/fr\/wp-json\/wp\/v2\/comfabric?post=5873237"},{"taxonomy":"manufacturer","embeddable":true,"href":"https:\/\/theinvisiblecollection.com\/fr\/wp-json\/wp\/v2\/manufacturer?post=5873237"},{"taxonomy":"reporting_designer","embeddable":true,"href":"https:\/\/theinvisiblecollection.com\/fr\/wp-json\/wp\/v2\/reporting_designer?post=5873237"},{"taxonomy":"samplecomfabric","embeddable":true,"href":"https:\/\/theinvisiblecollection.com\/fr\/wp-json\/wp\/v2\/samplecomfabric?post=5873237"},{"taxonomy":"clubroom_product_designer","embeddable":true,"href":"https:\/\/theinvisiblecollection.com\/fr\/wp-json\/wp\/v2\/designer_clubroom?post=5873237"}],"curies":[{"name":"wp","href":"https:\/\/api.w.org\/{rel}","templated":true}]}}