{"id":5873253,"date":"2025-11-10T13:30:31","date_gmt":"2025-11-10T13:30:31","guid":{"rendered":"https:\/\/theinvisiblecollection.com\/?post_type=product&#038;p=5873253"},"modified":"2026-05-01T07:37:11","modified_gmt":"2026-05-01T07:37:11","slug":"maison-integre-applique-tole","status":"publish","type":"product","link":"https:\/\/theinvisiblecollection.com\/fr\/produit\/maison-integre-applique-tole\/","title":{"rendered":"Applique T\u00f4le"},"content":{"rendered":"<p data-start=\"0\" data-end=\"189\">Marion s\u2019est inspir\u00e9e de son voyage \u00e0 Ouagadougou pour cr\u00e9er cette collection \u00ab T\u00f4le \u00bb. L\u00e0-bas, elle a d\u00e9couvert l\u2019importance et la popularit\u00e9 de ce mat\u00e9riau : la t\u00f4le ondul\u00e9e embl\u00e9matique.<\/p>\n<p data-start=\"191\" data-end=\"412\" data-is-last-node=\"\" data-is-only-node=\"\">L\u2019applique T\u00f4le se distingue par la simplicit\u00e9 de sa forme enveloppante, o\u00f9 la t\u00f4le ondul\u00e9e se d\u00e9ploie autour de la lumi\u00e8re. Son discret crochet permet une installation facile tout en pr\u00e9servant l\u2019harmonie du design T\u00f4le.<\/p>\n","protected":false},"excerpt":{"rendered":"<p>Marion s\u2019est inspir\u00e9e de son voyage \u00e0 Ouagadougou pour cr\u00e9er cette collection \u00ab T\u00f4le \u00bb. L\u00e0-bas, elle a d\u00e9couvert l\u2019importance et la popularit\u00e9 de ce mat\u00e9riau : la t\u00f4le ondul\u00e9e embl\u00e9matique. L\u2019applique T\u00f4le se distingue par la simplicit\u00e9 de sa forme enveloppante, o\u00f9 la t\u00f4le ondul\u00e9e se d\u00e9ploie autour de la lumi\u00e8re. Son discret crochet [&hellip;]<\/p>\n","protected":false},"featured_media":5873269,"template":"","meta":{"_acf_changed":false,"content-type":"","_themeisle_gutenberg_block_has_review":false},"product_brand":[],"product_cat":[12507,8975],"product_tag":[9200,22681,22790,31477,9058],"product_designer":[8869],"comfabric":[],"manufacturer":[28429],"reporting_designer":[37518],"samplecomfabric":[],"designer_clubroom":[],"class_list":{"0":"post-5873253","1":"product","2":"type-product","3":"status-publish","4":"has-post-thumbnail","6":"product_cat-luminaires","7":"product_cat-appliques-murales","8":"product_tag-luminaire-fr-2","9":"product_tag-applique-fr-2","10":"product_tag-disponible-immediatement","11":"product_tag-st-curvy-fr","12":"product_tag-bronze-fr-2","13":"pa_finish-brut-fr","14":"pa_finish-poli-miroir-fr","15":"product_designer-maison-integre-fr","16":"manufacturer-maison-intgre-matires-vives-fr","17":"reporting_designer-maison-integre","18":"exhibitions-paris-fr","20":"first","21":"instock","22":"taxable","23":"shipping-taxable","24":"purchasable","25":"product-type-variable"},"acf":[],"_links":{"self":[{"href":"https:\/\/theinvisiblecollection.com\/fr\/wp-json\/wp\/v2\/product\/5873253","targetHints":{"allow":["GET"]}}],"collection":[{"href":"https:\/\/theinvisiblecollection.com\/fr\/wp-json\/wp\/v2\/product"}],"about":[{"href":"https:\/\/theinvisiblecollection.com\/fr\/wp-json\/wp\/v2\/types\/product"}],"wp:featuredmedia":[{"embeddable":true,"href":"https:\/\/theinvisiblecollection.com\/fr\/wp-json\/wp\/v2\/media\/5873269"}],"wp:attachment":[{"href":"https:\/\/theinvisiblecollection.com\/fr\/wp-json\/wp\/v2\/media?parent=5873253"}],"wp:term":[{"taxonomy":"product_brand","embeddable":true,"href":"https:\/\/theinvisiblecollection.com\/fr\/wp-json\/wp\/v2\/product_brand?post=5873253"},{"taxonomy":"product_cat","embeddable":true,"href":"https:\/\/theinvisiblecollection.com\/fr\/wp-json\/wp\/v2\/product_cat?post=5873253"},{"taxonomy":"product_tag","embeddable":true,"href":"https:\/\/theinvisiblecollection.com\/fr\/wp-json\/wp\/v2\/product_tag?post=5873253"},{"taxonomy":"product_designer","embeddable":true,"href":"https:\/\/theinvisiblecollection.com\/fr\/wp-json\/wp\/v2\/product_designer?post=5873253"},{"taxonomy":"comfabric","embeddable":true,"href":"https:\/\/theinvisiblecollection.com\/fr\/wp-json\/wp\/v2\/comfabric?post=5873253"},{"taxonomy":"manufacturer","embeddable":true,"href":"https:\/\/theinvisiblecollection.com\/fr\/wp-json\/wp\/v2\/manufacturer?post=5873253"},{"taxonomy":"reporting_designer","embeddable":true,"href":"https:\/\/theinvisiblecollection.com\/fr\/wp-json\/wp\/v2\/reporting_designer?post=5873253"},{"taxonomy":"samplecomfabric","embeddable":true,"href":"https:\/\/theinvisiblecollection.com\/fr\/wp-json\/wp\/v2\/samplecomfabric?post=5873253"},{"taxonomy":"clubroom_product_designer","embeddable":true,"href":"https:\/\/theinvisiblecollection.com\/fr\/wp-json\/wp\/v2\/designer_clubroom?post=5873253"}],"curies":[{"name":"wp","href":"https:\/\/api.w.org\/{rel}","templated":true}]}}