{"id":5873281,"date":"2025-11-20T14:56:25","date_gmt":"2025-11-20T14:56:25","guid":{"rendered":"https:\/\/theinvisiblecollection.com\/?post_type=product&#038;p=5873281"},"modified":"2026-05-08T04:38:27","modified_gmt":"2026-05-08T04:38:27","slug":"editions-169-tapis-matala","status":"publish","type":"product","link":"https:\/\/theinvisiblecollection.com\/fr\/produit\/editions-169-tapis-matala\/","title":{"rendered":"Tapis Matala"},"content":{"rendered":"<p style=\"text-align: justify;\">N\u00e9e au bord de la mer \u00c9g\u00e9e, KOMMOS est une collection inspir\u00e9e par la lumi\u00e8re brute, les lignes naturelles et le silence min\u00e9ral d\u2019une plage grecque. L\u00e0 o\u00f9 le sable chaud \u00e9pouse les vestiges antiques, o\u00f9 la mer trace des motifs simples et \u00e9ternels, chaque tapis devient un \u00e9cho de cette beaut\u00e9 discr\u00e8te. La lumi\u00e8re, omnipr\u00e9sente, sculpte les mati\u00e8res. Dans cette s\u00e9rie, les couleurs sont volontairement r\u00e9duites \u00e0 l\u2019essentiel : des beiges pierre, des gris salins, des bruns sableux, parfois une trace d\u2019ombre ou de soleil p\u00e2le. Le motif s\u2019efface, le geste reste. La mati\u00e8re parle \u2014 sobrement, doucement. Cette nouvelle collection est r\u00e9alis\u00e9e uniquement avec des mati\u00e8res nobles et naturelles: laine peign\u00e9e de Nouvelle-Z\u00e9lande, soie naturelle, lin, laine feutr\u00e9e et bambou. Ces fibres offrent \u00e0 la fois douceur, r\u00e9sistance et \u00e9l\u00e9gance, et participent \u00e0 la qualit\u00e9 durable et au toucher unique de chaque tapis. KOMMOS est une invitation \u00e0 ralentir. \u00c0 ramener chez soi un fragment de calme, de terre, de mer. Une collection pour les int\u00e9rieurs qui aiment le vide habit\u00e9, l\u2019\u00e9pure habit\u00e9e, la beaut\u00e9 sans bruit.<\/p>\n","protected":false},"excerpt":{"rendered":"<p>N\u00e9e au bord de la mer \u00c9g\u00e9e, KOMMOS est une collection inspir\u00e9e par la lumi\u00e8re brute, les lignes naturelles et le silence min\u00e9ral d\u2019une plage grecque. L\u00e0 o\u00f9 le sable chaud \u00e9pouse les vestiges antiques, o\u00f9 la mer trace des motifs simples et \u00e9ternels, chaque tapis devient un \u00e9cho de cette beaut\u00e9 discr\u00e8te. La lumi\u00e8re, [&hellip;]<\/p>\n","protected":false},"featured_media":5873278,"template":"","meta":{"_acf_changed":false,"content-type":"","_themeisle_gutenberg_block_has_review":false},"product_brand":[],"product_cat":[12540,12541],"product_tag":[9158,10256,22790],"product_designer":[33705],"comfabric":[],"manufacturer":[36528],"reporting_designer":[37314],"samplecomfabric":[],"designer_clubroom":[],"class_list":{"0":"post-5873281","1":"product","2":"type-product","3":"status-publish","4":"has-post-thumbnail","6":"product_cat-tapis-fr","7":"product_cat-tufte-a-la-main","8":"product_tag-tufte-a-la-main","9":"product_tag-tapis-fr-3","10":"product_tag-disponible-immediatement","11":"pa_size-dimensions-standards","12":"pa_size-dimensions-sur-mesure-fr","13":"product_designer-edition-169-fr-fr","14":"manufacturer-dition-1-6-9-fr-pick-up-logaero-services-fr","15":"reporting_designer-edition-169-fr","16":"exhibitions-londres-fr","18":"first","19":"instock","20":"taxable","21":"shipping-taxable","22":"purchasable","23":"product-type-variable"},"acf":[],"_links":{"self":[{"href":"https:\/\/theinvisiblecollection.com\/fr\/wp-json\/wp\/v2\/product\/5873281","targetHints":{"allow":["GET"]}}],"collection":[{"href":"https:\/\/theinvisiblecollection.com\/fr\/wp-json\/wp\/v2\/product"}],"about":[{"href":"https:\/\/theinvisiblecollection.com\/fr\/wp-json\/wp\/v2\/types\/product"}],"wp:featuredmedia":[{"embeddable":true,"href":"https:\/\/theinvisiblecollection.com\/fr\/wp-json\/wp\/v2\/media\/5873278"}],"wp:attachment":[{"href":"https:\/\/theinvisiblecollection.com\/fr\/wp-json\/wp\/v2\/media?parent=5873281"}],"wp:term":[{"taxonomy":"product_brand","embeddable":true,"href":"https:\/\/theinvisiblecollection.com\/fr\/wp-json\/wp\/v2\/product_brand?post=5873281"},{"taxonomy":"product_cat","embeddable":true,"href":"https:\/\/theinvisiblecollection.com\/fr\/wp-json\/wp\/v2\/product_cat?post=5873281"},{"taxonomy":"product_tag","embeddable":true,"href":"https:\/\/theinvisiblecollection.com\/fr\/wp-json\/wp\/v2\/product_tag?post=5873281"},{"taxonomy":"product_designer","embeddable":true,"href":"https:\/\/theinvisiblecollection.com\/fr\/wp-json\/wp\/v2\/product_designer?post=5873281"},{"taxonomy":"comfabric","embeddable":true,"href":"https:\/\/theinvisiblecollection.com\/fr\/wp-json\/wp\/v2\/comfabric?post=5873281"},{"taxonomy":"manufacturer","embeddable":true,"href":"https:\/\/theinvisiblecollection.com\/fr\/wp-json\/wp\/v2\/manufacturer?post=5873281"},{"taxonomy":"reporting_designer","embeddable":true,"href":"https:\/\/theinvisiblecollection.com\/fr\/wp-json\/wp\/v2\/reporting_designer?post=5873281"},{"taxonomy":"samplecomfabric","embeddable":true,"href":"https:\/\/theinvisiblecollection.com\/fr\/wp-json\/wp\/v2\/samplecomfabric?post=5873281"},{"taxonomy":"clubroom_product_designer","embeddable":true,"href":"https:\/\/theinvisiblecollection.com\/fr\/wp-json\/wp\/v2\/designer_clubroom?post=5873281"}],"curies":[{"name":"wp","href":"https:\/\/api.w.org\/{rel}","templated":true}]}}