{"id":5873305,"date":"2025-11-10T14:56:52","date_gmt":"2025-11-10T14:56:52","guid":{"rendered":"https:\/\/theinvisiblecollection.com\/?post_type=product&#038;p=5873305"},"modified":"2026-05-01T07:37:11","modified_gmt":"2026-05-01T07:37:11","slug":"maison-integre-banc-tole","status":"publish","type":"product","link":"https:\/\/theinvisiblecollection.com\/fr\/produit\/maison-integre-banc-tole\/","title":{"rendered":"Banc T\u00f4le"},"content":{"rendered":"<article class=\"text-token-text-primary w-full focus:outline-none [--shadow-height:45px] has-data-writing-block:pointer-events-none has-data-writing-block:-mt-(--shadow-height) has-data-writing-block:pt-(--shadow-height) [&amp;:has([data-writing-block])&gt;*]:pointer-events-auto [content-visibility:auto] supports-[content-visibility:auto]:[contain-intrinsic-size:auto_100lvh] scroll-mt-[calc(var(--header-height)+min(200px,max(70px,20svh)))]\" dir=\"auto\" tabindex=\"-1\" data-turn-id=\"request-WEB:aed7b65e-5b28-4928-8ddc-c8fc9b466a99-0\" data-testid=\"conversation-turn-2\" data-scroll-anchor=\"true\" data-turn=\"assistant\">\n<div class=\"text-base my-auto mx-auto pb-10 [--thread-content-margin:--spacing(4)] thread-sm:[--thread-content-margin:--spacing(6)] thread-lg:[--thread-content-margin:--spacing(16)] px-(--thread-content-margin)\">\n<div class=\"[--thread-content-max-width:40rem] thread-lg:[--thread-content-max-width:48rem] mx-auto max-w-(--thread-content-max-width) flex-1 group\/turn-messages focus-visible:outline-hidden relative flex w-full min-w-0 flex-col agent-turn\" tabindex=\"-1\">\n<div class=\"flex max-w-full flex-col grow\">\n<div class=\"min-h-8 text-message relative flex w-full flex-col items-end gap-2 text-start break-words whitespace-normal [.text-message+&amp;]:mt-1\" dir=\"auto\" data-message-author-role=\"assistant\" data-message-id=\"c2c5e592-fd34-4801-a83d-7563f006ec0e\" data-message-model-slug=\"gpt-5-1\">\n<div class=\"flex w-full flex-col gap-1 empty:hidden first:pt-[1px]\">\n<div class=\"markdown prose dark:prose-invert w-full break-words light markdown-new-styling\">\n<p data-start=\"0\" data-end=\"432\" data-is-last-node=\"\" data-is-only-node=\"\">Marion s\u2019est inspir\u00e9e de son voyage \u00e0 Ouagadougou pour cr\u00e9er cette collection \u00ab T\u00f4le \u00bb. L\u00e0-bas, elle a d\u00e9couvert l\u2019importance et la popularit\u00e9 de ce mat\u00e9riau : la t\u00f4le ondul\u00e9e embl\u00e9matique.<br data-start=\"189\" data-end=\"192\" \/>Le banc T\u00f4le reprend le motif ondulant gr\u00e2ce \u00e0 ses \u00e9l\u00e9ments qui s\u2019accordent harmonieusement avec le tabouret T\u00f4le de la m\u00eame collection. Sa forme refl\u00e8te le rythme de ce mat\u00e9riau, offrant une pr\u00e9sence \u00e0 la fois fonctionnelle et sculpturale.<\/p>\n<\/div>\n<\/div>\n<\/div>\n<\/div>\n<div class=\"z-0 flex min-h-[46px] justify-start\"><\/div>\n<div class=\"mt-3 w-full empty:hidden\">\n<div class=\"text-center\"><\/div>\n<\/div>\n<\/div>\n<\/div>\n<\/article>\n<div class=\"pointer-events-none h-px w-px\" aria-hidden=\"true\" data-edge=\"true\"><\/div>\n","protected":false},"excerpt":{"rendered":"<p>Marion s\u2019est inspir\u00e9e de son voyage \u00e0 Ouagadougou pour cr\u00e9er cette collection \u00ab T\u00f4le \u00bb. L\u00e0-bas, elle a d\u00e9couvert l\u2019importance et la popularit\u00e9 de ce mat\u00e9riau : la t\u00f4le ondul\u00e9e embl\u00e9matique.Le banc T\u00f4le reprend le motif ondulant gr\u00e2ce \u00e0 ses \u00e9l\u00e9ments qui s\u2019accordent harmonieusement avec le tabouret T\u00f4le de la m\u00eame collection. Sa forme refl\u00e8te [&hellip;]<\/p>\n","protected":false},"featured_media":5873317,"template":"","meta":{"_acf_changed":false,"content-type":"","_themeisle_gutenberg_block_has_review":false},"product_brand":[],"product_cat":[8947,12499],"product_tag":[8942,9651,11528,31477],"product_designer":[8869],"comfabric":[],"manufacturer":[28429],"reporting_designer":[37518],"samplecomfabric":[],"designer_clubroom":[],"class_list":{"0":"post-5873305","1":"product","2":"type-product","3":"status-publish","4":"has-post-thumbnail","6":"product_cat-bancs","7":"product_cat-assises","8":"product_tag-assise","9":"product_tag-metal-fr","10":"product_tag-bench","11":"product_tag-st-curvy-fr","12":"pa_finish-brut-fr","13":"pa_finish-poli-miroir-fr","14":"product_designer-maison-integre-fr","15":"manufacturer-maison-intgre-matires-vives-fr","16":"reporting_designer-maison-integre","18":"first","19":"instock","20":"taxable","21":"shipping-taxable","22":"purchasable","23":"product-type-variable"},"acf":[],"_links":{"self":[{"href":"https:\/\/theinvisiblecollection.com\/fr\/wp-json\/wp\/v2\/product\/5873305","targetHints":{"allow":["GET"]}}],"collection":[{"href":"https:\/\/theinvisiblecollection.com\/fr\/wp-json\/wp\/v2\/product"}],"about":[{"href":"https:\/\/theinvisiblecollection.com\/fr\/wp-json\/wp\/v2\/types\/product"}],"wp:featuredmedia":[{"embeddable":true,"href":"https:\/\/theinvisiblecollection.com\/fr\/wp-json\/wp\/v2\/media\/5873317"}],"wp:attachment":[{"href":"https:\/\/theinvisiblecollection.com\/fr\/wp-json\/wp\/v2\/media?parent=5873305"}],"wp:term":[{"taxonomy":"product_brand","embeddable":true,"href":"https:\/\/theinvisiblecollection.com\/fr\/wp-json\/wp\/v2\/product_brand?post=5873305"},{"taxonomy":"product_cat","embeddable":true,"href":"https:\/\/theinvisiblecollection.com\/fr\/wp-json\/wp\/v2\/product_cat?post=5873305"},{"taxonomy":"product_tag","embeddable":true,"href":"https:\/\/theinvisiblecollection.com\/fr\/wp-json\/wp\/v2\/product_tag?post=5873305"},{"taxonomy":"product_designer","embeddable":true,"href":"https:\/\/theinvisiblecollection.com\/fr\/wp-json\/wp\/v2\/product_designer?post=5873305"},{"taxonomy":"comfabric","embeddable":true,"href":"https:\/\/theinvisiblecollection.com\/fr\/wp-json\/wp\/v2\/comfabric?post=5873305"},{"taxonomy":"manufacturer","embeddable":true,"href":"https:\/\/theinvisiblecollection.com\/fr\/wp-json\/wp\/v2\/manufacturer?post=5873305"},{"taxonomy":"reporting_designer","embeddable":true,"href":"https:\/\/theinvisiblecollection.com\/fr\/wp-json\/wp\/v2\/reporting_designer?post=5873305"},{"taxonomy":"samplecomfabric","embeddable":true,"href":"https:\/\/theinvisiblecollection.com\/fr\/wp-json\/wp\/v2\/samplecomfabric?post=5873305"},{"taxonomy":"clubroom_product_designer","embeddable":true,"href":"https:\/\/theinvisiblecollection.com\/fr\/wp-json\/wp\/v2\/designer_clubroom?post=5873305"}],"curies":[{"name":"wp","href":"https:\/\/api.w.org\/{rel}","templated":true}]}}