{"id":5874539,"date":"2025-11-19T18:36:55","date_gmt":"2025-11-19T18:36:55","guid":{"rendered":"https:\/\/theinvisiblecollection.com\/?post_type=product&#038;p=5874539"},"modified":"2026-05-01T07:37:11","modified_gmt":"2026-05-01T07:37:11","slug":"vandra-rugs-tapis-tuva","status":"publish","type":"product","link":"https:\/\/theinvisiblecollection.com\/fr\/produit\/vandra-rugs-tapis-tuva\/","title":{"rendered":"Tapis Tuva Nouveau"},"content":{"rendered":"<p style=\"text-align: justify;\"><span class=\"TextRun SCXW260010665 BCX0\" lang=\"FR-FR\" xml:lang=\"FR-FR\" data-contrast=\"auto\"><span class=\"NormalTextRun SCXW260010665 BCX0\">Le tapis <\/span><span class=\"NormalTextRun SpellingErrorV2Themed SCXW260010665 BCX0\">Tuva<\/span><span class=\"NormalTextRun SCXW260010665 BCX0\"> de <\/span><span class=\"NormalTextRun SpellingErrorV2Themed SCXW260010665 BCX0\">Vandra<\/span> <span class=\"NormalTextRun SpellingErrorV2Themed SCXW260010665 BCX0\">Rugs<\/span><span class=\"NormalTextRun SCXW260010665 BCX0\"> semble \u00e0 la fois ancr\u00e9 et a\u00e9rien. La simplicit\u00e9 des lignes dou<\/span><span class=\"NormalTextRun SCXW260010665 BCX0\">ces<\/span><span class=\"NormalTextRun SCXW260010665 BCX0\"> dans un design terre \u00e0 terre. La cha\u00eene en lin et la trame en coton illustrent les techniques de tradition de tissage, tandis que le motif ondul\u00e9 et la l\u00e9g\u00e8ret\u00e9 des n\u0153uds <\/span><span class=\"NormalTextRun SCXW260010665 BCX0\">rappellent les mouvements de la nature, tout comme si l&#8217;herbe ondulait au vent et des r\u00e9pliques se formaient sur l&#8217;eau.<\/span><\/span><span class=\"EOP SCXW260010665 BCX0\" data-ccp-props=\"{&quot;201341983&quot;:0,&quot;335559740&quot;:259}\">\u00a0<\/span><\/p>\n","protected":false},"excerpt":{"rendered":"<p>Vandra Rugs x Eva Schildt<br \/>\nTapis tiss\u00e9 et tuft\u00e9 \u00e0 la main en fil de laine\u00a0sur cha\u00eene de lin naturel<br \/>\nRev\u00eatement antid\u00e9rapant inclus<br \/>\nDimensions et couleurs sur-mesure sur demande<\/p>\n<p>180 x 280 cm<\/p>\n<p>Fabriqu\u00e9 \u00e0 la main en Europe<br \/>\nD\u00e9lais de fabrication : 14 semaines<\/p>\n<p><span style=\"text-decoration: underline;\"><a href=\"https:\/\/www.theinvisiblecollection.com\/fr\/demande-de-devis\/?product_id=815204\">Contactez-nous pour toute demande de devis ou d&#8217;\u00e9chantillons<\/a><\/span><\/p>\n","protected":false},"featured_media":871576,"template":"","meta":{"_acf_changed":false,"content-type":"","_themeisle_gutenberg_block_has_review":false},"product_brand":[],"product_cat":[17999,12540,12541],"product_tag":[7435],"product_designer":[19108],"comfabric":[],"manufacturer":[19110],"reporting_designer":[37330],"samplecomfabric":[],"designer_clubroom":[],"class_list":{"0":"post-5874539","1":"product","2":"type-product","3":"status-publish","4":"has-post-thumbnail","6":"product_cat-tisses-a-la-main","7":"product_cat-tapis-fr","8":"product_cat-tufte-a-la-main","9":"product_tag-new-in-fr","10":"pa_size-dimensions-standards","11":"pa_size-dimensions-sur-mesure-fr","12":"product_designer-vandra-rugs-fr","13":"manufacturer-sinclair-till-warehouse-fr","14":"reporting_designer-vandra-rugs","16":"first","17":"instock","18":"taxable","19":"shipping-taxable","20":"purchasable","21":"product-type-variable"},"acf":[],"_links":{"self":[{"href":"https:\/\/theinvisiblecollection.com\/fr\/wp-json\/wp\/v2\/product\/5874539","targetHints":{"allow":["GET"]}}],"collection":[{"href":"https:\/\/theinvisiblecollection.com\/fr\/wp-json\/wp\/v2\/product"}],"about":[{"href":"https:\/\/theinvisiblecollection.com\/fr\/wp-json\/wp\/v2\/types\/product"}],"wp:featuredmedia":[{"embeddable":true,"href":"https:\/\/theinvisiblecollection.com\/fr\/wp-json\/wp\/v2\/media\/871576"}],"wp:attachment":[{"href":"https:\/\/theinvisiblecollection.com\/fr\/wp-json\/wp\/v2\/media?parent=5874539"}],"wp:term":[{"taxonomy":"product_brand","embeddable":true,"href":"https:\/\/theinvisiblecollection.com\/fr\/wp-json\/wp\/v2\/product_brand?post=5874539"},{"taxonomy":"product_cat","embeddable":true,"href":"https:\/\/theinvisiblecollection.com\/fr\/wp-json\/wp\/v2\/product_cat?post=5874539"},{"taxonomy":"product_tag","embeddable":true,"href":"https:\/\/theinvisiblecollection.com\/fr\/wp-json\/wp\/v2\/product_tag?post=5874539"},{"taxonomy":"product_designer","embeddable":true,"href":"https:\/\/theinvisiblecollection.com\/fr\/wp-json\/wp\/v2\/product_designer?post=5874539"},{"taxonomy":"comfabric","embeddable":true,"href":"https:\/\/theinvisiblecollection.com\/fr\/wp-json\/wp\/v2\/comfabric?post=5874539"},{"taxonomy":"manufacturer","embeddable":true,"href":"https:\/\/theinvisiblecollection.com\/fr\/wp-json\/wp\/v2\/manufacturer?post=5874539"},{"taxonomy":"reporting_designer","embeddable":true,"href":"https:\/\/theinvisiblecollection.com\/fr\/wp-json\/wp\/v2\/reporting_designer?post=5874539"},{"taxonomy":"samplecomfabric","embeddable":true,"href":"https:\/\/theinvisiblecollection.com\/fr\/wp-json\/wp\/v2\/samplecomfabric?post=5874539"},{"taxonomy":"clubroom_product_designer","embeddable":true,"href":"https:\/\/theinvisiblecollection.com\/fr\/wp-json\/wp\/v2\/designer_clubroom?post=5874539"}],"curies":[{"name":"wp","href":"https:\/\/api.w.org\/{rel}","templated":true}]}}