{"id":5875872,"date":"2025-11-28T12:55:37","date_gmt":"2025-11-28T12:55:37","guid":{"rendered":"https:\/\/theinvisiblecollection.com\/?post_type=product&#038;p=5875872"},"modified":"2026-05-01T07:37:11","modified_gmt":"2026-05-01T07:37:11","slug":"mathieu-gustafsson-commode-the-writer","status":"publish","type":"product","link":"https:\/\/theinvisiblecollection.com\/fr\/produit\/mathieu-gustafsson-commode-the-writer\/","title":{"rendered":"Commode The Writer"},"content":{"rendered":"<p>The Writer est un meuble pour collectionner des dessins, des textes ou d&#8217;autres documents pr\u00e9cieux. Le meuble se ferme avec le stylo pr\u00e9f\u00e9r\u00e9 du propri\u00e9taire. Fabriqu\u00e9 en pin su\u00e9dois s\u00e9lectionn\u00e9 et en cuir de selle su\u00e9dois de premi\u00e8re qualit\u00e9 tann\u00e9 naturellement.<\/p>\n","protected":false},"excerpt":{"rendered":"<p>The Writer est un meuble pour collectionner des dessins, des textes ou d&#8217;autres documents pr\u00e9cieux. Le meuble se ferme avec le stylo pr\u00e9f\u00e9r\u00e9 du propri\u00e9taire. Fabriqu\u00e9 en pin su\u00e9dois s\u00e9lectionn\u00e9 et en cuir de selle su\u00e9dois de premi\u00e8re qualit\u00e9 tann\u00e9 naturellement.<\/p>\n","protected":false},"featured_media":5875850,"template":"","meta":{"_acf_changed":false,"content-type":"","_themeisle_gutenberg_block_has_review":false},"product_brand":[],"product_cat":[8957,12505],"product_tag":[35206],"product_designer":[35901],"comfabric":[],"manufacturer":[35904],"reporting_designer":[37498],"samplecomfabric":[],"designer_clubroom":[],"class_list":{"0":"post-5875872","1":"product","2":"type-product","3":"status-publish","4":"has-post-thumbnail","6":"product_cat-commodes","7":"product_cat-rangements","8":"product_tag-exclusive-fr","9":"product_designer-mathieu-gustafsson-fr","10":"manufacturer-burhult-snickeri-fabrik-mathieu-gustafsson-pick-up-fr","11":"reporting_designer-mathieu-gustafsson","13":"first","14":"instock","15":"taxable","16":"shipping-taxable","17":"purchasable","18":"product-type-variable"},"acf":[],"_links":{"self":[{"href":"https:\/\/theinvisiblecollection.com\/fr\/wp-json\/wp\/v2\/product\/5875872","targetHints":{"allow":["GET"]}}],"collection":[{"href":"https:\/\/theinvisiblecollection.com\/fr\/wp-json\/wp\/v2\/product"}],"about":[{"href":"https:\/\/theinvisiblecollection.com\/fr\/wp-json\/wp\/v2\/types\/product"}],"wp:featuredmedia":[{"embeddable":true,"href":"https:\/\/theinvisiblecollection.com\/fr\/wp-json\/wp\/v2\/media\/5875850"}],"wp:attachment":[{"href":"https:\/\/theinvisiblecollection.com\/fr\/wp-json\/wp\/v2\/media?parent=5875872"}],"wp:term":[{"taxonomy":"product_brand","embeddable":true,"href":"https:\/\/theinvisiblecollection.com\/fr\/wp-json\/wp\/v2\/product_brand?post=5875872"},{"taxonomy":"product_cat","embeddable":true,"href":"https:\/\/theinvisiblecollection.com\/fr\/wp-json\/wp\/v2\/product_cat?post=5875872"},{"taxonomy":"product_tag","embeddable":true,"href":"https:\/\/theinvisiblecollection.com\/fr\/wp-json\/wp\/v2\/product_tag?post=5875872"},{"taxonomy":"product_designer","embeddable":true,"href":"https:\/\/theinvisiblecollection.com\/fr\/wp-json\/wp\/v2\/product_designer?post=5875872"},{"taxonomy":"comfabric","embeddable":true,"href":"https:\/\/theinvisiblecollection.com\/fr\/wp-json\/wp\/v2\/comfabric?post=5875872"},{"taxonomy":"manufacturer","embeddable":true,"href":"https:\/\/theinvisiblecollection.com\/fr\/wp-json\/wp\/v2\/manufacturer?post=5875872"},{"taxonomy":"reporting_designer","embeddable":true,"href":"https:\/\/theinvisiblecollection.com\/fr\/wp-json\/wp\/v2\/reporting_designer?post=5875872"},{"taxonomy":"samplecomfabric","embeddable":true,"href":"https:\/\/theinvisiblecollection.com\/fr\/wp-json\/wp\/v2\/samplecomfabric?post=5875872"},{"taxonomy":"clubroom_product_designer","embeddable":true,"href":"https:\/\/theinvisiblecollection.com\/fr\/wp-json\/wp\/v2\/designer_clubroom?post=5875872"}],"curies":[{"name":"wp","href":"https:\/\/api.w.org\/{rel}","templated":true}]}}