{"id":5876150,"date":"2025-11-25T14:29:23","date_gmt":"2025-11-25T14:29:23","guid":{"rendered":"https:\/\/theinvisiblecollection.com\/?post_type=product&#038;p=5876150"},"modified":"2026-05-01T07:37:11","modified_gmt":"2026-05-01T07:37:11","slug":"mathieu-gustafsson-table-dappoint-slab","status":"publish","type":"product","link":"https:\/\/theinvisiblecollection.com\/fr\/produit\/mathieu-gustafsson-table-dappoint-slab\/","title":{"rendered":"Table D&#8217;appoint Slab"},"content":{"rendered":"<p>Slab est une table d\u2019appoint dot\u00e9e d\u2019une \u00e9paisse incrustation de cuir, inspir\u00e9e des essences de bois exotiques et int\u00e9gr\u00e9e dans une g\u00e9om\u00e9trie \u00e9pur\u00e9e. Elle est fabriqu\u00e9e en pin su\u00e9dois soigneusement s\u00e9lectionn\u00e9 et en cuir de selle su\u00e9dois de premi\u00e8re qualit\u00e9, tann\u00e9 de mani\u00e8re naturelle.<\/p>\n","protected":false},"excerpt":{"rendered":"<p>Slab est une table d\u2019appoint dot\u00e9e d\u2019une \u00e9paisse incrustation de cuir, inspir\u00e9e des essences de bois exotiques et int\u00e9gr\u00e9e dans une g\u00e9om\u00e9trie \u00e9pur\u00e9e. Elle est fabriqu\u00e9e en pin su\u00e9dois soigneusement s\u00e9lectionn\u00e9 et en cuir de selle su\u00e9dois de premi\u00e8re qualit\u00e9, tann\u00e9 de mani\u00e8re naturelle.<\/p>\n","protected":false},"featured_media":5876182,"template":"","meta":{"_acf_changed":false,"content-type":"","_themeisle_gutenberg_block_has_review":false},"product_brand":[],"product_cat":[12332,12503],"product_tag":[35206],"product_designer":[35901],"comfabric":[],"manufacturer":[35904],"reporting_designer":[37497],"samplecomfabric":[],"designer_clubroom":[],"class_list":{"0":"post-5876150","1":"product","2":"type-product","3":"status-publish","4":"has-post-thumbnail","6":"product_cat-tables-dappoint","7":"product_cat-tables-fr","8":"product_tag-exclusive-fr","9":"pa_size-carre-fr","10":"pa_size-rectangulaire-40-x-55-cm","11":"product_designer-mathieu-gustafsson-fr","12":"manufacturer-burhult-snickeri-fabrik-mathieu-gustafsson-pick-up-fr","13":"reporting_designer-mathieu-gustafsson","15":"first","16":"instock","17":"taxable","18":"shipping-taxable","19":"purchasable","20":"product-type-variable"},"acf":[],"_links":{"self":[{"href":"https:\/\/theinvisiblecollection.com\/fr\/wp-json\/wp\/v2\/product\/5876150","targetHints":{"allow":["GET"]}}],"collection":[{"href":"https:\/\/theinvisiblecollection.com\/fr\/wp-json\/wp\/v2\/product"}],"about":[{"href":"https:\/\/theinvisiblecollection.com\/fr\/wp-json\/wp\/v2\/types\/product"}],"wp:featuredmedia":[{"embeddable":true,"href":"https:\/\/theinvisiblecollection.com\/fr\/wp-json\/wp\/v2\/media\/5876182"}],"wp:attachment":[{"href":"https:\/\/theinvisiblecollection.com\/fr\/wp-json\/wp\/v2\/media?parent=5876150"}],"wp:term":[{"taxonomy":"product_brand","embeddable":true,"href":"https:\/\/theinvisiblecollection.com\/fr\/wp-json\/wp\/v2\/product_brand?post=5876150"},{"taxonomy":"product_cat","embeddable":true,"href":"https:\/\/theinvisiblecollection.com\/fr\/wp-json\/wp\/v2\/product_cat?post=5876150"},{"taxonomy":"product_tag","embeddable":true,"href":"https:\/\/theinvisiblecollection.com\/fr\/wp-json\/wp\/v2\/product_tag?post=5876150"},{"taxonomy":"product_designer","embeddable":true,"href":"https:\/\/theinvisiblecollection.com\/fr\/wp-json\/wp\/v2\/product_designer?post=5876150"},{"taxonomy":"comfabric","embeddable":true,"href":"https:\/\/theinvisiblecollection.com\/fr\/wp-json\/wp\/v2\/comfabric?post=5876150"},{"taxonomy":"manufacturer","embeddable":true,"href":"https:\/\/theinvisiblecollection.com\/fr\/wp-json\/wp\/v2\/manufacturer?post=5876150"},{"taxonomy":"reporting_designer","embeddable":true,"href":"https:\/\/theinvisiblecollection.com\/fr\/wp-json\/wp\/v2\/reporting_designer?post=5876150"},{"taxonomy":"samplecomfabric","embeddable":true,"href":"https:\/\/theinvisiblecollection.com\/fr\/wp-json\/wp\/v2\/samplecomfabric?post=5876150"},{"taxonomy":"clubroom_product_designer","embeddable":true,"href":"https:\/\/theinvisiblecollection.com\/fr\/wp-json\/wp\/v2\/designer_clubroom?post=5876150"}],"curies":[{"name":"wp","href":"https:\/\/api.w.org\/{rel}","templated":true}]}}