{"id":5876843,"date":"2025-12-15T10:14:59","date_gmt":"2025-12-15T10:14:59","guid":{"rendered":"https:\/\/theinvisiblecollection.com\/?post_type=product&#038;p=5876843"},"modified":"2026-05-01T07:37:11","modified_gmt":"2026-05-01T07:37:11","slug":"saraha-chirazi-bureau-pachy","status":"publish","type":"product","link":"https:\/\/theinvisiblecollection.com\/fr\/produit\/saraha-chirazi-bureau-pachy\/","title":{"rendered":"Bureau Pachy"},"content":{"rendered":"<p style=\"text-align: justify;\"><span class=\"TextRun SCXW15211416 BCX8\" lang=\"EN-GB\" xml:lang=\"EN-GB\" data-contrast=\"none\"><span class=\"NormalTextRun SCXW15211416 BCX8\">Pachy<\/span><span class=\"NormalTextRun SCXW15211416 BCX8\">\u00a0est un bureau\u00a0<\/span><span class=\"NormalTextRun SCXW15211416 BCX8\">en<\/span><span class=\"NormalTextRun SCXW15211416 BCX8\">\u00a0<\/span><span class=\"NormalTextRun SCXW15211416 BCX8\">ch\u00eane<\/span><span class=\"NormalTextRun SCXW15211416 BCX8\">\u00a0massif\u00a0<\/span><span class=\"NormalTextRun SCXW15211416 BCX8\">dont<\/span><span class=\"NormalTextRun SCXW15211416 BCX8\">\u00a0les\u00a0<\/span><span class=\"NormalTextRun SCXW15211416 BCX8\">pieds<\/span><span class=\"NormalTextRun SCXW15211416 BCX8\">\u00a0<\/span><span class=\"NormalTextRun SCXW15211416 BCX8\">en<\/span><span class=\"NormalTextRun SCXW15211416 BCX8\">\u00a0bronze\u00a0<\/span><span class=\"NormalTextRun SCXW15211416 BCX8\">dor\u00e9s<\/span><span class=\"NormalTextRun SCXW15211416 BCX8\">\u00a0<\/span><span class=\"NormalTextRun SCXW15211416 BCX8\">sont<\/span><span class=\"NormalTextRun SCXW15211416 BCX8\">\u00a0<\/span><span class=\"NormalTextRun SCXW15211416 BCX8\">gain\u00e9s<\/span><span class=\"NormalTextRun SCXW15211416 BCX8\">\u00a0de\u00a0<\/span><span class=\"NormalTextRun SCXW15211416 BCX8\">peau<\/span><span class=\"NormalTextRun SCXW15211416 BCX8\">\u00a0de serpent. Une pi\u00e8ce n\u00e9e entre le S\u00e9n\u00e9gal et la France, les mati\u00e8res\u00a0<\/span><span class=\"NormalTextRun SCXW15211416 BCX8\">dialoguent<\/span><span class=\"NormalTextRun SCXW15211416 BCX8\">, et les\u00a0<\/span><span class=\"NormalTextRun SCXW15211416 BCX8\">gestes<\/span><span class=\"NormalTextRun SCXW15211416 BCX8\">\u00a0se\u00a0<\/span><span class=\"NormalTextRun SCXW15211416 BCX8\">r\u00e9pondent<\/span><span class=\"NormalTextRun SCXW15211416 BCX8\">.\u00a0<\/span><\/span><span class=\"EOP SCXW15211416 BCX8\" data-ccp-props=\"{&quot;134233117&quot;:false,&quot;134233118&quot;:false,&quot;201341983&quot;:0,&quot;335551550&quot;:1,&quot;335551620&quot;:1,&quot;335559685&quot;:0,&quot;335559737&quot;:0,&quot;335559738&quot;:0,&quot;335559739&quot;:0,&quot;335559740&quot;:279}\">\u00a0<\/span><\/p>\n","protected":false},"excerpt":{"rendered":"<p>Pachy\u00a0est un bureau\u00a0en\u00a0ch\u00eane\u00a0massif\u00a0dont\u00a0les\u00a0pieds\u00a0en\u00a0bronze\u00a0dor\u00e9s\u00a0sont\u00a0gain\u00e9s\u00a0de\u00a0peau\u00a0de serpent. Une pi\u00e8ce n\u00e9e entre le S\u00e9n\u00e9gal et la France, les mati\u00e8res\u00a0dialoguent, et les\u00a0gestes\u00a0se\u00a0r\u00e9pondent.\u00a0\u00a0<\/p>\n","protected":false},"featured_media":5880393,"template":"","meta":{"_acf_changed":false,"content-type":"","_themeisle_gutenberg_block_has_review":false},"product_brand":[],"product_cat":[7704,12503],"product_tag":[9639,31476,35206],"product_designer":[36061],"comfabric":[],"manufacturer":[36227],"reporting_designer":[37657],"samplecomfabric":[],"designer_clubroom":[],"class_list":{"0":"post-5876843","1":"product","2":"type-product","3":"status-publish","4":"has-post-thumbnail","6":"product_cat-bureaux-fr","7":"product_cat-tables-fr","8":"product_tag-bureau-fr","9":"product_tag-st-collectible-fr","10":"product_tag-exclusive-fr","11":"pa_finish-bronze-dore-brillant-laque","12":"pa_finish-bronze-noir-naturel","13":"product_designer-sarah-chirazi-fr","14":"manufacturer-sarah-chirazi-bonaventure-touton-fr","15":"reporting_designer-sarah-chirazi","17":"first","18":"instock","19":"taxable","20":"shipping-taxable","21":"purchasable","22":"product-type-variable"},"acf":[],"_links":{"self":[{"href":"https:\/\/theinvisiblecollection.com\/fr\/wp-json\/wp\/v2\/product\/5876843","targetHints":{"allow":["GET"]}}],"collection":[{"href":"https:\/\/theinvisiblecollection.com\/fr\/wp-json\/wp\/v2\/product"}],"about":[{"href":"https:\/\/theinvisiblecollection.com\/fr\/wp-json\/wp\/v2\/types\/product"}],"wp:featuredmedia":[{"embeddable":true,"href":"https:\/\/theinvisiblecollection.com\/fr\/wp-json\/wp\/v2\/media\/5880393"}],"wp:attachment":[{"href":"https:\/\/theinvisiblecollection.com\/fr\/wp-json\/wp\/v2\/media?parent=5876843"}],"wp:term":[{"taxonomy":"product_brand","embeddable":true,"href":"https:\/\/theinvisiblecollection.com\/fr\/wp-json\/wp\/v2\/product_brand?post=5876843"},{"taxonomy":"product_cat","embeddable":true,"href":"https:\/\/theinvisiblecollection.com\/fr\/wp-json\/wp\/v2\/product_cat?post=5876843"},{"taxonomy":"product_tag","embeddable":true,"href":"https:\/\/theinvisiblecollection.com\/fr\/wp-json\/wp\/v2\/product_tag?post=5876843"},{"taxonomy":"product_designer","embeddable":true,"href":"https:\/\/theinvisiblecollection.com\/fr\/wp-json\/wp\/v2\/product_designer?post=5876843"},{"taxonomy":"comfabric","embeddable":true,"href":"https:\/\/theinvisiblecollection.com\/fr\/wp-json\/wp\/v2\/comfabric?post=5876843"},{"taxonomy":"manufacturer","embeddable":true,"href":"https:\/\/theinvisiblecollection.com\/fr\/wp-json\/wp\/v2\/manufacturer?post=5876843"},{"taxonomy":"reporting_designer","embeddable":true,"href":"https:\/\/theinvisiblecollection.com\/fr\/wp-json\/wp\/v2\/reporting_designer?post=5876843"},{"taxonomy":"samplecomfabric","embeddable":true,"href":"https:\/\/theinvisiblecollection.com\/fr\/wp-json\/wp\/v2\/samplecomfabric?post=5876843"},{"taxonomy":"clubroom_product_designer","embeddable":true,"href":"https:\/\/theinvisiblecollection.com\/fr\/wp-json\/wp\/v2\/designer_clubroom?post=5876843"}],"curies":[{"name":"wp","href":"https:\/\/api.w.org\/{rel}","templated":true}]}}