{"id":5876900,"date":"2025-11-28T14:22:59","date_gmt":"2025-11-28T14:22:59","guid":{"rendered":"https:\/\/theinvisiblecollection.com\/?post_type=product&#038;p=5876900"},"modified":"2026-05-01T07:37:08","modified_gmt":"2026-05-01T07:37:08","slug":"sarah-chirazi-table-dappoint-pouly-ii","status":"publish","type":"product","link":"https:\/\/theinvisiblecollection.com\/fr\/produit\/sarah-chirazi-table-dappoint-pouly-ii\/","title":{"rendered":"Table D&#8217;appoint Pouly II"},"content":{"rendered":"<p style=\"text-align: justify;\">La table d\u2019appoint Pouly est moul\u00e9e \u00e0 partir d\u2019anciennes poulies en bois de puits originaires d\u2019Afrique de l\u2019Ouest, incarnant un dialogue entre l\u2019h\u00e9ritage des m\u00e9moires et une esth\u00e9tique contemporaine apport\u00e9e par le bronze.<\/p>\n","protected":false},"excerpt":{"rendered":"<p>La table d\u2019appoint Pouly est moul\u00e9e \u00e0 partir d\u2019anciennes poulies en bois de puits originaires d\u2019Afrique de l\u2019Ouest, incarnant un dialogue entre l\u2019h\u00e9ritage des m\u00e9moires et une esth\u00e9tique contemporaine apport\u00e9e par le bronze.<\/p>\n","protected":false},"featured_media":5876911,"template":"","meta":{"_acf_changed":false,"content-type":"","_themeisle_gutenberg_block_has_review":false},"product_brand":[],"product_cat":[8969,12332,12499,12503,12514],"product_tag":[8942,9275,33319,35206],"product_designer":[36061],"comfabric":[],"manufacturer":[35428],"reporting_designer":[37657],"samplecomfabric":[],"designer_clubroom":[],"class_list":{"0":"post-5876900","1":"product","2":"type-product","3":"status-publish","4":"has-post-thumbnail","6":"product_cat-ottomans-tabourets","7":"product_cat-tables-dappoint","8":"product_cat-assises","9":"product_cat-tables-fr","10":"product_cat-tables-de-chevet","11":"product_tag-assise","12":"product_tag-tabouret-fr-2","13":"product_tag-edition-limitee","14":"product_tag-exclusive-fr","15":"pa_finish-bronze-dore-brillant-laque","16":"pa_finish-bronze-dore-satine","17":"pa_finish-bronze-noir-naturel","18":"product_designer-sarah-chirazi-fr","19":"manufacturer-sarah-chirazi-fr","20":"reporting_designer-sarah-chirazi","22":"first","23":"instock","24":"taxable","25":"shipping-taxable","26":"purchasable","27":"product-type-variable"},"acf":[],"_links":{"self":[{"href":"https:\/\/theinvisiblecollection.com\/fr\/wp-json\/wp\/v2\/product\/5876900","targetHints":{"allow":["GET"]}}],"collection":[{"href":"https:\/\/theinvisiblecollection.com\/fr\/wp-json\/wp\/v2\/product"}],"about":[{"href":"https:\/\/theinvisiblecollection.com\/fr\/wp-json\/wp\/v2\/types\/product"}],"wp:featuredmedia":[{"embeddable":true,"href":"https:\/\/theinvisiblecollection.com\/fr\/wp-json\/wp\/v2\/media\/5876911"}],"wp:attachment":[{"href":"https:\/\/theinvisiblecollection.com\/fr\/wp-json\/wp\/v2\/media?parent=5876900"}],"wp:term":[{"taxonomy":"product_brand","embeddable":true,"href":"https:\/\/theinvisiblecollection.com\/fr\/wp-json\/wp\/v2\/product_brand?post=5876900"},{"taxonomy":"product_cat","embeddable":true,"href":"https:\/\/theinvisiblecollection.com\/fr\/wp-json\/wp\/v2\/product_cat?post=5876900"},{"taxonomy":"product_tag","embeddable":true,"href":"https:\/\/theinvisiblecollection.com\/fr\/wp-json\/wp\/v2\/product_tag?post=5876900"},{"taxonomy":"product_designer","embeddable":true,"href":"https:\/\/theinvisiblecollection.com\/fr\/wp-json\/wp\/v2\/product_designer?post=5876900"},{"taxonomy":"comfabric","embeddable":true,"href":"https:\/\/theinvisiblecollection.com\/fr\/wp-json\/wp\/v2\/comfabric?post=5876900"},{"taxonomy":"manufacturer","embeddable":true,"href":"https:\/\/theinvisiblecollection.com\/fr\/wp-json\/wp\/v2\/manufacturer?post=5876900"},{"taxonomy":"reporting_designer","embeddable":true,"href":"https:\/\/theinvisiblecollection.com\/fr\/wp-json\/wp\/v2\/reporting_designer?post=5876900"},{"taxonomy":"samplecomfabric","embeddable":true,"href":"https:\/\/theinvisiblecollection.com\/fr\/wp-json\/wp\/v2\/samplecomfabric?post=5876900"},{"taxonomy":"clubroom_product_designer","embeddable":true,"href":"https:\/\/theinvisiblecollection.com\/fr\/wp-json\/wp\/v2\/designer_clubroom?post=5876900"}],"curies":[{"name":"wp","href":"https:\/\/api.w.org\/{rel}","templated":true}]}}