{"id":5876996,"date":"2025-11-28T15:22:14","date_gmt":"2025-11-28T15:22:14","guid":{"rendered":"https:\/\/theinvisiblecollection.com\/?post_type=product&#038;p=5876996"},"modified":"2026-05-01T07:37:08","modified_gmt":"2026-05-01T07:37:08","slug":"sarah-chirazi-table-dappoint-tamsih","status":"publish","type":"product","link":"https:\/\/theinvisiblecollection.com\/fr\/produit\/sarah-chirazi-table-dappoint-tamsih\/","title":{"rendered":"Table D&#8217;appoint Tamsih"},"content":{"rendered":"<p style=\"text-align: justify;\">La table Tamsih de Sarah Chirazi est une table d\u2019appoint n\u00e9e d\u2019une volont\u00e9 de pousser plus loin la recherche autour de la peau animale, en particulier celle du crocodile et du graphisme singulier de ses \u00e9cailles.<br aria-hidden=\"true\" \/>R\u00e9interpr\u00e9t\u00e9 dans le bronze, ce motif est grav\u00e9 afin d\u2019en accentuer le relief, que le m\u00e9tal vient magnifier.<br aria-hidden=\"true\" \/>V\u00e9ritable pi\u00e8ce de collection, Tamsih se distingue comme un objet \u00e0 la fois fonctionnel et artistique, \u00e0 la fronti\u00e8re du mobilier et de la sculpture.<\/p>\n","protected":false},"excerpt":{"rendered":"<p>La table Tamsih de Sarah Chirazi est une table d\u2019appoint n\u00e9e d\u2019une volont\u00e9 de pousser plus loin la recherche autour de la peau animale, en particulier celle du crocodile et du graphisme singulier de ses \u00e9cailles.R\u00e9interpr\u00e9t\u00e9 dans le bronze, ce motif est grav\u00e9 afin d\u2019en accentuer le relief, que le m\u00e9tal vient magnifier.V\u00e9ritable pi\u00e8ce de [&hellip;]<\/p>\n","protected":false},"featured_media":5877012,"template":"","meta":{"_acf_changed":false,"content-type":"","_themeisle_gutenberg_block_has_review":false},"product_brand":[],"product_cat":[12332,12503],"product_tag":[35206],"product_designer":[36061],"comfabric":[],"manufacturer":[35428],"reporting_designer":[37657],"samplecomfabric":[],"designer_clubroom":[],"class_list":{"0":"post-5876996","1":"product","2":"type-product","3":"status-publish","4":"has-post-thumbnail","6":"product_cat-tables-dappoint","7":"product_cat-tables-fr","8":"product_tag-exclusive-fr","9":"pa_finish-bronze-dore-satine","10":"pa_finish-bronze-noir-naturel","11":"product_designer-sarah-chirazi-fr","12":"manufacturer-sarah-chirazi-fr","13":"reporting_designer-sarah-chirazi","15":"first","16":"instock","17":"taxable","18":"shipping-taxable","19":"purchasable","20":"product-type-variable"},"acf":[],"_links":{"self":[{"href":"https:\/\/theinvisiblecollection.com\/fr\/wp-json\/wp\/v2\/product\/5876996","targetHints":{"allow":["GET"]}}],"collection":[{"href":"https:\/\/theinvisiblecollection.com\/fr\/wp-json\/wp\/v2\/product"}],"about":[{"href":"https:\/\/theinvisiblecollection.com\/fr\/wp-json\/wp\/v2\/types\/product"}],"wp:featuredmedia":[{"embeddable":true,"href":"https:\/\/theinvisiblecollection.com\/fr\/wp-json\/wp\/v2\/media\/5877012"}],"wp:attachment":[{"href":"https:\/\/theinvisiblecollection.com\/fr\/wp-json\/wp\/v2\/media?parent=5876996"}],"wp:term":[{"taxonomy":"product_brand","embeddable":true,"href":"https:\/\/theinvisiblecollection.com\/fr\/wp-json\/wp\/v2\/product_brand?post=5876996"},{"taxonomy":"product_cat","embeddable":true,"href":"https:\/\/theinvisiblecollection.com\/fr\/wp-json\/wp\/v2\/product_cat?post=5876996"},{"taxonomy":"product_tag","embeddable":true,"href":"https:\/\/theinvisiblecollection.com\/fr\/wp-json\/wp\/v2\/product_tag?post=5876996"},{"taxonomy":"product_designer","embeddable":true,"href":"https:\/\/theinvisiblecollection.com\/fr\/wp-json\/wp\/v2\/product_designer?post=5876996"},{"taxonomy":"comfabric","embeddable":true,"href":"https:\/\/theinvisiblecollection.com\/fr\/wp-json\/wp\/v2\/comfabric?post=5876996"},{"taxonomy":"manufacturer","embeddable":true,"href":"https:\/\/theinvisiblecollection.com\/fr\/wp-json\/wp\/v2\/manufacturer?post=5876996"},{"taxonomy":"reporting_designer","embeddable":true,"href":"https:\/\/theinvisiblecollection.com\/fr\/wp-json\/wp\/v2\/reporting_designer?post=5876996"},{"taxonomy":"samplecomfabric","embeddable":true,"href":"https:\/\/theinvisiblecollection.com\/fr\/wp-json\/wp\/v2\/samplecomfabric?post=5876996"},{"taxonomy":"clubroom_product_designer","embeddable":true,"href":"https:\/\/theinvisiblecollection.com\/fr\/wp-json\/wp\/v2\/designer_clubroom?post=5876996"}],"curies":[{"name":"wp","href":"https:\/\/api.w.org\/{rel}","templated":true}]}}