{"id":5877018,"date":"2025-11-28T15:46:02","date_gmt":"2025-11-28T15:46:02","guid":{"rendered":"https:\/\/theinvisiblecollection.com\/?post_type=product&#038;p=5877018"},"modified":"2026-05-08T04:38:27","modified_gmt":"2026-05-08T04:38:27","slug":"sarah-chirazi-table-dappoint-dogon","status":"publish","type":"product","link":"https:\/\/theinvisiblecollection.com\/fr\/produit\/sarah-chirazi-table-dappoint-dogon\/","title":{"rendered":"Table D&#8217;appoint Dogon"},"content":{"rendered":"<p style=\"text-align: justify;\">I<span class=\"NormalTextRun SpellingErrorV2Themed SCXW188334993 BCX8\">nspir\u00e9e<\/span><span class=\"NormalTextRun SCXW188334993 BCX8\">\u00a0des\u00a0<\/span><span class=\"NormalTextRun SpellingErrorV2Themed SCXW188334993 BCX8\">\u00e9chelles<\/span><span class=\"NormalTextRun SCXW188334993 BCX8\">\u00a0<\/span><span class=\"NormalTextRun SpellingErrorV2Themed SCXW188334993 BCX8\">traditionnelles<\/span><span class=\"NormalTextRun SCXW188334993 BCX8\">\u00a0Dogon, la table\u00a0<\/span><span class=\"NormalTextRun SpellingErrorV2Themed SCXW188334993 BCX8\">d\u2019appoint<\/span><span class=\"NormalTextRun SCXW188334993 BCX8\">\u00a0Dogon\u00a0<\/span><span class=\"NormalTextRun SpellingErrorV2Themed SCXW188334993 BCX8\">puise<\/span><span class=\"NormalTextRun SCXW188334993 BCX8\">\u00a0dans un\u00a0<\/span><span class=\"NormalTextRun SpellingErrorV2Themed SCXW188334993 BCX8\">h\u00e9ritage<\/span><span class=\"NormalTextRun SCXW188334993 BCX8\">\u00a0<\/span><span class=\"NormalTextRun SpellingErrorV2Themed SCXW188334993 BCX8\">culturel<\/span><span class=\"NormalTextRun SCXW188334993 BCX8\">\u00a0ancestral.\u00a0<\/span><span class=\"NormalTextRun SpellingErrorV2Themed SCXW188334993 BCX8\">Fa\u00e7onn\u00e9e<\/span><span class=\"NormalTextRun SCXW188334993 BCX8\">\u00a0\u00e0 la main au S\u00e9n\u00e9gal\u00a0<\/span><span class=\"NormalTextRun SpellingErrorV2Themed SCXW188334993 BCX8\">en<\/span><span class=\"NormalTextRun SCXW188334993 BCX8\">\u00a0bronze noir,\u00a0<\/span><span class=\"NormalTextRun SpellingErrorV2Themed SCXW188334993 BCX8\">elle<\/span><span class=\"NormalTextRun SCXW188334993 BCX8\">\u00a0<\/span><span class=\"NormalTextRun SpellingErrorV2Themed SCXW188334993 BCX8\">incarne<\/span><span class=\"NormalTextRun SCXW188334993 BCX8\">\u00a0<\/span><span class=\"NormalTextRun SpellingErrorV2Themed SCXW188334993 BCX8\">l\u2019alliance<\/span><span class=\"NormalTextRun SCXW188334993 BCX8\">\u00a0<\/span><span class=\"NormalTextRun SpellingErrorV2Themed SCXW188334993 BCX8\">subtile<\/span><span class=\"NormalTextRun SCXW188334993 BCX8\">\u00a0entre\u00a0<\/span><span class=\"NormalTextRun SpellingErrorV2Themed SCXW188334993 BCX8\">l\u00e9g\u00e8ret\u00e9<\/span><span class=\"NormalTextRun SCXW188334993 BCX8\">\u00a0et force brute. Ce\u00a0<\/span><span class=\"NormalTextRun SpellingErrorV2Themed SCXW188334993 BCX8\">contraste<\/span><span class=\"NormalTextRun SCXW188334993 BCX8\">\u00a0entre\u00a0<\/span><span class=\"NormalTextRun SpellingErrorV2Themed SCXW188334993 BCX8\">l\u2019apparence<\/span><span class=\"NormalTextRun SCXW188334993 BCX8\">\u00a0fragile et la\u00a0<\/span><span class=\"NormalTextRun SpellingErrorV2Themed SCXW188334993 BCX8\">r\u00e9alit\u00e9<\/span><span class=\"NormalTextRun SCXW188334993 BCX8\">\u00a0<\/span><span class=\"NormalTextRun SpellingErrorV2Themed SCXW188334993 BCX8\">solide<\/span><span class=\"NormalTextRun SCXW188334993 BCX8\">\u00a0de la mati\u00e8re\u00a0<\/span><span class=\"NormalTextRun SpellingErrorV2Themed SCXW188334993 BCX8\">en<\/span><span class=\"NormalTextRun SCXW188334993 BCX8\">\u00a0fait\u00a0<\/span><span class=\"NormalTextRun SpellingErrorV2Themed SCXW188334993 BCX8\">une<\/span><span class=\"NormalTextRun SCXW188334993 BCX8\">\u00a0pi\u00e8ce intrigante\u00a0<\/span><span class=\"NormalTextRun SpellingErrorV2Themed SCXW188334993 BCX8\">presque<\/span><span class=\"NormalTextRun SCXW188334993 BCX8\">\u00a0<\/span><span class=\"NormalTextRun SpellingErrorV2Themed SCXW188334993 BCX8\">sculpturale<\/span><span class=\"NormalTextRun SCXW188334993 BCX8\">.<\/span><\/p>\n","protected":false},"excerpt":{"rendered":"<p>Inspir\u00e9e\u00a0des\u00a0\u00e9chelles\u00a0traditionnelles\u00a0Dogon, la table\u00a0d\u2019appoint\u00a0Dogon\u00a0puise\u00a0dans un\u00a0h\u00e9ritage\u00a0culturel\u00a0ancestral.\u00a0Fa\u00e7onn\u00e9e\u00a0\u00e0 la main au S\u00e9n\u00e9gal\u00a0en\u00a0bronze noir,\u00a0elle\u00a0incarne\u00a0l\u2019alliance\u00a0subtile\u00a0entre\u00a0l\u00e9g\u00e8ret\u00e9\u00a0et force brute. Ce\u00a0contraste\u00a0entre\u00a0l\u2019apparence\u00a0fragile et la\u00a0r\u00e9alit\u00e9\u00a0solide\u00a0de la mati\u00e8re\u00a0en\u00a0fait\u00a0une\u00a0pi\u00e8ce intrigante\u00a0presque\u00a0sculpturale.<\/p>\n","protected":false},"featured_media":5877032,"template":"","meta":{"_acf_changed":false,"content-type":"","_themeisle_gutenberg_block_has_review":false},"product_brand":[],"product_cat":[12332,12503],"product_tag":[35206,9059],"product_designer":[36061],"comfabric":[],"manufacturer":[35428],"reporting_designer":[37658],"samplecomfabric":[],"designer_clubroom":[],"class_list":{"0":"post-5877018","1":"product","2":"type-product","3":"status-publish","4":"has-post-thumbnail","6":"product_cat-tables-dappoint","7":"product_cat-tables-fr","8":"product_tag-exclusive-fr","9":"product_tag-gueridon-fr-2","10":"pa_finish-bronze-dore-satine","11":"pa_finish-bronze-noir-naturel","12":"product_designer-sarah-chirazi-fr","13":"manufacturer-sarah-chirazi-fr","14":"reporting_designer-sarah-chirazi","16":"first","17":"instock","18":"taxable","19":"shipping-taxable","20":"purchasable","21":"product-type-variable"},"acf":[],"_links":{"self":[{"href":"https:\/\/theinvisiblecollection.com\/fr\/wp-json\/wp\/v2\/product\/5877018","targetHints":{"allow":["GET"]}}],"collection":[{"href":"https:\/\/theinvisiblecollection.com\/fr\/wp-json\/wp\/v2\/product"}],"about":[{"href":"https:\/\/theinvisiblecollection.com\/fr\/wp-json\/wp\/v2\/types\/product"}],"wp:featuredmedia":[{"embeddable":true,"href":"https:\/\/theinvisiblecollection.com\/fr\/wp-json\/wp\/v2\/media\/5877032"}],"wp:attachment":[{"href":"https:\/\/theinvisiblecollection.com\/fr\/wp-json\/wp\/v2\/media?parent=5877018"}],"wp:term":[{"taxonomy":"product_brand","embeddable":true,"href":"https:\/\/theinvisiblecollection.com\/fr\/wp-json\/wp\/v2\/product_brand?post=5877018"},{"taxonomy":"product_cat","embeddable":true,"href":"https:\/\/theinvisiblecollection.com\/fr\/wp-json\/wp\/v2\/product_cat?post=5877018"},{"taxonomy":"product_tag","embeddable":true,"href":"https:\/\/theinvisiblecollection.com\/fr\/wp-json\/wp\/v2\/product_tag?post=5877018"},{"taxonomy":"product_designer","embeddable":true,"href":"https:\/\/theinvisiblecollection.com\/fr\/wp-json\/wp\/v2\/product_designer?post=5877018"},{"taxonomy":"comfabric","embeddable":true,"href":"https:\/\/theinvisiblecollection.com\/fr\/wp-json\/wp\/v2\/comfabric?post=5877018"},{"taxonomy":"manufacturer","embeddable":true,"href":"https:\/\/theinvisiblecollection.com\/fr\/wp-json\/wp\/v2\/manufacturer?post=5877018"},{"taxonomy":"reporting_designer","embeddable":true,"href":"https:\/\/theinvisiblecollection.com\/fr\/wp-json\/wp\/v2\/reporting_designer?post=5877018"},{"taxonomy":"samplecomfabric","embeddable":true,"href":"https:\/\/theinvisiblecollection.com\/fr\/wp-json\/wp\/v2\/samplecomfabric?post=5877018"},{"taxonomy":"clubroom_product_designer","embeddable":true,"href":"https:\/\/theinvisiblecollection.com\/fr\/wp-json\/wp\/v2\/designer_clubroom?post=5877018"}],"curies":[{"name":"wp","href":"https:\/\/api.w.org\/{rel}","templated":true}]}}