{"id":5877169,"date":"2025-12-01T10:10:31","date_gmt":"2025-12-01T10:10:31","guid":{"rendered":"https:\/\/theinvisiblecollection.com\/?post_type=product&#038;p=5877169"},"modified":"2026-05-01T07:37:08","modified_gmt":"2026-05-01T07:37:08","slug":"sarah-chirazi-lampadaire-ii-cornes","status":"publish","type":"product","link":"https:\/\/theinvisiblecollection.com\/fr\/produit\/sarah-chirazi-lampadaire-ii-cornes\/","title":{"rendered":"Lampadaire II Cornes"},"content":{"rendered":"<p style=\"text-align: justify;\"><span class=\"TextRun SCXW152435053 BCX8\" lang=\"EN-GB\" xml:lang=\"EN-GB\" data-contrast=\"none\"><span class=\"NormalTextRun SCXW152435053 BCX8\">Les\u00a0<\/span><span class=\"NormalTextRun SpellingErrorV2Themed SCXW152435053 BCX8\">lampadaires<\/span><span class=\"NormalTextRun SCXW152435053 BCX8\">\u00a0Cornes,\u00a0<\/span><span class=\"NormalTextRun SpellingErrorV2Themed SCXW152435053 BCX8\">r\u00e9alis\u00e9s<\/span><span class=\"NormalTextRun SCXW152435053 BCX8\">\u00a0au S\u00e9n\u00e9gal,\u00a0<\/span><span class=\"NormalTextRun SpellingErrorV2Themed SCXW152435053 BCX8\">associent<\/span><span class=\"NormalTextRun SCXW152435053 BCX8\">\u00a0des\u00a0<\/span><span class=\"NormalTextRun SpellingErrorV2Themed SCXW152435053 BCX8\">cornes<\/span><span class=\"NormalTextRun SCXW152435053 BCX8\">\u00a0de\u00a0<\/span><span class=\"NormalTextRun SpellingErrorV2Themed SCXW152435053 BCX8\">z\u00e9bu<\/span><span class=\"NormalTextRun SCXW152435053 BCX8\">\u00a0<\/span><span class=\"NormalTextRun SpellingErrorV2Themed SCXW152435053 BCX8\">r\u00e9cup\u00e9r\u00e9es<\/span><span class=\"NormalTextRun SCXW152435053 BCX8\">\u00a0\u00e0\u00a0<\/span><span class=\"NormalTextRun SpellingErrorV2Themed SCXW152435053 BCX8\">une<\/span><span class=\"NormalTextRun SCXW152435053 BCX8\">\u00a0structure\u00a0<\/span><span class=\"NormalTextRun SpellingErrorV2Themed SCXW152435053 BCX8\">en<\/span><span class=\"NormalTextRun SCXW152435053 BCX8\"> bronze. <\/span><\/span><span class=\"TextRun SCXW152435053 BCX8\" lang=\"EN-GB\" xml:lang=\"EN-GB\" data-contrast=\"none\"><span class=\"NormalTextRun SCXW152435053 BCX8\">Une pi\u00e8ce brute et\u00a0<\/span><span class=\"NormalTextRun SpellingErrorV2Themed SCXW152435053 BCX8\">majestueuse<\/span><span class=\"NormalTextRun SCXW152435053 BCX8\">,\u00a0<\/span><span class=\"NormalTextRun SpellingErrorV2Themed SCXW152435053 BCX8\">o\u00f9<\/span><span class=\"NormalTextRun SCXW152435053 BCX8\">\u00a0<\/span><span class=\"NormalTextRun SpellingErrorV2Themed SCXW152435053 BCX8\">l\u2019organique<\/span><span class=\"NormalTextRun SCXW152435053 BCX8\">\u00a0rencontre le sculptural.<\/span><\/span><span class=\"EOP SCXW152435053 BCX8\" data-ccp-props=\"{&quot;134233117&quot;:false,&quot;134233118&quot;:false,&quot;201341983&quot;:0,&quot;335551550&quot;:1,&quot;335551620&quot;:1,&quot;335559685&quot;:0,&quot;335559737&quot;:0,&quot;335559738&quot;:0,&quot;335559739&quot;:0,&quot;335559740&quot;:279}\">\u00a0<\/span><\/p>\n","protected":false},"excerpt":{"rendered":"<p>Les\u00a0lampadaires\u00a0Cornes,\u00a0r\u00e9alis\u00e9s\u00a0au S\u00e9n\u00e9gal,\u00a0associent\u00a0des\u00a0cornes\u00a0de\u00a0z\u00e9bu\u00a0r\u00e9cup\u00e9r\u00e9es\u00a0\u00e0\u00a0une\u00a0structure\u00a0en bronze. Une pi\u00e8ce brute et\u00a0majestueuse,\u00a0o\u00f9\u00a0l\u2019organique\u00a0rencontre le sculptural.\u00a0<\/p>\n","protected":false},"featured_media":5877181,"template":"","meta":{"_acf_changed":false,"content-type":"","_themeisle_gutenberg_block_has_review":false},"product_brand":[],"product_cat":[8966,12507],"product_tag":[9038,9200,35206],"product_designer":[36061],"comfabric":[],"manufacturer":[35428],"reporting_designer":[37657],"samplecomfabric":[],"designer_clubroom":[],"class_list":{"0":"post-5877169","1":"product","2":"type-product","3":"status-publish","4":"has-post-thumbnail","6":"product_cat-lampes-sur-pied","7":"product_cat-luminaires","8":"product_tag-lampadaire","9":"product_tag-luminaire-fr-2","10":"product_tag-exclusive-fr","11":"product_designer-sarah-chirazi-fr","12":"manufacturer-sarah-chirazi-fr","13":"reporting_designer-sarah-chirazi","15":"first","16":"instock","17":"taxable","18":"shipping-taxable","19":"purchasable","20":"product-type-simple"},"acf":[],"_links":{"self":[{"href":"https:\/\/theinvisiblecollection.com\/fr\/wp-json\/wp\/v2\/product\/5877169","targetHints":{"allow":["GET"]}}],"collection":[{"href":"https:\/\/theinvisiblecollection.com\/fr\/wp-json\/wp\/v2\/product"}],"about":[{"href":"https:\/\/theinvisiblecollection.com\/fr\/wp-json\/wp\/v2\/types\/product"}],"wp:featuredmedia":[{"embeddable":true,"href":"https:\/\/theinvisiblecollection.com\/fr\/wp-json\/wp\/v2\/media\/5877181"}],"wp:attachment":[{"href":"https:\/\/theinvisiblecollection.com\/fr\/wp-json\/wp\/v2\/media?parent=5877169"}],"wp:term":[{"taxonomy":"product_brand","embeddable":true,"href":"https:\/\/theinvisiblecollection.com\/fr\/wp-json\/wp\/v2\/product_brand?post=5877169"},{"taxonomy":"product_cat","embeddable":true,"href":"https:\/\/theinvisiblecollection.com\/fr\/wp-json\/wp\/v2\/product_cat?post=5877169"},{"taxonomy":"product_tag","embeddable":true,"href":"https:\/\/theinvisiblecollection.com\/fr\/wp-json\/wp\/v2\/product_tag?post=5877169"},{"taxonomy":"product_designer","embeddable":true,"href":"https:\/\/theinvisiblecollection.com\/fr\/wp-json\/wp\/v2\/product_designer?post=5877169"},{"taxonomy":"comfabric","embeddable":true,"href":"https:\/\/theinvisiblecollection.com\/fr\/wp-json\/wp\/v2\/comfabric?post=5877169"},{"taxonomy":"manufacturer","embeddable":true,"href":"https:\/\/theinvisiblecollection.com\/fr\/wp-json\/wp\/v2\/manufacturer?post=5877169"},{"taxonomy":"reporting_designer","embeddable":true,"href":"https:\/\/theinvisiblecollection.com\/fr\/wp-json\/wp\/v2\/reporting_designer?post=5877169"},{"taxonomy":"samplecomfabric","embeddable":true,"href":"https:\/\/theinvisiblecollection.com\/fr\/wp-json\/wp\/v2\/samplecomfabric?post=5877169"},{"taxonomy":"clubroom_product_designer","embeddable":true,"href":"https:\/\/theinvisiblecollection.com\/fr\/wp-json\/wp\/v2\/designer_clubroom?post=5877169"}],"curies":[{"name":"wp","href":"https:\/\/api.w.org\/{rel}","templated":true}]}}