{"id":5877290,"date":"2025-12-01T11:16:22","date_gmt":"2025-12-01T11:16:22","guid":{"rendered":"https:\/\/theinvisiblecollection.com\/?post_type=product&#038;p=5877290"},"modified":"2026-05-08T04:38:27","modified_gmt":"2026-05-08T04:38:27","slug":"sarah-chirazi-table-basse-madmad","status":"publish","type":"product","link":"https:\/\/theinvisiblecollection.com\/fr\/produit\/sarah-chirazi-table-basse-madmad\/","title":{"rendered":"Table Basse Madmad"},"content":{"rendered":"<p style=\"text-align: justify;\"><span class=\"TextRun SCXW239363106 BCX8\" lang=\"EN-GB\" xml:lang=\"EN-GB\" data-contrast=\"none\"><span class=\"NormalTextRun SCXW239363106 BCX8\">La table\u00a0<\/span><span class=\"NormalTextRun SpellingErrorV2Themed SCXW239363106 BCX8\">MadMad<\/span><span class=\"NormalTextRun SCXW239363106 BCX8\">\u00a0a un plateau\u00a0<\/span><span class=\"NormalTextRun SpellingErrorV2Themed SCXW239363106 BCX8\">grav\u00e9<\/span><span class=\"NormalTextRun SCXW239363106 BCX8\">\u00a0\u00e0 la main par un artisan au S\u00e9n\u00e9gal, les\u00a0<\/span><span class=\"NormalTextRun SpellingErrorV2Themed SCXW239363106 BCX8\">stries<\/span><span class=\"NormalTextRun SCXW239363106 BCX8\">\u00a0du\u00a0<\/span><span class=\"NormalTextRun SpellingErrorV2Themed SCXW239363106 BCX8\">bois<\/span><span class=\"NormalTextRun SCXW239363106 BCX8\">\u00a0y\u00a0<\/span><span class=\"NormalTextRun SpellingErrorV2Themed SCXW239363106 BCX8\">sont<\/span><span class=\"NormalTextRun SCXW239363106 BCX8\">\u00a0<\/span><span class=\"NormalTextRun SpellingErrorV2Themed SCXW239363106 BCX8\">sculpt\u00e9es<\/span><span class=\"NormalTextRun SCXW239363106 BCX8\">\u00a0<\/span><span class=\"NormalTextRun SpellingErrorV2Themed SCXW239363106 BCX8\">en<\/span><span class=\"NormalTextRun SCXW239363106 BCX8\">\u00a0<\/span><span class=\"NormalTextRun SpellingErrorV2Themed SCXW239363106 BCX8\">damier<\/span><span class=\"NormalTextRun SCXW239363106 BCX8\">,\u00a0<\/span><span class=\"NormalTextRun SpellingErrorV2Themed SCXW239363106 BCX8\">minutieusement<\/span><span class=\"NormalTextRun SCXW239363106 BCX8\">. Ce long travail\u00a0<\/span><span class=\"NormalTextRun SpellingErrorV2Themed SCXW239363106 BCX8\">donne<\/span><span class=\"NormalTextRun SCXW239363106 BCX8\">\u00a0<\/span><span class=\"NormalTextRun SpellingErrorV2Themed SCXW239363106 BCX8\">ce<\/span><span class=\"NormalTextRun SCXW239363106 BCX8\">\u00a0<\/span><span class=\"NormalTextRun SpellingErrorV2Themed SCXW239363106 BCX8\">caract\u00e8re<\/span><span class=\"NormalTextRun SCXW239363106 BCX8\">\u00a0<\/span><span class=\"NormalTextRun SpellingErrorV2Themed SCXW239363106 BCX8\">si<\/span><span class=\"NormalTextRun SCXW239363106 BCX8\"> unique et vibrant \u00e0 <\/span><span class=\"NormalTextRun SpellingErrorV2Themed SCXW239363106 BCX8\">cette<\/span><span class=\"NormalTextRun SCXW239363106 BCX8\">\u00a0pi\u00e8ce,\u00a0<\/span><span class=\"NormalTextRun SpellingErrorV2Themed SCXW239363106 BCX8\">enhanc\u00e9<\/span><span class=\"NormalTextRun SCXW239363106 BCX8\">\u00a0par\u00a0<\/span><span class=\"NormalTextRun SpellingErrorV2Themed SCXW239363106 BCX8\">ses<\/span><span class=\"NormalTextRun SCXW239363106 BCX8\">\u00a0<\/span><span class=\"NormalTextRun SpellingErrorV2Themed SCXW239363106 BCX8\">pieds<\/span><span class=\"NormalTextRun SCXW239363106 BCX8\">\u00a0<\/span><span class=\"NormalTextRun SpellingErrorV2Themed SCXW239363106 BCX8\">en<\/span><span class=\"NormalTextRun SCXW239363106 BCX8\">\u00a0bronze noir.<\/span><\/span><span class=\"EOP SCXW239363106 BCX8\" data-ccp-props=\"{&quot;134233117&quot;:false,&quot;134233118&quot;:false,&quot;201341983&quot;:0,&quot;335551550&quot;:1,&quot;335551620&quot;:1,&quot;335559685&quot;:0,&quot;335559737&quot;:0,&quot;335559738&quot;:0,&quot;335559739&quot;:0,&quot;335559740&quot;:279}\">\u00a0<\/span><\/p>\n","protected":false},"excerpt":{"rendered":"<p>La table\u00a0MadMad\u00a0a un plateau\u00a0grav\u00e9\u00a0\u00e0 la main par un artisan au S\u00e9n\u00e9gal, les\u00a0stries\u00a0du\u00a0bois\u00a0y\u00a0sont\u00a0sculpt\u00e9es\u00a0en\u00a0damier,\u00a0minutieusement. Ce long travail\u00a0donne\u00a0ce\u00a0caract\u00e8re\u00a0si unique et vibrant \u00e0 cette\u00a0pi\u00e8ce,\u00a0enhanc\u00e9\u00a0par\u00a0ses\u00a0pieds\u00a0en\u00a0bronze noir.\u00a0<\/p>\n","protected":false},"featured_media":5877306,"template":"","meta":{"_acf_changed":false,"content-type":"","_themeisle_gutenberg_block_has_review":false},"product_brand":[],"product_cat":[7509,12503],"product_tag":[35206],"product_designer":[36061],"comfabric":[],"manufacturer":[35428],"reporting_designer":[37657],"samplecomfabric":[],"designer_clubroom":[],"class_list":{"0":"post-5877290","1":"product","2":"type-product","3":"status-publish","4":"has-post-thumbnail","6":"product_cat-tables-basses-dappoint","7":"product_cat-tables-fr","8":"product_tag-exclusive-fr","9":"pa_tabletop-chene-naturel-sculpte-a-la-main","10":"pa_tabletop-chene-noir-teinte-sculpte-a-la-main","11":"product_designer-sarah-chirazi-fr","12":"manufacturer-sarah-chirazi-fr","13":"reporting_designer-sarah-chirazi","15":"first","16":"instock","17":"taxable","18":"shipping-taxable","19":"purchasable","20":"product-type-variable"},"acf":[],"_links":{"self":[{"href":"https:\/\/theinvisiblecollection.com\/fr\/wp-json\/wp\/v2\/product\/5877290","targetHints":{"allow":["GET"]}}],"collection":[{"href":"https:\/\/theinvisiblecollection.com\/fr\/wp-json\/wp\/v2\/product"}],"about":[{"href":"https:\/\/theinvisiblecollection.com\/fr\/wp-json\/wp\/v2\/types\/product"}],"wp:featuredmedia":[{"embeddable":true,"href":"https:\/\/theinvisiblecollection.com\/fr\/wp-json\/wp\/v2\/media\/5877306"}],"wp:attachment":[{"href":"https:\/\/theinvisiblecollection.com\/fr\/wp-json\/wp\/v2\/media?parent=5877290"}],"wp:term":[{"taxonomy":"product_brand","embeddable":true,"href":"https:\/\/theinvisiblecollection.com\/fr\/wp-json\/wp\/v2\/product_brand?post=5877290"},{"taxonomy":"product_cat","embeddable":true,"href":"https:\/\/theinvisiblecollection.com\/fr\/wp-json\/wp\/v2\/product_cat?post=5877290"},{"taxonomy":"product_tag","embeddable":true,"href":"https:\/\/theinvisiblecollection.com\/fr\/wp-json\/wp\/v2\/product_tag?post=5877290"},{"taxonomy":"product_designer","embeddable":true,"href":"https:\/\/theinvisiblecollection.com\/fr\/wp-json\/wp\/v2\/product_designer?post=5877290"},{"taxonomy":"comfabric","embeddable":true,"href":"https:\/\/theinvisiblecollection.com\/fr\/wp-json\/wp\/v2\/comfabric?post=5877290"},{"taxonomy":"manufacturer","embeddable":true,"href":"https:\/\/theinvisiblecollection.com\/fr\/wp-json\/wp\/v2\/manufacturer?post=5877290"},{"taxonomy":"reporting_designer","embeddable":true,"href":"https:\/\/theinvisiblecollection.com\/fr\/wp-json\/wp\/v2\/reporting_designer?post=5877290"},{"taxonomy":"samplecomfabric","embeddable":true,"href":"https:\/\/theinvisiblecollection.com\/fr\/wp-json\/wp\/v2\/samplecomfabric?post=5877290"},{"taxonomy":"clubroom_product_designer","embeddable":true,"href":"https:\/\/theinvisiblecollection.com\/fr\/wp-json\/wp\/v2\/designer_clubroom?post=5877290"}],"curies":[{"name":"wp","href":"https:\/\/api.w.org\/{rel}","templated":true}]}}