{"id":5877330,"date":"2025-12-01T11:36:55","date_gmt":"2025-12-01T11:36:55","guid":{"rendered":"https:\/\/theinvisiblecollection.com\/?post_type=product&#038;p=5877330"},"modified":"2026-05-01T07:37:08","modified_gmt":"2026-05-01T07:37:08","slug":"sarah-chirazi-boite-cornes","status":"publish","type":"product","link":"https:\/\/theinvisiblecollection.com\/fr\/produit\/sarah-chirazi-boite-cornes\/","title":{"rendered":"Bo\u00eete Cornes"},"content":{"rendered":"<p style=\"text-align: justify;\"><span class=\"TextRun SCXW211465870 BCX8\" lang=\"EN-GB\" xml:lang=\"EN-GB\" data-contrast=\"none\"><span class=\"NormalTextRun SCXW211465870 BCX8\">La\u00a0<\/span><span class=\"NormalTextRun SpellingErrorV2Themed SCXW211465870 BCX8\">boite<\/span><span class=\"NormalTextRun SCXW211465870 BCX8\">\u00a0Cornes\u00a0<\/span><span class=\"NormalTextRun SpellingErrorV2Themed SCXW211465870 BCX8\">en<\/span><span class=\"NormalTextRun SCXW211465870 BCX8\">\u00a0<\/span><span class=\"NormalTextRun SpellingErrorV2Themed SCXW211465870 BCX8\">bois<\/span><span class=\"NormalTextRun SCXW211465870 BCX8\">\u00a0de\u00a0<\/span><span class=\"NormalTextRun SpellingErrorV2Themed SCXW211465870 BCX8\">Dimb<\/span><span class=\"NormalTextRun SCXW211465870 BCX8\">\u00a0est\u00a0<\/span><span class=\"NormalTextRun SpellingErrorV2Themed SCXW211465870 BCX8\">grav\u00e9e<\/span><span class=\"NormalTextRun SCXW211465870 BCX8\">\u00a0\u00e0 la main par un artisan au S\u00e9n\u00e9gal, les nervures du\u00a0<\/span><span class=\"NormalTextRun SpellingErrorV2Themed SCXW211465870 BCX8\">bois<\/span><span class=\"NormalTextRun SCXW211465870 BCX8\">\u00a0y\u00a0<\/span><span class=\"NormalTextRun SpellingErrorV2Themed SCXW211465870 BCX8\">sont<\/span><span class=\"NormalTextRun SCXW211465870 BCX8\">\u00a0<\/span><span class=\"NormalTextRun SpellingErrorV2Themed SCXW211465870 BCX8\">sculpt\u00e9es<\/span><span class=\"NormalTextRun SCXW211465870 BCX8\">, et 2\u00a0<\/span><span class=\"NormalTextRun SpellingErrorV2Themed SCXW211465870 BCX8\">cornes<\/span><span class=\"NormalTextRun SCXW211465870 BCX8\">\u00a0<\/span><span class=\"NormalTextRun SpellingErrorV2Themed SCXW211465870 BCX8\">en<\/span><span class=\"NormalTextRun SCXW211465870 BCX8\">\u00a0bronze noir font figures de\u00a0<\/span><span class=\"NormalTextRun SpellingErrorV2Themed SCXW211465870 BCX8\">poign\u00e9es<\/span><span class=\"NormalTextRun SCXW211465870 BCX8\">.\u00a0<\/span><span class=\"NormalTextRun SpellingErrorV2Themed SCXW211465870 BCX8\">Mysticisme<\/span><span class=\"NormalTextRun SCXW211465870 BCX8\">\u00a0et tradition de\u00a0<\/span><span class=\"NormalTextRun SpellingErrorV2Themed SCXW211465870 BCX8\">l&#8217;objet<\/span><span class=\"NormalTextRun SCXW211465870 BCX8\">\u00a0<\/span><span class=\"NormalTextRun SpellingErrorV2Themed SCXW211465870 BCX8\">en<\/span><span class=\"NormalTextRun SCXW211465870 BCX8\">\u00a0font\u00a0<\/span><span class=\"NormalTextRun SpellingErrorV2Themed SCXW211465870 BCX8\">une<\/span><span class=\"NormalTextRun SCXW211465870 BCX8\">\u00a0pi\u00e8ce unique.<\/span><\/span><span class=\"EOP SCXW211465870 BCX8\" data-ccp-props=\"{&quot;134233117&quot;:false,&quot;134233118&quot;:false,&quot;201341983&quot;:0,&quot;335551550&quot;:1,&quot;335551620&quot;:1,&quot;335559685&quot;:0,&quot;335559737&quot;:0,&quot;335559738&quot;:0,&quot;335559739&quot;:0,&quot;335559740&quot;:279}\">\u00a0<\/span><\/p>\n","protected":false},"excerpt":{"rendered":"<p>La\u00a0boite\u00a0Cornes\u00a0en\u00a0bois\u00a0de\u00a0Dimb\u00a0est\u00a0grav\u00e9e\u00a0\u00e0 la main par un artisan au S\u00e9n\u00e9gal, les nervures du\u00a0bois\u00a0y\u00a0sont\u00a0sculpt\u00e9es, et 2\u00a0cornes\u00a0en\u00a0bronze noir font figures de\u00a0poign\u00e9es.\u00a0Mysticisme\u00a0et tradition de\u00a0l&#8217;objet\u00a0en\u00a0font\u00a0une\u00a0pi\u00e8ce unique.\u00a0<\/p>\n","protected":false},"featured_media":5877341,"template":"","meta":{"_acf_changed":false,"content-type":"","_themeisle_gutenberg_block_has_review":false},"product_brand":[],"product_cat":[7517,12528,12531],"product_tag":[9171,9423,35206],"product_designer":[36061],"comfabric":[],"manufacturer":[35428],"reporting_designer":[37658],"samplecomfabric":[],"designer_clubroom":[],"class_list":{"0":"post-5877330","1":"product","2":"type-product","3":"status-publish","4":"has-post-thumbnail","6":"product_cat-deco-fr","7":"product_cat-boites","8":"product_cat-objets-de-decoration","9":"product_tag-boite","10":"product_tag-storage","11":"product_tag-exclusive-fr","12":"product_designer-sarah-chirazi-fr","13":"manufacturer-sarah-chirazi-fr","14":"reporting_designer-sarah-chirazi","16":"first","17":"instock","18":"taxable","19":"shipping-taxable","20":"purchasable","21":"product-type-simple"},"acf":[],"_links":{"self":[{"href":"https:\/\/theinvisiblecollection.com\/fr\/wp-json\/wp\/v2\/product\/5877330","targetHints":{"allow":["GET"]}}],"collection":[{"href":"https:\/\/theinvisiblecollection.com\/fr\/wp-json\/wp\/v2\/product"}],"about":[{"href":"https:\/\/theinvisiblecollection.com\/fr\/wp-json\/wp\/v2\/types\/product"}],"wp:featuredmedia":[{"embeddable":true,"href":"https:\/\/theinvisiblecollection.com\/fr\/wp-json\/wp\/v2\/media\/5877341"}],"wp:attachment":[{"href":"https:\/\/theinvisiblecollection.com\/fr\/wp-json\/wp\/v2\/media?parent=5877330"}],"wp:term":[{"taxonomy":"product_brand","embeddable":true,"href":"https:\/\/theinvisiblecollection.com\/fr\/wp-json\/wp\/v2\/product_brand?post=5877330"},{"taxonomy":"product_cat","embeddable":true,"href":"https:\/\/theinvisiblecollection.com\/fr\/wp-json\/wp\/v2\/product_cat?post=5877330"},{"taxonomy":"product_tag","embeddable":true,"href":"https:\/\/theinvisiblecollection.com\/fr\/wp-json\/wp\/v2\/product_tag?post=5877330"},{"taxonomy":"product_designer","embeddable":true,"href":"https:\/\/theinvisiblecollection.com\/fr\/wp-json\/wp\/v2\/product_designer?post=5877330"},{"taxonomy":"comfabric","embeddable":true,"href":"https:\/\/theinvisiblecollection.com\/fr\/wp-json\/wp\/v2\/comfabric?post=5877330"},{"taxonomy":"manufacturer","embeddable":true,"href":"https:\/\/theinvisiblecollection.com\/fr\/wp-json\/wp\/v2\/manufacturer?post=5877330"},{"taxonomy":"reporting_designer","embeddable":true,"href":"https:\/\/theinvisiblecollection.com\/fr\/wp-json\/wp\/v2\/reporting_designer?post=5877330"},{"taxonomy":"samplecomfabric","embeddable":true,"href":"https:\/\/theinvisiblecollection.com\/fr\/wp-json\/wp\/v2\/samplecomfabric?post=5877330"},{"taxonomy":"clubroom_product_designer","embeddable":true,"href":"https:\/\/theinvisiblecollection.com\/fr\/wp-json\/wp\/v2\/designer_clubroom?post=5877330"}],"curies":[{"name":"wp","href":"https:\/\/api.w.org\/{rel}","templated":true}]}}