{"id":5877729,"date":"2025-12-02T10:09:13","date_gmt":"2025-12-02T10:09:13","guid":{"rendered":"https:\/\/theinvisiblecollection.com\/?post_type=product&#038;p=5877729"},"modified":"2026-05-01T07:37:08","modified_gmt":"2026-05-01T07:37:08","slug":"sarah-chirazi-applique-asper","status":"publish","type":"product","link":"https:\/\/theinvisiblecollection.com\/fr\/produit\/sarah-chirazi-applique-asper\/","title":{"rendered":"Applique Asper"},"content":{"rendered":"<p style=\"text-align: justify;\"><span class=\"TextRun SCXW118149587 BCX8\" lang=\"EN-GB\" xml:lang=\"EN-GB\" data-contrast=\"none\"><span class=\"NormalTextRun SpellingErrorV2Themed SCXW118149587 BCX8\">Compos\u00e9e<\/span><span class=\"NormalTextRun SCXW118149587 BCX8\">\u00a0d&#8217;un demi-<\/span><span class=\"NormalTextRun SpellingErrorV2Themed SCXW118149587 BCX8\">cylindre<\/span><span class=\"NormalTextRun SCXW118149587 BCX8\">\u00a0<\/span><span class=\"NormalTextRun SpellingErrorV2Themed SCXW118149587 BCX8\">en<\/span><span class=\"NormalTextRun SCXW118149587 BCX8\">\u00a0<\/span><span class=\"NormalTextRun SpellingErrorV2Themed SCXW118149587 BCX8\">pl\u00e2tre<\/span><span class=\"NormalTextRun SCXW118149587 BCX8\">\u00a0<\/span><span class=\"NormalTextRun SpellingErrorV2Themed SCXW118149587 BCX8\">enrob\u00e9<\/span><span class=\"NormalTextRun SCXW118149587 BCX8\">\u00a0<\/span><span class=\"NormalTextRun SpellingErrorV2Themed SCXW118149587 BCX8\">d&#8217;une<\/span><span class=\"NormalTextRun SCXW118149587 BCX8\">\u00a0belle botte\u00a0<\/span><span class=\"NormalTextRun SpellingErrorV2Themed SCXW118149587 BCX8\">d&#8217;asperges<\/span><span class=\"NormalTextRun SCXW118149587 BCX8\">\u00a0<\/span><span class=\"NormalTextRun SpellingErrorV2Themed SCXW118149587 BCX8\">en<\/span><span class=\"NormalTextRun SCXW118149587 BCX8\">\u00a0bronze,\u00a0<\/span><span class=\"NormalTextRun SpellingErrorV2Themed SCXW118149587 BCX8\">l&#8217;applique<\/span><span class=\"NormalTextRun SCXW118149587 BCX8\">\u00a0Asper, premi\u00e8re\u00a0<\/span><span class=\"NormalTextRun SpellingErrorV2Themed SCXW118149587 BCX8\">cr\u00e9ation<\/span><span class=\"NormalTextRun SCXW118149587 BCX8\">\u00a0<\/span><span class=\"NormalTextRun SpellingErrorV2Themed SCXW118149587 BCX8\">mara\u00eech\u00e8re<\/span><span class=\"NormalTextRun SCXW118149587 BCX8\">,\u00a0<\/span><span class=\"NormalTextRun SpellingErrorV2Themed SCXW118149587 BCX8\">initie<\/span><span class=\"NormalTextRun SCXW118149587 BCX8\">\u00a0toute\u00a0<\/span><span class=\"NormalTextRun SpellingErrorV2Themed SCXW118149587 BCX8\">une<\/span><span class=\"NormalTextRun SCXW118149587 BCX8\">\u00a0<\/span><span class=\"NormalTextRun SpellingErrorV2Themed SCXW118149587 BCX8\">s\u00e9rie<\/span><span class=\"NormalTextRun SCXW118149587 BCX8\">\u00a0<\/span><span class=\"NormalTextRun SpellingErrorV2Themed SCXW118149587 BCX8\">fabriqu\u00e9e<\/span><span class=\"NormalTextRun SCXW118149587 BCX8\">\u00a0par le\u00a0<\/span><span class=\"NormalTextRun SpellingErrorV2Themed SCXW118149587 BCX8\">m\u00eame<\/span><span class=\"NormalTextRun SCXW118149587 BCX8\">\u00a0artisan au S\u00e9n\u00e9gal.\u00a0<\/span><span class=\"NormalTextRun SpellingErrorV2Themed SCXW118149587 BCX8\">L\u2019id\u00e9e<\/span><span class=\"NormalTextRun SCXW118149587 BCX8\"> est n\u00e9e, <\/span><span class=\"NormalTextRun SpellingErrorV2Themed SCXW118149587 BCX8\">inspir\u00e9<\/span><span class=\"NormalTextRun SCXW118149587 BCX8\">\u00a0par un plat de service \u00e0 asperges\u00a0<\/span><span class=\"NormalTextRun SpellingErrorV2Themed SCXW118149587 BCX8\">en<\/span><span class=\"NormalTextRun SCXW118149587 BCX8\">\u00a0barbotine de ma m\u00e8re.<\/span><\/span><span class=\"EOP SCXW118149587 BCX8\" data-ccp-props=\"{&quot;134233117&quot;:false,&quot;134233118&quot;:false,&quot;201341983&quot;:0,&quot;335551550&quot;:1,&quot;335551620&quot;:1,&quot;335559685&quot;:0,&quot;335559737&quot;:0,&quot;335559738&quot;:0,&quot;335559739&quot;:0,&quot;335559740&quot;:279}\">\u00a0<\/span><\/p>\n","protected":false},"excerpt":{"rendered":"<p>Compos\u00e9e\u00a0d&#8217;un demi-cylindre\u00a0en\u00a0pl\u00e2tre\u00a0enrob\u00e9\u00a0d&#8217;une\u00a0belle botte\u00a0d&#8217;asperges\u00a0en\u00a0bronze,\u00a0l&#8217;applique\u00a0Asper, premi\u00e8re\u00a0cr\u00e9ation\u00a0mara\u00eech\u00e8re,\u00a0initie\u00a0toute\u00a0une\u00a0s\u00e9rie\u00a0fabriqu\u00e9e\u00a0par le\u00a0m\u00eame\u00a0artisan au S\u00e9n\u00e9gal.\u00a0L\u2019id\u00e9e est n\u00e9e, inspir\u00e9\u00a0par un plat de service \u00e0 asperges\u00a0en\u00a0barbotine de ma m\u00e8re.\u00a0<\/p>\n","protected":false},"featured_media":5877737,"template":"","meta":{"_acf_changed":false,"content-type":"","_themeisle_gutenberg_block_has_review":false},"product_brand":[],"product_cat":[8975,12507],"product_tag":[9058,9785,35206],"product_designer":[36061],"comfabric":[],"manufacturer":[36233],"reporting_designer":[37658],"samplecomfabric":[],"designer_clubroom":[],"class_list":{"0":"post-5877729","1":"product","2":"type-product","3":"status-publish","4":"has-post-thumbnail","6":"product_cat-appliques-murales","7":"product_cat-luminaires","8":"product_tag-bronze-fr-2","9":"product_tag-platre","10":"product_tag-exclusive-fr","11":"pa_choice-bronze-dore-incrustes","12":"pa_choice-platre-incrustes","13":"product_designer-sarah-chirazi-fr","14":"manufacturer-sarah-chirazi-pick-up-erwan-de-rengerv-fr","15":"reporting_designer-sarah-chirazi","17":"first","18":"instock","19":"taxable","20":"shipping-taxable","21":"purchasable","22":"product-type-variable"},"acf":[],"_links":{"self":[{"href":"https:\/\/theinvisiblecollection.com\/fr\/wp-json\/wp\/v2\/product\/5877729","targetHints":{"allow":["GET"]}}],"collection":[{"href":"https:\/\/theinvisiblecollection.com\/fr\/wp-json\/wp\/v2\/product"}],"about":[{"href":"https:\/\/theinvisiblecollection.com\/fr\/wp-json\/wp\/v2\/types\/product"}],"wp:featuredmedia":[{"embeddable":true,"href":"https:\/\/theinvisiblecollection.com\/fr\/wp-json\/wp\/v2\/media\/5877737"}],"wp:attachment":[{"href":"https:\/\/theinvisiblecollection.com\/fr\/wp-json\/wp\/v2\/media?parent=5877729"}],"wp:term":[{"taxonomy":"product_brand","embeddable":true,"href":"https:\/\/theinvisiblecollection.com\/fr\/wp-json\/wp\/v2\/product_brand?post=5877729"},{"taxonomy":"product_cat","embeddable":true,"href":"https:\/\/theinvisiblecollection.com\/fr\/wp-json\/wp\/v2\/product_cat?post=5877729"},{"taxonomy":"product_tag","embeddable":true,"href":"https:\/\/theinvisiblecollection.com\/fr\/wp-json\/wp\/v2\/product_tag?post=5877729"},{"taxonomy":"product_designer","embeddable":true,"href":"https:\/\/theinvisiblecollection.com\/fr\/wp-json\/wp\/v2\/product_designer?post=5877729"},{"taxonomy":"comfabric","embeddable":true,"href":"https:\/\/theinvisiblecollection.com\/fr\/wp-json\/wp\/v2\/comfabric?post=5877729"},{"taxonomy":"manufacturer","embeddable":true,"href":"https:\/\/theinvisiblecollection.com\/fr\/wp-json\/wp\/v2\/manufacturer?post=5877729"},{"taxonomy":"reporting_designer","embeddable":true,"href":"https:\/\/theinvisiblecollection.com\/fr\/wp-json\/wp\/v2\/reporting_designer?post=5877729"},{"taxonomy":"samplecomfabric","embeddable":true,"href":"https:\/\/theinvisiblecollection.com\/fr\/wp-json\/wp\/v2\/samplecomfabric?post=5877729"},{"taxonomy":"clubroom_product_designer","embeddable":true,"href":"https:\/\/theinvisiblecollection.com\/fr\/wp-json\/wp\/v2\/designer_clubroom?post=5877729"}],"curies":[{"name":"wp","href":"https:\/\/api.w.org\/{rel}","templated":true}]}}