{"id":5878363,"date":"2025-12-02T11:55:39","date_gmt":"2025-12-02T11:55:39","guid":{"rendered":"https:\/\/theinvisiblecollection.com\/?post_type=product&#038;p=5878363"},"modified":"2026-05-01T07:37:08","modified_gmt":"2026-05-01T07:37:08","slug":"sarah-chirazi-poignee-fig","status":"publish","type":"product","link":"https:\/\/theinvisiblecollection.com\/fr\/produit\/sarah-chirazi-poignee-fig\/","title":{"rendered":"Poign\u00e9e Fig"},"content":{"rendered":"<p>Ma\u00efs, poireaux, gombos et autres aubergines s\u00e9n\u00e9galaises, moul\u00e9s \u00e0 partir de vrais l\u00e9gumes du grand march\u00e9 de Dakar, se font poign\u00e9es de bronze. L\u2019univers de sa cuisine, v\u00e9ritable ode potag\u00e8re, d\u00e9voile son obsession surprenante pour les l\u00e9gumes en tous genres. Poireau ou ma\u00efs coup\u00e9s en deux apportent une fantaisie, une invitation \u00e0 jouer avec la nature transform\u00e9e.<\/p>\n","protected":false},"excerpt":{"rendered":"<p>Ma\u00efs, poireaux, gombos et autres aubergines s\u00e9n\u00e9galaises, moul\u00e9s \u00e0 partir de vrais l\u00e9gumes du grand march\u00e9 de Dakar, se font poign\u00e9es de bronze. L\u2019univers de sa cuisine, v\u00e9ritable ode potag\u00e8re, d\u00e9voile son obsession surprenante pour les l\u00e9gumes en tous genres. Poireau ou ma\u00efs coup\u00e9s en deux apportent une fantaisie, une invitation \u00e0 jouer avec la [&hellip;]<\/p>\n","protected":false},"featured_media":5878382,"template":"","meta":{"_acf_changed":false,"content-type":"","_themeisle_gutenberg_block_has_review":false},"product_brand":[],"product_cat":[7517,12531,19990],"product_tag":[8994,9058,35206],"product_designer":[36061],"comfabric":[],"manufacturer":[35428],"reporting_designer":[37658],"samplecomfabric":[],"designer_clubroom":[],"class_list":{"0":"post-5878363","1":"product","2":"type-product","3":"status-publish","4":"has-post-thumbnail","6":"product_cat-deco-fr","7":"product_cat-objets-de-decoration","8":"product_cat-accessoires-de-cuisine","9":"product_tag-dore","10":"product_tag-bronze-fr-2","11":"product_tag-exclusive-fr","12":"pa_size-moyen-fr","13":"pa_size-petit-fr","14":"product_designer-sarah-chirazi-fr","15":"manufacturer-sarah-chirazi-fr","16":"reporting_designer-sarah-chirazi","18":"first","19":"instock","20":"taxable","21":"shipping-taxable","22":"purchasable","23":"product-type-variable"},"acf":[],"_links":{"self":[{"href":"https:\/\/theinvisiblecollection.com\/fr\/wp-json\/wp\/v2\/product\/5878363","targetHints":{"allow":["GET"]}}],"collection":[{"href":"https:\/\/theinvisiblecollection.com\/fr\/wp-json\/wp\/v2\/product"}],"about":[{"href":"https:\/\/theinvisiblecollection.com\/fr\/wp-json\/wp\/v2\/types\/product"}],"wp:featuredmedia":[{"embeddable":true,"href":"https:\/\/theinvisiblecollection.com\/fr\/wp-json\/wp\/v2\/media\/5878382"}],"wp:attachment":[{"href":"https:\/\/theinvisiblecollection.com\/fr\/wp-json\/wp\/v2\/media?parent=5878363"}],"wp:term":[{"taxonomy":"product_brand","embeddable":true,"href":"https:\/\/theinvisiblecollection.com\/fr\/wp-json\/wp\/v2\/product_brand?post=5878363"},{"taxonomy":"product_cat","embeddable":true,"href":"https:\/\/theinvisiblecollection.com\/fr\/wp-json\/wp\/v2\/product_cat?post=5878363"},{"taxonomy":"product_tag","embeddable":true,"href":"https:\/\/theinvisiblecollection.com\/fr\/wp-json\/wp\/v2\/product_tag?post=5878363"},{"taxonomy":"product_designer","embeddable":true,"href":"https:\/\/theinvisiblecollection.com\/fr\/wp-json\/wp\/v2\/product_designer?post=5878363"},{"taxonomy":"comfabric","embeddable":true,"href":"https:\/\/theinvisiblecollection.com\/fr\/wp-json\/wp\/v2\/comfabric?post=5878363"},{"taxonomy":"manufacturer","embeddable":true,"href":"https:\/\/theinvisiblecollection.com\/fr\/wp-json\/wp\/v2\/manufacturer?post=5878363"},{"taxonomy":"reporting_designer","embeddable":true,"href":"https:\/\/theinvisiblecollection.com\/fr\/wp-json\/wp\/v2\/reporting_designer?post=5878363"},{"taxonomy":"samplecomfabric","embeddable":true,"href":"https:\/\/theinvisiblecollection.com\/fr\/wp-json\/wp\/v2\/samplecomfabric?post=5878363"},{"taxonomy":"clubroom_product_designer","embeddable":true,"href":"https:\/\/theinvisiblecollection.com\/fr\/wp-json\/wp\/v2\/designer_clubroom?post=5878363"}],"curies":[{"name":"wp","href":"https:\/\/api.w.org\/{rel}","templated":true}]}}