{"id":5878473,"date":"2025-12-03T10:00:19","date_gmt":"2025-12-03T10:00:19","guid":{"rendered":"https:\/\/theinvisiblecollection.com\/?post_type=product&#038;p=5878473"},"modified":"2026-05-01T07:37:08","modified_gmt":"2026-05-01T07:37:08","slug":"sarah-chirazi-chaise-moon","status":"publish","type":"product","link":"https:\/\/theinvisiblecollection.com\/fr\/produit\/sarah-chirazi-chaise-moon\/","title":{"rendered":"Chaise Moon"},"content":{"rendered":"<p style=\"text-align: justify;\"><span class=\"TextRun SCXW140082902 BCX8\" lang=\"EN-GB\" xml:lang=\"EN-GB\" data-contrast=\"none\"><span class=\"NormalTextRun SCXW140082902 BCX8\">Le dessin\u00a0<\/span><span class=\"NormalTextRun ContextualSpellingAndGrammarErrorV2Themed SCXW140082902 BCX8\">initial<\/span><span class=\"NormalTextRun SCXW140082902 BCX8\">\u00a0de la chaise Moon\u00a0<\/span><span class=\"NormalTextRun SpellingErrorV2Themed SCXW140082902 BCX8\">s&#8217;inspire<\/span><span class=\"NormalTextRun SCXW140082902 BCX8\">\u00a0<\/span><span class=\"NormalTextRun SpellingErrorV2Themed SCXW140082902 BCX8\">d&#8217;une<\/span><span class=\"NormalTextRun SCXW140082902 BCX8\">\u00a0chaise du 18\u00e8me si\u00e8cle, \u00e9poque Louis XVI. Sa\u00a0<\/span><span class=\"NormalTextRun SpellingErrorV2Themed SCXW140082902 BCX8\">r\u00e9interpr\u00e9tation<\/span><span class=\"NormalTextRun SCXW140082902 BCX8\">\u00a0<\/span><span class=\"NormalTextRun SpellingErrorV2Themed SCXW140082902 BCX8\">lui<\/span><span class=\"NormalTextRun SCXW140082902 BCX8\">\u00a0<\/span><span class=\"NormalTextRun SpellingErrorV2Themed SCXW140082902 BCX8\">conf\u00e8re<\/span><span class=\"NormalTextRun SCXW140082902 BCX8\">\u00a0\u00e0 la\u00a0<\/span><span class=\"NormalTextRun SpellingErrorV2Themed SCXW140082902 BCX8\">fois<\/span><span class=\"NormalTextRun SCXW140082902 BCX8\">\u00a0<\/span><span class=\"NormalTextRun SpellingErrorV2Themed SCXW140082902 BCX8\">\u00e9l\u00e9gance<\/span><span class=\"NormalTextRun SCXW140082902 BCX8\">\u00a0<\/span><span class=\"NormalTextRun SpellingErrorV2Themed SCXW140082902 BCX8\">classique<\/span><span class=\"NormalTextRun SCXW140082902 BCX8\">\u00a0et\u00a0<\/span><span class=\"NormalTextRun SpellingErrorV2Themed SCXW140082902 BCX8\">simplicit\u00e9<\/span><span class=\"NormalTextRun SCXW140082902 BCX8\">\u00a0<\/span><span class=\"NormalTextRun SpellingErrorV2Themed SCXW140082902 BCX8\">minimaliste<\/span><span class=\"NormalTextRun SCXW140082902 BCX8\">.<\/span><\/span><span class=\"EOP SCXW140082902 BCX8\" data-ccp-props=\"{&quot;134233117&quot;:false,&quot;134233118&quot;:false,&quot;201341983&quot;:0,&quot;335551550&quot;:1,&quot;335551620&quot;:1,&quot;335559685&quot;:0,&quot;335559737&quot;:0,&quot;335559738&quot;:0,&quot;335559739&quot;:0,&quot;335559740&quot;:279}\">\u00a0<\/span><\/p>\n","protected":false},"excerpt":{"rendered":"<p>Le dessin\u00a0initial\u00a0de la chaise Moon\u00a0s&#8217;inspire\u00a0d&#8217;une\u00a0chaise du 18\u00e8me si\u00e8cle, \u00e9poque Louis XVI. Sa\u00a0r\u00e9interpr\u00e9tation\u00a0lui\u00a0conf\u00e8re\u00a0\u00e0 la\u00a0fois\u00a0\u00e9l\u00e9gance\u00a0classique\u00a0et\u00a0simplicit\u00e9\u00a0minimaliste.\u00a0<\/p>\n","protected":false},"featured_media":5878487,"template":"","meta":{"_acf_changed":false,"content-type":"","_themeisle_gutenberg_block_has_review":false},"product_brand":[],"product_cat":[8962,12499],"product_tag":[8942,9017,31474,35206],"product_designer":[36061],"comfabric":[36748],"manufacturer":[36746],"reporting_designer":[37658],"samplecomfabric":[36750],"designer_clubroom":[],"class_list":{"0":"post-5878473","1":"product","2":"type-product","3":"status-publish","4":"has-post-thumbnail","6":"product_cat-chaises","7":"product_cat-assises","8":"product_tag-assise","9":"product_tag-chaise","10":"product_tag-co-white-fr","11":"product_tag-exclusive-fr","12":"product_designer-sarah-chirazi-fr","13":"comfabric-sarah-chirazi-pick-up-maison-malagnac-fr","14":"manufacturer-sarah-chirazi-pick-up-maison-malagnac-fr","15":"reporting_designer-sarah-chirazi","16":"samplecomfabric-sarah-chirazi-pick-up-maison-malagnac-fr","18":"first","19":"instock","20":"taxable","21":"shipping-taxable","22":"purchasable","23":"product-type-variable"},"acf":[],"_links":{"self":[{"href":"https:\/\/theinvisiblecollection.com\/fr\/wp-json\/wp\/v2\/product\/5878473","targetHints":{"allow":["GET"]}}],"collection":[{"href":"https:\/\/theinvisiblecollection.com\/fr\/wp-json\/wp\/v2\/product"}],"about":[{"href":"https:\/\/theinvisiblecollection.com\/fr\/wp-json\/wp\/v2\/types\/product"}],"wp:featuredmedia":[{"embeddable":true,"href":"https:\/\/theinvisiblecollection.com\/fr\/wp-json\/wp\/v2\/media\/5878487"}],"wp:attachment":[{"href":"https:\/\/theinvisiblecollection.com\/fr\/wp-json\/wp\/v2\/media?parent=5878473"}],"wp:term":[{"taxonomy":"product_brand","embeddable":true,"href":"https:\/\/theinvisiblecollection.com\/fr\/wp-json\/wp\/v2\/product_brand?post=5878473"},{"taxonomy":"product_cat","embeddable":true,"href":"https:\/\/theinvisiblecollection.com\/fr\/wp-json\/wp\/v2\/product_cat?post=5878473"},{"taxonomy":"product_tag","embeddable":true,"href":"https:\/\/theinvisiblecollection.com\/fr\/wp-json\/wp\/v2\/product_tag?post=5878473"},{"taxonomy":"product_designer","embeddable":true,"href":"https:\/\/theinvisiblecollection.com\/fr\/wp-json\/wp\/v2\/product_designer?post=5878473"},{"taxonomy":"comfabric","embeddable":true,"href":"https:\/\/theinvisiblecollection.com\/fr\/wp-json\/wp\/v2\/comfabric?post=5878473"},{"taxonomy":"manufacturer","embeddable":true,"href":"https:\/\/theinvisiblecollection.com\/fr\/wp-json\/wp\/v2\/manufacturer?post=5878473"},{"taxonomy":"reporting_designer","embeddable":true,"href":"https:\/\/theinvisiblecollection.com\/fr\/wp-json\/wp\/v2\/reporting_designer?post=5878473"},{"taxonomy":"samplecomfabric","embeddable":true,"href":"https:\/\/theinvisiblecollection.com\/fr\/wp-json\/wp\/v2\/samplecomfabric?post=5878473"},{"taxonomy":"clubroom_product_designer","embeddable":true,"href":"https:\/\/theinvisiblecollection.com\/fr\/wp-json\/wp\/v2\/designer_clubroom?post=5878473"}],"curies":[{"name":"wp","href":"https:\/\/api.w.org\/{rel}","templated":true}]}}