{"id":5879163,"date":"2025-12-09T16:14:14","date_gmt":"2025-12-09T16:14:14","guid":{"rendered":"https:\/\/theinvisiblecollection.com\/?post_type=product&#038;p=5879163"},"modified":"2026-05-08T04:38:24","modified_gmt":"2026-05-08T04:38:24","slug":"maisonjaune-studio-fauteuil-square","status":"publish","type":"product","link":"https:\/\/theinvisiblecollection.com\/fr\/produit\/maisonjaune-studio-fauteuil-square\/","title":{"rendered":"Fauteuil Square"},"content":{"rendered":"<p style=\"text-align: justify;\">Le fauteuil Square est un \u00e9quilibre entre le Design des architectes br\u00e9siliens 1950 et des grands d\u00e9corateurs Fran\u00e7ais des ann\u00e9es 1940\/50. Sa fabrication \u00e9pur\u00e9e est essentiellement fait de bois d&#8217;assemblage massif. Ce mod\u00e8le est pr\u00e9sent\u00e9e avec une fourrure d&#8217;agneau en collaboration avec Yves Salomon. Cette version existe en textile et paille sur demande.<\/p>\n","protected":false},"excerpt":{"rendered":"<p>Le fauteuil Square est un \u00e9quilibre entre le Design des architectes br\u00e9siliens 1950 et des grands d\u00e9corateurs Fran\u00e7ais des ann\u00e9es 1940\/50. Sa fabrication \u00e9pur\u00e9e est essentiellement fait de bois d&#8217;assemblage massif. Ce mod\u00e8le est pr\u00e9sent\u00e9e avec une fourrure d&#8217;agneau en collaboration avec Yves Salomon. Cette version existe en textile et paille sur demande.<\/p>\n","protected":false},"featured_media":5901575,"template":"","meta":{"_acf_changed":false,"content-type":"","_themeisle_gutenberg_block_has_review":false},"product_brand":[],"product_cat":[8945,12499],"product_tag":[8942,9150],"product_designer":[16595],"comfabric":[],"manufacturer":[36193],"reporting_designer":[37730],"samplecomfabric":[],"designer_clubroom":[],"class_list":{"0":"post-5879163","1":"product","2":"type-product","3":"status-publish","4":"has-post-thumbnail","6":"product_cat-fauteuils","7":"product_cat-assises","8":"product_tag-assise","9":"product_tag-fauteuil-fr-2","10":"product_designer-maisonjaune-studio-fr","11":"manufacturer-maisonjaune-pick-up-fr","12":"reporting_designer-maisonjaune-studio","14":"first","15":"instock","16":"taxable","17":"shipping-taxable","18":"purchasable","19":"product-type-variable"},"acf":[],"_links":{"self":[{"href":"https:\/\/theinvisiblecollection.com\/fr\/wp-json\/wp\/v2\/product\/5879163","targetHints":{"allow":["GET"]}}],"collection":[{"href":"https:\/\/theinvisiblecollection.com\/fr\/wp-json\/wp\/v2\/product"}],"about":[{"href":"https:\/\/theinvisiblecollection.com\/fr\/wp-json\/wp\/v2\/types\/product"}],"wp:featuredmedia":[{"embeddable":true,"href":"https:\/\/theinvisiblecollection.com\/fr\/wp-json\/wp\/v2\/media\/5901575"}],"wp:attachment":[{"href":"https:\/\/theinvisiblecollection.com\/fr\/wp-json\/wp\/v2\/media?parent=5879163"}],"wp:term":[{"taxonomy":"product_brand","embeddable":true,"href":"https:\/\/theinvisiblecollection.com\/fr\/wp-json\/wp\/v2\/product_brand?post=5879163"},{"taxonomy":"product_cat","embeddable":true,"href":"https:\/\/theinvisiblecollection.com\/fr\/wp-json\/wp\/v2\/product_cat?post=5879163"},{"taxonomy":"product_tag","embeddable":true,"href":"https:\/\/theinvisiblecollection.com\/fr\/wp-json\/wp\/v2\/product_tag?post=5879163"},{"taxonomy":"product_designer","embeddable":true,"href":"https:\/\/theinvisiblecollection.com\/fr\/wp-json\/wp\/v2\/product_designer?post=5879163"},{"taxonomy":"comfabric","embeddable":true,"href":"https:\/\/theinvisiblecollection.com\/fr\/wp-json\/wp\/v2\/comfabric?post=5879163"},{"taxonomy":"manufacturer","embeddable":true,"href":"https:\/\/theinvisiblecollection.com\/fr\/wp-json\/wp\/v2\/manufacturer?post=5879163"},{"taxonomy":"reporting_designer","embeddable":true,"href":"https:\/\/theinvisiblecollection.com\/fr\/wp-json\/wp\/v2\/reporting_designer?post=5879163"},{"taxonomy":"samplecomfabric","embeddable":true,"href":"https:\/\/theinvisiblecollection.com\/fr\/wp-json\/wp\/v2\/samplecomfabric?post=5879163"},{"taxonomy":"clubroom_product_designer","embeddable":true,"href":"https:\/\/theinvisiblecollection.com\/fr\/wp-json\/wp\/v2\/designer_clubroom?post=5879163"}],"curies":[{"name":"wp","href":"https:\/\/api.w.org\/{rel}","templated":true}]}}