{"id":5879193,"date":"2025-12-08T16:20:28","date_gmt":"2025-12-08T16:20:28","guid":{"rendered":"https:\/\/theinvisiblecollection.com\/?post_type=product&#038;p=5879193"},"modified":"2026-05-01T07:37:08","modified_gmt":"2026-05-01T07:37:08","slug":"maisonjaune-studio-tables-ecum","status":"publish","type":"product","link":"https:\/\/theinvisiblecollection.com\/fr\/produit\/maisonjaune-studio-tables-ecum\/","title":{"rendered":"Tables Ecum"},"content":{"rendered":"<p style=\"text-align: justify;\">Les tables Ecum ont \u00e9t\u00e9 dessin\u00e9es comme des galets clairs , jeu de marbre modulables \u00e0 souhait. Emprunt\u00e9es aux souvenirs de bord de mer.<\/p>\n","protected":false},"excerpt":{"rendered":"<p>Les tables Ecum ont \u00e9t\u00e9 dessin\u00e9es comme des galets clairs , jeu de marbre modulables \u00e0 souhait. Emprunt\u00e9es aux souvenirs de bord de mer.<\/p>\n","protected":false},"featured_media":5879219,"template":"","meta":{"_acf_changed":false,"content-type":"","_themeisle_gutenberg_block_has_review":false},"product_brand":[],"product_cat":[7509,12503],"product_tag":[],"product_designer":[16595],"comfabric":[],"manufacturer":[36193],"reporting_designer":[37730],"samplecomfabric":[],"designer_clubroom":[],"class_list":{"0":"post-5879193","1":"product","2":"type-product","3":"status-publish","4":"has-post-thumbnail","6":"product_cat-tables-basses-dappoint","7":"product_cat-tables-fr","8":"product_designer-maisonjaune-studio-fr","9":"manufacturer-maisonjaune-pick-up-fr","10":"reporting_designer-maisonjaune-studio","12":"first","13":"instock","14":"taxable","15":"shipping-taxable","16":"purchasable","17":"product-type-simple"},"acf":[],"_links":{"self":[{"href":"https:\/\/theinvisiblecollection.com\/fr\/wp-json\/wp\/v2\/product\/5879193","targetHints":{"allow":["GET"]}}],"collection":[{"href":"https:\/\/theinvisiblecollection.com\/fr\/wp-json\/wp\/v2\/product"}],"about":[{"href":"https:\/\/theinvisiblecollection.com\/fr\/wp-json\/wp\/v2\/types\/product"}],"wp:featuredmedia":[{"embeddable":true,"href":"https:\/\/theinvisiblecollection.com\/fr\/wp-json\/wp\/v2\/media\/5879219"}],"wp:attachment":[{"href":"https:\/\/theinvisiblecollection.com\/fr\/wp-json\/wp\/v2\/media?parent=5879193"}],"wp:term":[{"taxonomy":"product_brand","embeddable":true,"href":"https:\/\/theinvisiblecollection.com\/fr\/wp-json\/wp\/v2\/product_brand?post=5879193"},{"taxonomy":"product_cat","embeddable":true,"href":"https:\/\/theinvisiblecollection.com\/fr\/wp-json\/wp\/v2\/product_cat?post=5879193"},{"taxonomy":"product_tag","embeddable":true,"href":"https:\/\/theinvisiblecollection.com\/fr\/wp-json\/wp\/v2\/product_tag?post=5879193"},{"taxonomy":"product_designer","embeddable":true,"href":"https:\/\/theinvisiblecollection.com\/fr\/wp-json\/wp\/v2\/product_designer?post=5879193"},{"taxonomy":"comfabric","embeddable":true,"href":"https:\/\/theinvisiblecollection.com\/fr\/wp-json\/wp\/v2\/comfabric?post=5879193"},{"taxonomy":"manufacturer","embeddable":true,"href":"https:\/\/theinvisiblecollection.com\/fr\/wp-json\/wp\/v2\/manufacturer?post=5879193"},{"taxonomy":"reporting_designer","embeddable":true,"href":"https:\/\/theinvisiblecollection.com\/fr\/wp-json\/wp\/v2\/reporting_designer?post=5879193"},{"taxonomy":"samplecomfabric","embeddable":true,"href":"https:\/\/theinvisiblecollection.com\/fr\/wp-json\/wp\/v2\/samplecomfabric?post=5879193"},{"taxonomy":"clubroom_product_designer","embeddable":true,"href":"https:\/\/theinvisiblecollection.com\/fr\/wp-json\/wp\/v2\/designer_clubroom?post=5879193"}],"curies":[{"name":"wp","href":"https:\/\/api.w.org\/{rel}","templated":true}]}}