{"id":5879207,"date":"2025-12-08T16:05:09","date_gmt":"2025-12-08T16:05:09","guid":{"rendered":"https:\/\/theinvisiblecollection.com\/?post_type=product&#038;p=5879207"},"modified":"2026-05-01T07:37:08","modified_gmt":"2026-05-01T07:37:08","slug":"maisonjaune-studio-lampe-de-table-parme","status":"publish","type":"product","link":"https:\/\/theinvisiblecollection.com\/fr\/produit\/maisonjaune-studio-lampe-de-table-parme\/","title":{"rendered":"Lampe De Table Parme"},"content":{"rendered":"<p style=\"text-align: justify;\">La lampe de table Parme est l\u2019iconique de notre collection. Son \u00e9l\u00e9gance solaire \u00e0 la fois de belle taille et discr\u00e8te est id\u00e9ale pour toutes les pi\u00e8ces de la maison.<\/p>\n","protected":false},"excerpt":{"rendered":"<p>La lampe de table Parme est l\u2019iconique de notre collection. Son \u00e9l\u00e9gance solaire \u00e0 la fois de belle taille et discr\u00e8te est id\u00e9ale pour toutes les pi\u00e8ces de la maison.<\/p>\n","protected":false},"featured_media":5879857,"template":"","meta":{"_acf_changed":false,"content-type":"","_themeisle_gutenberg_block_has_review":false},"product_brand":[],"product_cat":[8974,12507],"product_tag":[9075,11009,11955],"product_designer":[16595],"comfabric":[],"manufacturer":[36193],"reporting_designer":[37730],"samplecomfabric":[],"designer_clubroom":[],"class_list":{"0":"post-5879207","1":"product","2":"type-product","3":"status-publish","4":"has-post-thumbnail","6":"product_cat-lampes-de-table","7":"product_cat-luminaires","8":"product_tag-rottin","9":"product_tag-retro-fr-2","10":"product_tag-lampe-de-table-fr","11":"product_designer-maisonjaune-studio-fr","12":"manufacturer-maisonjaune-pick-up-fr","13":"reporting_designer-maisonjaune-studio","15":"first","16":"instock","17":"taxable","18":"shipping-taxable","19":"purchasable","20":"product-type-simple"},"acf":[],"_links":{"self":[{"href":"https:\/\/theinvisiblecollection.com\/fr\/wp-json\/wp\/v2\/product\/5879207","targetHints":{"allow":["GET"]}}],"collection":[{"href":"https:\/\/theinvisiblecollection.com\/fr\/wp-json\/wp\/v2\/product"}],"about":[{"href":"https:\/\/theinvisiblecollection.com\/fr\/wp-json\/wp\/v2\/types\/product"}],"wp:featuredmedia":[{"embeddable":true,"href":"https:\/\/theinvisiblecollection.com\/fr\/wp-json\/wp\/v2\/media\/5879857"}],"wp:attachment":[{"href":"https:\/\/theinvisiblecollection.com\/fr\/wp-json\/wp\/v2\/media?parent=5879207"}],"wp:term":[{"taxonomy":"product_brand","embeddable":true,"href":"https:\/\/theinvisiblecollection.com\/fr\/wp-json\/wp\/v2\/product_brand?post=5879207"},{"taxonomy":"product_cat","embeddable":true,"href":"https:\/\/theinvisiblecollection.com\/fr\/wp-json\/wp\/v2\/product_cat?post=5879207"},{"taxonomy":"product_tag","embeddable":true,"href":"https:\/\/theinvisiblecollection.com\/fr\/wp-json\/wp\/v2\/product_tag?post=5879207"},{"taxonomy":"product_designer","embeddable":true,"href":"https:\/\/theinvisiblecollection.com\/fr\/wp-json\/wp\/v2\/product_designer?post=5879207"},{"taxonomy":"comfabric","embeddable":true,"href":"https:\/\/theinvisiblecollection.com\/fr\/wp-json\/wp\/v2\/comfabric?post=5879207"},{"taxonomy":"manufacturer","embeddable":true,"href":"https:\/\/theinvisiblecollection.com\/fr\/wp-json\/wp\/v2\/manufacturer?post=5879207"},{"taxonomy":"reporting_designer","embeddable":true,"href":"https:\/\/theinvisiblecollection.com\/fr\/wp-json\/wp\/v2\/reporting_designer?post=5879207"},{"taxonomy":"samplecomfabric","embeddable":true,"href":"https:\/\/theinvisiblecollection.com\/fr\/wp-json\/wp\/v2\/samplecomfabric?post=5879207"},{"taxonomy":"clubroom_product_designer","embeddable":true,"href":"https:\/\/theinvisiblecollection.com\/fr\/wp-json\/wp\/v2\/designer_clubroom?post=5879207"}],"curies":[{"name":"wp","href":"https:\/\/api.w.org\/{rel}","templated":true}]}}