{"id":5879223,"date":"2025-12-08T10:41:55","date_gmt":"2025-12-08T10:41:55","guid":{"rendered":"https:\/\/theinvisiblecollection.com\/?post_type=product&#038;p=5879223"},"modified":"2026-05-01T07:37:08","modified_gmt":"2026-05-01T07:37:08","slug":"maisonjaune-studio-lustre-comporta","status":"publish","type":"product","link":"https:\/\/theinvisiblecollection.com\/fr\/produit\/maisonjaune-studio-lustre-comporta\/","title":{"rendered":"Lustre Comporta"},"content":{"rendered":"<p style=\"text-align: justify;\">Le lustre Comporta est inspir\u00e9 de cette magnifique cit\u00e9 baln\u00e9aire au Portugal. Son volume s&#8217;adapte parfaitement dans les grands espaces. Il prend sa place chaleureusement dans de nombreux espaces de vie.<\/p>\n","protected":false},"excerpt":{"rendered":"<p>Le lustre Comporta est inspir\u00e9 de cette magnifique cit\u00e9 baln\u00e9aire au Portugal. Son volume s&#8217;adapte parfaitement dans les grands espaces. Il prend sa place chaleureusement dans de nombreux espaces de vie.<\/p>\n","protected":false},"featured_media":5879853,"template":"","meta":{"_acf_changed":false,"content-type":"","_themeisle_gutenberg_block_has_review":false},"product_brand":[],"product_cat":[12507,8961],"product_tag":[9200,9708,9728,9075],"product_designer":[16595],"comfabric":[],"manufacturer":[36193],"reporting_designer":[37730],"samplecomfabric":[],"designer_clubroom":[],"class_list":{"0":"post-5879223","1":"product","2":"type-product","3":"status-publish","4":"has-post-thumbnail","6":"product_cat-luminaires","7":"product_cat-suspensions","8":"product_tag-luminaire-fr-2","9":"product_tag-bamboo-fr-2","10":"product_tag-chandelier-fr","11":"product_tag-rottin","12":"product_designer-maisonjaune-studio-fr","13":"manufacturer-maisonjaune-pick-up-fr","14":"reporting_designer-maisonjaune-studio","16":"first","17":"instock","18":"taxable","19":"shipping-taxable","20":"purchasable","21":"product-type-simple"},"acf":[],"_links":{"self":[{"href":"https:\/\/theinvisiblecollection.com\/fr\/wp-json\/wp\/v2\/product\/5879223","targetHints":{"allow":["GET"]}}],"collection":[{"href":"https:\/\/theinvisiblecollection.com\/fr\/wp-json\/wp\/v2\/product"}],"about":[{"href":"https:\/\/theinvisiblecollection.com\/fr\/wp-json\/wp\/v2\/types\/product"}],"wp:featuredmedia":[{"embeddable":true,"href":"https:\/\/theinvisiblecollection.com\/fr\/wp-json\/wp\/v2\/media\/5879853"}],"wp:attachment":[{"href":"https:\/\/theinvisiblecollection.com\/fr\/wp-json\/wp\/v2\/media?parent=5879223"}],"wp:term":[{"taxonomy":"product_brand","embeddable":true,"href":"https:\/\/theinvisiblecollection.com\/fr\/wp-json\/wp\/v2\/product_brand?post=5879223"},{"taxonomy":"product_cat","embeddable":true,"href":"https:\/\/theinvisiblecollection.com\/fr\/wp-json\/wp\/v2\/product_cat?post=5879223"},{"taxonomy":"product_tag","embeddable":true,"href":"https:\/\/theinvisiblecollection.com\/fr\/wp-json\/wp\/v2\/product_tag?post=5879223"},{"taxonomy":"product_designer","embeddable":true,"href":"https:\/\/theinvisiblecollection.com\/fr\/wp-json\/wp\/v2\/product_designer?post=5879223"},{"taxonomy":"comfabric","embeddable":true,"href":"https:\/\/theinvisiblecollection.com\/fr\/wp-json\/wp\/v2\/comfabric?post=5879223"},{"taxonomy":"manufacturer","embeddable":true,"href":"https:\/\/theinvisiblecollection.com\/fr\/wp-json\/wp\/v2\/manufacturer?post=5879223"},{"taxonomy":"reporting_designer","embeddable":true,"href":"https:\/\/theinvisiblecollection.com\/fr\/wp-json\/wp\/v2\/reporting_designer?post=5879223"},{"taxonomy":"samplecomfabric","embeddable":true,"href":"https:\/\/theinvisiblecollection.com\/fr\/wp-json\/wp\/v2\/samplecomfabric?post=5879223"},{"taxonomy":"clubroom_product_designer","embeddable":true,"href":"https:\/\/theinvisiblecollection.com\/fr\/wp-json\/wp\/v2\/designer_clubroom?post=5879223"}],"curies":[{"name":"wp","href":"https:\/\/api.w.org\/{rel}","templated":true}]}}