{"id":5879267,"date":"2025-12-08T11:55:53","date_gmt":"2025-12-08T11:55:53","guid":{"rendered":"https:\/\/theinvisiblecollection.com\/?post_type=product&#038;p=5879267"},"modified":"2026-05-01T07:37:08","modified_gmt":"2026-05-01T07:37:08","slug":"maisonjaune-studio-fauteuil-cadaques","status":"publish","type":"product","link":"https:\/\/theinvisiblecollection.com\/fr\/produit\/maisonjaune-studio-fauteuil-cadaques\/","title":{"rendered":"Fauteuil Cadaques"},"content":{"rendered":"<p style=\"text-align: justify;\">Le fauteuil Cadaques est inspir\u00e9 par la visite de la maison de Dal\u00ed et Gala \u00e0 Port-Lligat, Cadaqu\u00e9s, en Espagne. La force et la sobri\u00e9t\u00e9 du pin, dans son dessin garni de paille des marais, nous sensibilisent \u00e0 la nature. C\u2019est le bel et r\u00e9confortant \u00e9quilibre.<\/p>\n","protected":false},"excerpt":{"rendered":"<p>Le fauteuil Cadaques est inspir\u00e9 par la visite de la maison de Dal\u00ed et Gala \u00e0 Port-Lligat, Cadaqu\u00e9s, en Espagne. La force et la sobri\u00e9t\u00e9 du pin, dans son dessin garni de paille des marais, nous sensibilisent \u00e0 la nature. C\u2019est le bel et r\u00e9confortant \u00e9quilibre.<\/p>\n","protected":false},"featured_media":5879840,"template":"","meta":{"_acf_changed":false,"content-type":"","_themeisle_gutenberg_block_has_review":false},"product_brand":[],"product_cat":[8945,12499],"product_tag":[8942,9150,9255],"product_designer":[16595],"comfabric":[],"manufacturer":[36193],"reporting_designer":[37730],"samplecomfabric":[],"designer_clubroom":[],"class_list":{"0":"post-5879267","1":"product","2":"type-product","3":"status-publish","4":"has-post-thumbnail","6":"product_cat-fauteuils","7":"product_cat-assises","8":"product_tag-assise","9":"product_tag-fauteuil-fr-2","10":"product_tag-paille","11":"product_designer-maisonjaune-studio-fr","12":"manufacturer-maisonjaune-pick-up-fr","13":"reporting_designer-maisonjaune-studio","15":"first","16":"instock","17":"taxable","18":"shipping-taxable","19":"purchasable","20":"product-type-simple"},"acf":[],"_links":{"self":[{"href":"https:\/\/theinvisiblecollection.com\/fr\/wp-json\/wp\/v2\/product\/5879267","targetHints":{"allow":["GET"]}}],"collection":[{"href":"https:\/\/theinvisiblecollection.com\/fr\/wp-json\/wp\/v2\/product"}],"about":[{"href":"https:\/\/theinvisiblecollection.com\/fr\/wp-json\/wp\/v2\/types\/product"}],"wp:featuredmedia":[{"embeddable":true,"href":"https:\/\/theinvisiblecollection.com\/fr\/wp-json\/wp\/v2\/media\/5879840"}],"wp:attachment":[{"href":"https:\/\/theinvisiblecollection.com\/fr\/wp-json\/wp\/v2\/media?parent=5879267"}],"wp:term":[{"taxonomy":"product_brand","embeddable":true,"href":"https:\/\/theinvisiblecollection.com\/fr\/wp-json\/wp\/v2\/product_brand?post=5879267"},{"taxonomy":"product_cat","embeddable":true,"href":"https:\/\/theinvisiblecollection.com\/fr\/wp-json\/wp\/v2\/product_cat?post=5879267"},{"taxonomy":"product_tag","embeddable":true,"href":"https:\/\/theinvisiblecollection.com\/fr\/wp-json\/wp\/v2\/product_tag?post=5879267"},{"taxonomy":"product_designer","embeddable":true,"href":"https:\/\/theinvisiblecollection.com\/fr\/wp-json\/wp\/v2\/product_designer?post=5879267"},{"taxonomy":"comfabric","embeddable":true,"href":"https:\/\/theinvisiblecollection.com\/fr\/wp-json\/wp\/v2\/comfabric?post=5879267"},{"taxonomy":"manufacturer","embeddable":true,"href":"https:\/\/theinvisiblecollection.com\/fr\/wp-json\/wp\/v2\/manufacturer?post=5879267"},{"taxonomy":"reporting_designer","embeddable":true,"href":"https:\/\/theinvisiblecollection.com\/fr\/wp-json\/wp\/v2\/reporting_designer?post=5879267"},{"taxonomy":"samplecomfabric","embeddable":true,"href":"https:\/\/theinvisiblecollection.com\/fr\/wp-json\/wp\/v2\/samplecomfabric?post=5879267"},{"taxonomy":"clubroom_product_designer","embeddable":true,"href":"https:\/\/theinvisiblecollection.com\/fr\/wp-json\/wp\/v2\/designer_clubroom?post=5879267"}],"curies":[{"name":"wp","href":"https:\/\/api.w.org\/{rel}","templated":true}]}}