{"id":5881108,"date":"2025-12-18T16:16:03","date_gmt":"2025-12-18T16:16:03","guid":{"rendered":"https:\/\/theinvisiblecollection.com\/?post_type=product&#038;p=5881108"},"modified":"2026-05-01T07:37:08","modified_gmt":"2026-05-01T07:37:08","slug":"paola-petrobelli-lampe-de-table-light-of-glass-mocha","status":"publish","type":"product","link":"https:\/\/theinvisiblecollection.com\/fr\/produit\/paola-petrobelli-lampe-de-table-light-of-glass-mocha\/","title":{"rendered":"Lampe de Table Light of Glass Mocha"},"content":{"rendered":"<p>Une petite lampe en verre portable et rechargeable, con\u00e7ue \u00e0 Londres et souffl\u00e9e \u00e0 la main \u00e0 Venise, pour \u00eatre d\u00e9licieusement imparfaite.<\/p>\n","protected":false},"excerpt":{"rendered":"<p>Une petite lampe en verre portable et rechargeable, con\u00e7ue \u00e0 Londres et souffl\u00e9e \u00e0 la main \u00e0 Venise, pour \u00eatre d\u00e9licieusement imparfaite.<\/p>\n","protected":false},"featured_media":5881110,"template":"","meta":{"_acf_changed":false,"content-type":"","_themeisle_gutenberg_block_has_review":false},"product_brand":[],"product_cat":[8974,12507,16319,19973],"product_tag":[9049,9200,22790],"product_designer":[36314],"comfabric":[],"manufacturer":[36316],"reporting_designer":[37316],"samplecomfabric":[],"designer_clubroom":[],"class_list":{"0":"post-5881108","1":"product","2":"type-product","3":"status-publish","4":"has-post-thumbnail","6":"product_cat-lampes-de-table","7":"product_cat-luminaires","8":"product_cat-cartes-cadeaux","9":"product_cat-accessoires-pour-la-maison","10":"product_tag-lampe-de-table","11":"product_tag-luminaire-fr-2","12":"product_tag-disponible-immediatement","13":"product_designer-paola-petrobelli-fr","14":"manufacturer-paola-petrobelli-pick-up-kindred-studios-fr","15":"reporting_designer-paola-petrobelli","17":"first","18":"instock","19":"taxable","20":"shipping-taxable","21":"purchasable","22":"product-type-simple"},"acf":[],"_links":{"self":[{"href":"https:\/\/theinvisiblecollection.com\/fr\/wp-json\/wp\/v2\/product\/5881108","targetHints":{"allow":["GET"]}}],"collection":[{"href":"https:\/\/theinvisiblecollection.com\/fr\/wp-json\/wp\/v2\/product"}],"about":[{"href":"https:\/\/theinvisiblecollection.com\/fr\/wp-json\/wp\/v2\/types\/product"}],"wp:featuredmedia":[{"embeddable":true,"href":"https:\/\/theinvisiblecollection.com\/fr\/wp-json\/wp\/v2\/media\/5881110"}],"wp:attachment":[{"href":"https:\/\/theinvisiblecollection.com\/fr\/wp-json\/wp\/v2\/media?parent=5881108"}],"wp:term":[{"taxonomy":"product_brand","embeddable":true,"href":"https:\/\/theinvisiblecollection.com\/fr\/wp-json\/wp\/v2\/product_brand?post=5881108"},{"taxonomy":"product_cat","embeddable":true,"href":"https:\/\/theinvisiblecollection.com\/fr\/wp-json\/wp\/v2\/product_cat?post=5881108"},{"taxonomy":"product_tag","embeddable":true,"href":"https:\/\/theinvisiblecollection.com\/fr\/wp-json\/wp\/v2\/product_tag?post=5881108"},{"taxonomy":"product_designer","embeddable":true,"href":"https:\/\/theinvisiblecollection.com\/fr\/wp-json\/wp\/v2\/product_designer?post=5881108"},{"taxonomy":"comfabric","embeddable":true,"href":"https:\/\/theinvisiblecollection.com\/fr\/wp-json\/wp\/v2\/comfabric?post=5881108"},{"taxonomy":"manufacturer","embeddable":true,"href":"https:\/\/theinvisiblecollection.com\/fr\/wp-json\/wp\/v2\/manufacturer?post=5881108"},{"taxonomy":"reporting_designer","embeddable":true,"href":"https:\/\/theinvisiblecollection.com\/fr\/wp-json\/wp\/v2\/reporting_designer?post=5881108"},{"taxonomy":"samplecomfabric","embeddable":true,"href":"https:\/\/theinvisiblecollection.com\/fr\/wp-json\/wp\/v2\/samplecomfabric?post=5881108"},{"taxonomy":"clubroom_product_designer","embeddable":true,"href":"https:\/\/theinvisiblecollection.com\/fr\/wp-json\/wp\/v2\/designer_clubroom?post=5881108"}],"curies":[{"name":"wp","href":"https:\/\/api.w.org\/{rel}","templated":true}]}}