{"id":5882640,"date":"2026-01-14T16:23:47","date_gmt":"2026-01-14T16:23:47","guid":{"rendered":"https:\/\/theinvisiblecollection.com\/?post_type=product&#038;p=5882640"},"modified":"2026-05-01T07:37:05","modified_gmt":"2026-05-01T07:37:05","slug":"goossens-paravent-nenuphar","status":"publish","type":"product","link":"https:\/\/theinvisiblecollection.com\/fr\/produit\/goossens-paravent-nenuphar\/","title":{"rendered":"Paravent N\u00e9nuphar"},"content":{"rendered":"<p style=\"text-align: justify;\">Pi\u00e8ce ma\u00eetresse des nouveaut\u00e9s d\u00e9coration. La collection N\u00e9nuphar d\u00e9voile pour la premi\u00e8re fois, un paravent d\u2019exception. Divis\u00e9 en trois panneaux, il se pare de patines enti\u00e8rement r\u00e9alis\u00e9es \u00e0 la main par nos artisans. Finitions dor\u00e9es, cuivr\u00e9es et anthracite se superposent en parfaite harmonie. Majestueux et g\u00e9n\u00e9reux, il habille les int\u00e9rieurs avec po\u00e9sie et fantaisie.<\/p>\n","protected":false},"excerpt":{"rendered":"<p>Pi\u00e8ce ma\u00eetresse des nouveaut\u00e9s d\u00e9coration. La collection N\u00e9nuphar d\u00e9voile pour la premi\u00e8re fois, un paravent d\u2019exception. Divis\u00e9 en trois panneaux, il se pare de patines enti\u00e8rement r\u00e9alis\u00e9es \u00e0 la main par nos artisans. Finitions dor\u00e9es, cuivr\u00e9es et anthracite se superposent en parfaite harmonie. Majestueux et g\u00e9n\u00e9reux, il habille les int\u00e9rieurs avec po\u00e9sie et fantaisie.<\/p>\n","protected":false},"featured_media":5882638,"template":"","meta":{"_acf_changed":false,"content-type":"","_themeisle_gutenberg_block_has_review":false},"product_brand":[],"product_cat":[7517,8978],"product_tag":[35206],"product_designer":[8928],"comfabric":[],"manufacturer":[16919],"reporting_designer":[37524],"samplecomfabric":[],"designer_clubroom":[],"class_list":{"0":"post-5882640","1":"product","2":"type-product","3":"status-publish","4":"has-post-thumbnail","6":"product_cat-deco-fr","7":"product_cat-paravents","8":"product_tag-exclusive-fr","9":"product_designer-goossens-fr","10":"manufacturer-goossens-paris-fr","11":"reporting_designer-goossens","13":"first","14":"instock","15":"taxable","16":"shipping-taxable","17":"purchasable","18":"product-type-simple"},"acf":[],"_links":{"self":[{"href":"https:\/\/theinvisiblecollection.com\/fr\/wp-json\/wp\/v2\/product\/5882640","targetHints":{"allow":["GET"]}}],"collection":[{"href":"https:\/\/theinvisiblecollection.com\/fr\/wp-json\/wp\/v2\/product"}],"about":[{"href":"https:\/\/theinvisiblecollection.com\/fr\/wp-json\/wp\/v2\/types\/product"}],"wp:featuredmedia":[{"embeddable":true,"href":"https:\/\/theinvisiblecollection.com\/fr\/wp-json\/wp\/v2\/media\/5882638"}],"wp:attachment":[{"href":"https:\/\/theinvisiblecollection.com\/fr\/wp-json\/wp\/v2\/media?parent=5882640"}],"wp:term":[{"taxonomy":"product_brand","embeddable":true,"href":"https:\/\/theinvisiblecollection.com\/fr\/wp-json\/wp\/v2\/product_brand?post=5882640"},{"taxonomy":"product_cat","embeddable":true,"href":"https:\/\/theinvisiblecollection.com\/fr\/wp-json\/wp\/v2\/product_cat?post=5882640"},{"taxonomy":"product_tag","embeddable":true,"href":"https:\/\/theinvisiblecollection.com\/fr\/wp-json\/wp\/v2\/product_tag?post=5882640"},{"taxonomy":"product_designer","embeddable":true,"href":"https:\/\/theinvisiblecollection.com\/fr\/wp-json\/wp\/v2\/product_designer?post=5882640"},{"taxonomy":"comfabric","embeddable":true,"href":"https:\/\/theinvisiblecollection.com\/fr\/wp-json\/wp\/v2\/comfabric?post=5882640"},{"taxonomy":"manufacturer","embeddable":true,"href":"https:\/\/theinvisiblecollection.com\/fr\/wp-json\/wp\/v2\/manufacturer?post=5882640"},{"taxonomy":"reporting_designer","embeddable":true,"href":"https:\/\/theinvisiblecollection.com\/fr\/wp-json\/wp\/v2\/reporting_designer?post=5882640"},{"taxonomy":"samplecomfabric","embeddable":true,"href":"https:\/\/theinvisiblecollection.com\/fr\/wp-json\/wp\/v2\/samplecomfabric?post=5882640"},{"taxonomy":"clubroom_product_designer","embeddable":true,"href":"https:\/\/theinvisiblecollection.com\/fr\/wp-json\/wp\/v2\/designer_clubroom?post=5882640"}],"curies":[{"name":"wp","href":"https:\/\/api.w.org\/{rel}","templated":true}]}}