{"id":5882642,"date":"2026-01-13T15:04:38","date_gmt":"2026-01-13T15:04:38","guid":{"rendered":"https:\/\/theinvisiblecollection.com\/?post_type=product&#038;p=5882642"},"modified":"2026-05-01T07:37:05","modified_gmt":"2026-05-01T07:37:05","slug":"goossens-lanterne-talismans","status":"publish","type":"product","link":"https:\/\/theinvisiblecollection.com\/fr\/produit\/goossens-lanterne-talismans\/","title":{"rendered":"Lanterne Talismans"},"content":{"rendered":"<p style=\"text-align: justify;\">Nouveaut\u00e9 de la Maison Goossens. Les Talismans des collections bijoux se transforment en Talismans d\u00e9coratifs. Habill\u00e9e d\u2019une ronde de Talismans sculpt\u00e9s en forme de corail, colombe, tr\u00e8fle ou fleur soleil, la nouvelle Lanterne Talismans propose une r\u00e9interpr\u00e9tation de l\u2019iconique Lanterne Brutaliste. Avec sa silhouette pentagonale, elle illumine les int\u00e9rieurs avec style.<\/p>\n","protected":false},"excerpt":{"rendered":"<p>Nouveaut\u00e9 de la Maison Goossens. Les Talismans des collections bijoux se transforment en Talismans d\u00e9coratifs. Habill\u00e9e d\u2019une ronde de Talismans sculpt\u00e9s en forme de corail, colombe, tr\u00e8fle ou fleur soleil, la nouvelle Lanterne Talismans propose une r\u00e9interpr\u00e9tation de l\u2019iconique Lanterne Brutaliste. Avec sa silhouette pentagonale, elle illumine les int\u00e9rieurs avec style.<\/p>\n","protected":false},"featured_media":5882652,"template":"","meta":{"_acf_changed":false,"content-type":"","_themeisle_gutenberg_block_has_review":false},"product_brand":[],"product_cat":[8961,12507],"product_tag":[35206,9200,9728,31476],"product_designer":[8928],"comfabric":[],"manufacturer":[16919],"reporting_designer":[37524],"samplecomfabric":[],"designer_clubroom":[],"class_list":{"0":"post-5882642","1":"product","2":"type-product","3":"status-publish","4":"has-post-thumbnail","6":"product_cat-suspensions","7":"product_cat-luminaires","8":"product_tag-exclusive-fr","9":"product_tag-luminaire-fr-2","10":"product_tag-chandelier-fr","11":"product_tag-st-collectible-fr","12":"product_designer-goossens-fr","13":"manufacturer-goossens-paris-fr","14":"reporting_designer-goossens","16":"first","17":"onbackorder","18":"taxable","19":"shipping-taxable","20":"product-type-variable"},"acf":[],"_links":{"self":[{"href":"https:\/\/theinvisiblecollection.com\/fr\/wp-json\/wp\/v2\/product\/5882642","targetHints":{"allow":["GET"]}}],"collection":[{"href":"https:\/\/theinvisiblecollection.com\/fr\/wp-json\/wp\/v2\/product"}],"about":[{"href":"https:\/\/theinvisiblecollection.com\/fr\/wp-json\/wp\/v2\/types\/product"}],"wp:featuredmedia":[{"embeddable":true,"href":"https:\/\/theinvisiblecollection.com\/fr\/wp-json\/wp\/v2\/media\/5882652"}],"wp:attachment":[{"href":"https:\/\/theinvisiblecollection.com\/fr\/wp-json\/wp\/v2\/media?parent=5882642"}],"wp:term":[{"taxonomy":"product_brand","embeddable":true,"href":"https:\/\/theinvisiblecollection.com\/fr\/wp-json\/wp\/v2\/product_brand?post=5882642"},{"taxonomy":"product_cat","embeddable":true,"href":"https:\/\/theinvisiblecollection.com\/fr\/wp-json\/wp\/v2\/product_cat?post=5882642"},{"taxonomy":"product_tag","embeddable":true,"href":"https:\/\/theinvisiblecollection.com\/fr\/wp-json\/wp\/v2\/product_tag?post=5882642"},{"taxonomy":"product_designer","embeddable":true,"href":"https:\/\/theinvisiblecollection.com\/fr\/wp-json\/wp\/v2\/product_designer?post=5882642"},{"taxonomy":"comfabric","embeddable":true,"href":"https:\/\/theinvisiblecollection.com\/fr\/wp-json\/wp\/v2\/comfabric?post=5882642"},{"taxonomy":"manufacturer","embeddable":true,"href":"https:\/\/theinvisiblecollection.com\/fr\/wp-json\/wp\/v2\/manufacturer?post=5882642"},{"taxonomy":"reporting_designer","embeddable":true,"href":"https:\/\/theinvisiblecollection.com\/fr\/wp-json\/wp\/v2\/reporting_designer?post=5882642"},{"taxonomy":"samplecomfabric","embeddable":true,"href":"https:\/\/theinvisiblecollection.com\/fr\/wp-json\/wp\/v2\/samplecomfabric?post=5882642"},{"taxonomy":"clubroom_product_designer","embeddable":true,"href":"https:\/\/theinvisiblecollection.com\/fr\/wp-json\/wp\/v2\/designer_clubroom?post=5882642"}],"curies":[{"name":"wp","href":"https:\/\/api.w.org\/{rel}","templated":true}]}}