{"id":5882675,"date":"2026-01-13T15:44:09","date_gmt":"2026-01-13T15:44:09","guid":{"rendered":"https:\/\/theinvisiblecollection.com\/?post_type=product&#038;p=5882675"},"modified":"2026-05-08T04:38:24","modified_gmt":"2026-05-08T04:38:24","slug":"leo-sentou-canape-ondine","status":"publish","type":"product","link":"https:\/\/theinvisiblecollection.com\/fr\/produit\/leo-sentou-canape-ondine\/","title":{"rendered":"Canap\u00e9 Ondine"},"content":{"rendered":"<p style=\"text-align: justify;\">Le canap\u00e9 Ondine. s\u2019inspire de l\u2019\u00e9l\u00e9gante \u00ab berg\u00e8re en gondole \u00bb, con\u00e7ue par le menuisier parisien Antoine Bonnemain (re\u00e7u ma\u00eetre en 1753). Fabriqu\u00e9 avec un savoir-faire exceptionnel en Europe par des artisans qualifi\u00e9s, ce fauteuil pr\u00e9sente un rembourrage int\u00e9gral et repose sur quatre pieds en ch\u00eane massif. Son m\u00e9daillon de dossier embl\u00e9matique \u2014 symbole du mobilier Louis XVI \u2014 a \u00e9t\u00e9 r\u00e9interpr\u00e9t\u00e9 dans le tissu capitonn\u00e9, offrant un hommage sculptural et contemporain \u00e0 l\u2019\u00e9l\u00e9gance intemporelle du design fran\u00e7ais.<\/p>\n","protected":false},"excerpt":{"rendered":"<p>Chaise tapiss\u00e9e ici en Pierre Frey Cheyenne, couleur caramel<br \/>\n<a href=\"https:\/\/theinvisiblecollection.com\/wp-content\/uploads\/2022\/12\/TheInvisibleCollection_Leo_Sentou_Fabric_Selection_Cheyenne1.pdf\" target=\"_blank\" rel=\"noopener\"><span style=\"text-decoration: underline;\">D\u00e9couvrez la s\u00e9lection de tissus ici<\/span><\/a><br \/>\nStructure en ch\u00eane chaul\u00e9<br \/>\n\u00c9galement disponible en blanc sans tissu<br \/>\nBois et tissus sur-mesure sur demande<\/p>\n<p>L 54 x P 45 x H 92 cm<br \/>\nHauteur d&#8217;assise : 47 cm<br \/>\nTissu requis : 1.5 m<\/p>\n<p>Fabriqu\u00e9e \u00e0 la main en Europe<br \/>\nD\u00e9lais de fabrication : 12 semaines<\/p>\n<p><span style=\"text-decoration: underline;\"><a href=\"https:\/\/www.theinvisiblecollection.com\/fr\/demande-de-devis\/?product_id=5739774\" target=\"_blank\" rel=\"noopener\">Contactez-nous pour toute demande de devis ou de renseignements<\/a><\/span><\/p>\n","protected":false},"featured_media":5901108,"template":"","meta":{"_acf_changed":false,"content-type":"","_themeisle_gutenberg_block_has_review":false},"product_brand":[],"product_cat":[8976,12499],"product_tag":[22790,35206],"product_designer":[19809],"comfabric":[34000],"manufacturer":[33998],"reporting_designer":[37422],"samplecomfabric":[34002],"designer_clubroom":[],"class_list":{"0":"post-5882675","1":"product","2":"type-product","3":"status-publish","4":"has-post-thumbnail","6":"product_cat-canapes","7":"product_cat-assises","8":"product_tag-disponible-immediatement","9":"product_tag-exclusive-fr","10":"pa_size-grand-fr","11":"pa_size-moyen","12":"pa_size-petit","13":"product_designer-leo-sentou-fr","14":"comfabric-ad-sourcing-fr","15":"manufacturer-ad-sourcing-fr","16":"reporting_designer-leo-sentou-fr","17":"samplecomfabric-ad-sourcing-fr","18":"exhibitions-londres-fr","20":"first","21":"instock","22":"taxable","23":"shipping-taxable","24":"purchasable","25":"product-type-variable"},"acf":[],"_links":{"self":[{"href":"https:\/\/theinvisiblecollection.com\/fr\/wp-json\/wp\/v2\/product\/5882675","targetHints":{"allow":["GET"]}}],"collection":[{"href":"https:\/\/theinvisiblecollection.com\/fr\/wp-json\/wp\/v2\/product"}],"about":[{"href":"https:\/\/theinvisiblecollection.com\/fr\/wp-json\/wp\/v2\/types\/product"}],"wp:featuredmedia":[{"embeddable":true,"href":"https:\/\/theinvisiblecollection.com\/fr\/wp-json\/wp\/v2\/media\/5901108"}],"wp:attachment":[{"href":"https:\/\/theinvisiblecollection.com\/fr\/wp-json\/wp\/v2\/media?parent=5882675"}],"wp:term":[{"taxonomy":"product_brand","embeddable":true,"href":"https:\/\/theinvisiblecollection.com\/fr\/wp-json\/wp\/v2\/product_brand?post=5882675"},{"taxonomy":"product_cat","embeddable":true,"href":"https:\/\/theinvisiblecollection.com\/fr\/wp-json\/wp\/v2\/product_cat?post=5882675"},{"taxonomy":"product_tag","embeddable":true,"href":"https:\/\/theinvisiblecollection.com\/fr\/wp-json\/wp\/v2\/product_tag?post=5882675"},{"taxonomy":"product_designer","embeddable":true,"href":"https:\/\/theinvisiblecollection.com\/fr\/wp-json\/wp\/v2\/product_designer?post=5882675"},{"taxonomy":"comfabric","embeddable":true,"href":"https:\/\/theinvisiblecollection.com\/fr\/wp-json\/wp\/v2\/comfabric?post=5882675"},{"taxonomy":"manufacturer","embeddable":true,"href":"https:\/\/theinvisiblecollection.com\/fr\/wp-json\/wp\/v2\/manufacturer?post=5882675"},{"taxonomy":"reporting_designer","embeddable":true,"href":"https:\/\/theinvisiblecollection.com\/fr\/wp-json\/wp\/v2\/reporting_designer?post=5882675"},{"taxonomy":"samplecomfabric","embeddable":true,"href":"https:\/\/theinvisiblecollection.com\/fr\/wp-json\/wp\/v2\/samplecomfabric?post=5882675"},{"taxonomy":"clubroom_product_designer","embeddable":true,"href":"https:\/\/theinvisiblecollection.com\/fr\/wp-json\/wp\/v2\/designer_clubroom?post=5882675"}],"curies":[{"name":"wp","href":"https:\/\/api.w.org\/{rel}","templated":true}]}}