{"id":5883076,"date":"2026-01-14T13:52:38","date_gmt":"2026-01-14T13:52:38","guid":{"rendered":"https:\/\/theinvisiblecollection.com\/?post_type=product&#038;p=5883076"},"modified":"2026-05-08T04:38:24","modified_gmt":"2026-05-08T04:38:24","slug":"oud-architecture-fauteuil-old-cataract","status":"publish","type":"product","link":"https:\/\/theinvisiblecollection.com\/fr\/produit\/oud-architecture-fauteuil-old-cataract\/","title":{"rendered":"Fauteuil Old Cataract"},"content":{"rendered":"<p>H\u00e9ritier des chaises pliantes que les \u00c9gyptiens emportaient lors de leurs d\u00e9placements, le fauteuil s\u2019\u00e9rige \u00e0 la fois en objet de voyage et de pouvoir. Les sceptres qui s\u2019y dessinent nous rappellent que s\u2019asseoir rel\u00e8ve autant du geste quotidien que du rituel.<\/p>\n<p>Ce meuble fait partie d\u2019une collection originale sp\u00e9cialement cr\u00e9\u00e9e pour l\u2019exposition <i>Le Salon des Nouveaux Ensembliers<\/i>, organis\u00e9e par le Mobilier national \u00e0 l\u2019occasion du centenaire de l\u2019Art d\u00e9co, en proposant une r\u00e9interpr\u00e9tation contemporaine du d\u00e9cor d\u2019une ambassade fran\u00e7aise. OUD a imagin\u00e9 le bureau de l\u2019Ambassadeur de France en \u00c9gypte en s\u2019inspirant de l\u2019h\u00e9ritage mill\u00e9naire du symbolisme et de l\u2019imaginaire \u00e9gyptiens.<br \/>\nPhoto cr\u00e9dit\u00e9e par Alexis Armanet<\/p>\n","protected":false},"excerpt":{"rendered":"<p>H\u00e9ritier des chaises pliantes que les \u00c9gyptiens emportaient lors de leurs d\u00e9placements, le fauteuil s\u2019\u00e9rige \u00e0 la fois en objet de voyage et de pouvoir. Les sceptres qui s\u2019y dessinent nous rappellent que s\u2019asseoir rel\u00e8ve autant du geste quotidien que du rituel. Ce meuble fait partie d\u2019une collection originale sp\u00e9cialement cr\u00e9\u00e9e pour l\u2019exposition Le Salon [&hellip;]<\/p>\n","protected":false},"featured_media":5895471,"template":"","meta":{"_acf_changed":false,"content-type":"","_themeisle_gutenberg_block_has_review":false},"product_brand":[],"product_cat":[8945,12499],"product_tag":[8942,9017,33319,35206],"product_designer":[36391],"comfabric":[],"manufacturer":[18495],"reporting_designer":[37220],"samplecomfabric":[],"designer_clubroom":[],"class_list":{"0":"post-5883076","1":"product","2":"type-product","3":"status-publish","4":"has-post-thumbnail","6":"product_cat-fauteuils","7":"product_cat-assises","8":"product_tag-assise","9":"product_tag-chaise","10":"product_tag-edition-limitee","11":"product_tag-exclusive-fr","12":"product_designer-oud-architecture-fr","13":"manufacturer-siegeair-fr","14":"reporting_designer-oud-architecture","16":"first","17":"instock","18":"taxable","19":"shipping-taxable","20":"purchasable","21":"product-type-simple"},"acf":[],"_links":{"self":[{"href":"https:\/\/theinvisiblecollection.com\/fr\/wp-json\/wp\/v2\/product\/5883076","targetHints":{"allow":["GET"]}}],"collection":[{"href":"https:\/\/theinvisiblecollection.com\/fr\/wp-json\/wp\/v2\/product"}],"about":[{"href":"https:\/\/theinvisiblecollection.com\/fr\/wp-json\/wp\/v2\/types\/product"}],"wp:featuredmedia":[{"embeddable":true,"href":"https:\/\/theinvisiblecollection.com\/fr\/wp-json\/wp\/v2\/media\/5895471"}],"wp:attachment":[{"href":"https:\/\/theinvisiblecollection.com\/fr\/wp-json\/wp\/v2\/media?parent=5883076"}],"wp:term":[{"taxonomy":"product_brand","embeddable":true,"href":"https:\/\/theinvisiblecollection.com\/fr\/wp-json\/wp\/v2\/product_brand?post=5883076"},{"taxonomy":"product_cat","embeddable":true,"href":"https:\/\/theinvisiblecollection.com\/fr\/wp-json\/wp\/v2\/product_cat?post=5883076"},{"taxonomy":"product_tag","embeddable":true,"href":"https:\/\/theinvisiblecollection.com\/fr\/wp-json\/wp\/v2\/product_tag?post=5883076"},{"taxonomy":"product_designer","embeddable":true,"href":"https:\/\/theinvisiblecollection.com\/fr\/wp-json\/wp\/v2\/product_designer?post=5883076"},{"taxonomy":"comfabric","embeddable":true,"href":"https:\/\/theinvisiblecollection.com\/fr\/wp-json\/wp\/v2\/comfabric?post=5883076"},{"taxonomy":"manufacturer","embeddable":true,"href":"https:\/\/theinvisiblecollection.com\/fr\/wp-json\/wp\/v2\/manufacturer?post=5883076"},{"taxonomy":"reporting_designer","embeddable":true,"href":"https:\/\/theinvisiblecollection.com\/fr\/wp-json\/wp\/v2\/reporting_designer?post=5883076"},{"taxonomy":"samplecomfabric","embeddable":true,"href":"https:\/\/theinvisiblecollection.com\/fr\/wp-json\/wp\/v2\/samplecomfabric?post=5883076"},{"taxonomy":"clubroom_product_designer","embeddable":true,"href":"https:\/\/theinvisiblecollection.com\/fr\/wp-json\/wp\/v2\/designer_clubroom?post=5883076"}],"curies":[{"name":"wp","href":"https:\/\/api.w.org\/{rel}","templated":true}]}}