{"id":5883084,"date":"2026-01-14T14:07:30","date_gmt":"2026-01-14T14:07:30","guid":{"rendered":"https:\/\/theinvisiblecollection.com\/?post_type=product&#038;p=5883084"},"modified":"2026-05-01T07:37:05","modified_gmt":"2026-05-01T07:37:05","slug":"oud-architecture-table-brule-encens-orion","status":"publish","type":"product","link":"https:\/\/theinvisiblecollection.com\/fr\/produit\/oud-architecture-table-brule-encens-orion\/","title":{"rendered":"Table br\u00fble-encens Orion"},"content":{"rendered":"<p>Dans l\u2019atmosph\u00e8re recueillie de l\u2019encens, la table esquisse une carte du ciel. S\u2019y entrelacent, autour de la constellation d\u2019Orion, les symboles \u00e9gyptiens de protection et de renaissance : un cobra, un scarab\u00e9e, l\u2019\u0153il d\u2019Horus.<\/p>\n<p>Ce meuble fait partie d\u2019une collection originale sp\u00e9cialement cr\u00e9\u00e9e pour l\u2019exposition <i>Le Salon des Nouveaux Ensembliers<\/i>, organis\u00e9e par le Mobilier national \u00e0 l\u2019occasion du centenaire de l\u2019Art d\u00e9co, en proposant une r\u00e9interpr\u00e9tation contemporaine du d\u00e9cor d\u2019une ambassade fran\u00e7aise. OUD a imagin\u00e9 le bureau de l\u2019Ambassadeur de France en \u00c9gypte en s\u2019inspirant de l\u2019h\u00e9ritage mill\u00e9naire du symbolisme et de l\u2019imaginaire \u00e9gyptiens.<br \/>\nPhoto cr\u00e9dit\u00e9e par Alexis Armanet<\/p>\n","protected":false},"excerpt":{"rendered":"<p>Dans l\u2019atmosph\u00e8re recueillie de l\u2019encens, la table esquisse une carte du ciel. S\u2019y entrelacent, autour de la constellation d\u2019Orion, les symboles \u00e9gyptiens de protection et de renaissance : un cobra, un scarab\u00e9e, l\u2019\u0153il d\u2019Horus. Ce meuble fait partie d\u2019une collection originale sp\u00e9cialement cr\u00e9\u00e9e pour l\u2019exposition Le Salon des Nouveaux Ensembliers, organis\u00e9e par le Mobilier national [&hellip;]<\/p>\n","protected":false},"featured_media":5895469,"template":"","meta":{"_acf_changed":false,"content-type":"","_themeisle_gutenberg_block_has_review":false},"product_brand":[],"product_cat":[7509,12503],"product_tag":[31476,33319,35206],"product_designer":[36391],"comfabric":[],"manufacturer":[36420],"reporting_designer":[37220],"samplecomfabric":[],"designer_clubroom":[],"class_list":{"0":"post-5883084","1":"product","2":"type-product","3":"status-publish","4":"has-post-thumbnail","6":"product_cat-tables-basses-dappoint","7":"product_cat-tables-fr","8":"product_tag-st-collectible-fr","9":"product_tag-edition-limitee","10":"product_tag-exclusive-fr","11":"product_designer-oud-architecture-fr","12":"manufacturer-oud-pick-up-jean-brieuc-atelier-fr","13":"reporting_designer-oud-architecture","15":"first","16":"instock","17":"taxable","18":"shipping-taxable","19":"purchasable","20":"product-type-simple"},"acf":[],"_links":{"self":[{"href":"https:\/\/theinvisiblecollection.com\/fr\/wp-json\/wp\/v2\/product\/5883084","targetHints":{"allow":["GET"]}}],"collection":[{"href":"https:\/\/theinvisiblecollection.com\/fr\/wp-json\/wp\/v2\/product"}],"about":[{"href":"https:\/\/theinvisiblecollection.com\/fr\/wp-json\/wp\/v2\/types\/product"}],"wp:featuredmedia":[{"embeddable":true,"href":"https:\/\/theinvisiblecollection.com\/fr\/wp-json\/wp\/v2\/media\/5895469"}],"wp:attachment":[{"href":"https:\/\/theinvisiblecollection.com\/fr\/wp-json\/wp\/v2\/media?parent=5883084"}],"wp:term":[{"taxonomy":"product_brand","embeddable":true,"href":"https:\/\/theinvisiblecollection.com\/fr\/wp-json\/wp\/v2\/product_brand?post=5883084"},{"taxonomy":"product_cat","embeddable":true,"href":"https:\/\/theinvisiblecollection.com\/fr\/wp-json\/wp\/v2\/product_cat?post=5883084"},{"taxonomy":"product_tag","embeddable":true,"href":"https:\/\/theinvisiblecollection.com\/fr\/wp-json\/wp\/v2\/product_tag?post=5883084"},{"taxonomy":"product_designer","embeddable":true,"href":"https:\/\/theinvisiblecollection.com\/fr\/wp-json\/wp\/v2\/product_designer?post=5883084"},{"taxonomy":"comfabric","embeddable":true,"href":"https:\/\/theinvisiblecollection.com\/fr\/wp-json\/wp\/v2\/comfabric?post=5883084"},{"taxonomy":"manufacturer","embeddable":true,"href":"https:\/\/theinvisiblecollection.com\/fr\/wp-json\/wp\/v2\/manufacturer?post=5883084"},{"taxonomy":"reporting_designer","embeddable":true,"href":"https:\/\/theinvisiblecollection.com\/fr\/wp-json\/wp\/v2\/reporting_designer?post=5883084"},{"taxonomy":"samplecomfabric","embeddable":true,"href":"https:\/\/theinvisiblecollection.com\/fr\/wp-json\/wp\/v2\/samplecomfabric?post=5883084"},{"taxonomy":"clubroom_product_designer","embeddable":true,"href":"https:\/\/theinvisiblecollection.com\/fr\/wp-json\/wp\/v2\/designer_clubroom?post=5883084"}],"curies":[{"name":"wp","href":"https:\/\/api.w.org\/{rel}","templated":true}]}}