{"id":5883226,"date":"2026-01-15T10:49:44","date_gmt":"2026-01-15T10:49:44","guid":{"rendered":"https:\/\/theinvisiblecollection.com\/?post_type=product&#038;p=5883226"},"modified":"2026-05-01T07:37:05","modified_gmt":"2026-05-01T07:37:05","slug":"oud-architecture-canape-sobek","status":"publish","type":"product","link":"https:\/\/theinvisiblecollection.com\/fr\/produit\/oud-architecture-canape-sobek\/","title":{"rendered":"Canap\u00e9 Sobek"},"content":{"rendered":"<p>Inspir\u00e9 du dieu crocodile, le canap\u00e9 Sobek d\u00e9ploie une silhouette \u00e9vocatrice, travers\u00e9e d\u2019un \u00e9clat d\u2019or rappelant le Nil sacr\u00e9. La gouge trace des reliefs subtils, m\u00e9moire d\u2019\u00e9cailles.<\/p>\n<p>Ce meuble fait partie d\u2019une collection originale sp\u00e9cialement cr\u00e9\u00e9e pour l\u2019exposition <i>Le Salon des Nouveaux Ensembliers<\/i>, organis\u00e9e par le Mobilier national \u00e0 l\u2019occasion du centenaire de l\u2019Art d\u00e9co, en proposant une r\u00e9interpr\u00e9tation contemporaine du d\u00e9cor d\u2019une ambassade fran\u00e7aise. OUD a imagin\u00e9 le bureau de l\u2019Ambassadeur de France en \u00c9gypte en s\u2019inspirant de l\u2019h\u00e9ritage mill\u00e9naire du symbolisme et de l\u2019imaginaire \u00e9gyptiens.<br \/>\nPhoto cr\u00e9dit\u00e9e par Alexis Armanet<\/p>\n","protected":false},"excerpt":{"rendered":"<p>Inspir\u00e9 du dieu crocodile, le canap\u00e9 Sobek d\u00e9ploie une silhouette \u00e9vocatrice, travers\u00e9e d\u2019un \u00e9clat d\u2019or rappelant le Nil sacr\u00e9. La gouge trace des reliefs subtils, m\u00e9moire d\u2019\u00e9cailles. Ce meuble fait partie d\u2019une collection originale sp\u00e9cialement cr\u00e9\u00e9e pour l\u2019exposition Le Salon des Nouveaux Ensembliers, organis\u00e9e par le Mobilier national \u00e0 l\u2019occasion du centenaire de l\u2019Art d\u00e9co, [&hellip;]<\/p>\n","protected":false},"featured_media":5895465,"template":"","meta":{"_acf_changed":false,"content-type":"","_themeisle_gutenberg_block_has_review":false},"product_brand":[],"product_cat":[8976,12499],"product_tag":[31477,33319,35206,8942,8944],"product_designer":[36391],"comfabric":[],"manufacturer":[36864],"reporting_designer":[37220],"samplecomfabric":[],"designer_clubroom":[],"class_list":{"0":"post-5883226","1":"product","2":"type-product","3":"status-publish","4":"has-post-thumbnail","6":"product_cat-canapes","7":"product_cat-assises","8":"product_tag-st-curvy-fr","9":"product_tag-edition-limitee","10":"product_tag-exclusive-fr","11":"product_tag-assise","12":"product_tag-canape","13":"product_designer-oud-architecture-fr","14":"manufacturer-oud-pick-up-atelier-winoc-fr","15":"reporting_designer-oud-architecture","17":"first","18":"instock","19":"taxable","20":"shipping-taxable","21":"purchasable","22":"product-type-variable"},"acf":[],"_links":{"self":[{"href":"https:\/\/theinvisiblecollection.com\/fr\/wp-json\/wp\/v2\/product\/5883226","targetHints":{"allow":["GET"]}}],"collection":[{"href":"https:\/\/theinvisiblecollection.com\/fr\/wp-json\/wp\/v2\/product"}],"about":[{"href":"https:\/\/theinvisiblecollection.com\/fr\/wp-json\/wp\/v2\/types\/product"}],"wp:featuredmedia":[{"embeddable":true,"href":"https:\/\/theinvisiblecollection.com\/fr\/wp-json\/wp\/v2\/media\/5895465"}],"wp:attachment":[{"href":"https:\/\/theinvisiblecollection.com\/fr\/wp-json\/wp\/v2\/media?parent=5883226"}],"wp:term":[{"taxonomy":"product_brand","embeddable":true,"href":"https:\/\/theinvisiblecollection.com\/fr\/wp-json\/wp\/v2\/product_brand?post=5883226"},{"taxonomy":"product_cat","embeddable":true,"href":"https:\/\/theinvisiblecollection.com\/fr\/wp-json\/wp\/v2\/product_cat?post=5883226"},{"taxonomy":"product_tag","embeddable":true,"href":"https:\/\/theinvisiblecollection.com\/fr\/wp-json\/wp\/v2\/product_tag?post=5883226"},{"taxonomy":"product_designer","embeddable":true,"href":"https:\/\/theinvisiblecollection.com\/fr\/wp-json\/wp\/v2\/product_designer?post=5883226"},{"taxonomy":"comfabric","embeddable":true,"href":"https:\/\/theinvisiblecollection.com\/fr\/wp-json\/wp\/v2\/comfabric?post=5883226"},{"taxonomy":"manufacturer","embeddable":true,"href":"https:\/\/theinvisiblecollection.com\/fr\/wp-json\/wp\/v2\/manufacturer?post=5883226"},{"taxonomy":"reporting_designer","embeddable":true,"href":"https:\/\/theinvisiblecollection.com\/fr\/wp-json\/wp\/v2\/reporting_designer?post=5883226"},{"taxonomy":"samplecomfabric","embeddable":true,"href":"https:\/\/theinvisiblecollection.com\/fr\/wp-json\/wp\/v2\/samplecomfabric?post=5883226"},{"taxonomy":"clubroom_product_designer","embeddable":true,"href":"https:\/\/theinvisiblecollection.com\/fr\/wp-json\/wp\/v2\/designer_clubroom?post=5883226"}],"curies":[{"name":"wp","href":"https:\/\/api.w.org\/{rel}","templated":true}]}}