{"id":5883254,"date":"2026-01-15T11:31:09","date_gmt":"2026-01-15T11:31:09","guid":{"rendered":"https:\/\/theinvisiblecollection.com\/?post_type=product&#038;p=5883254"},"modified":"2026-05-01T07:37:05","modified_gmt":"2026-05-01T07:37:05","slug":"oud-architecture-suspension-nout","status":"publish","type":"product","link":"https:\/\/theinvisiblecollection.com\/fr\/produit\/oud-architecture-suspension-nout\/","title":{"rendered":"Suspension Nout"},"content":{"rendered":"<p style=\"text-align: justify;\"><span class=\"TextRun SCXW11344996 BCX8\" lang=\"EN-GB\" xml:lang=\"EN-GB\" data-contrast=\"auto\"><span class=\"NormalTextRun SCXW11344996 BCX8\">Dans\u00a0<\/span><span class=\"NormalTextRun SpellingErrorV2Themed SCXW11344996 BCX8\">l\u2019\u00c9gypte<\/span><span class=\"NormalTextRun SCXW11344996 BCX8\">\u00a0<\/span><span class=\"NormalTextRun SpellingErrorV2Themed SCXW11344996 BCX8\">ancienne<\/span><span class=\"NormalTextRun SCXW11344996 BCX8\">, le globe\u00a0<\/span><span class=\"NormalTextRun SpellingErrorV2Themed SCXW11344996 BCX8\">solaire<\/span><span class=\"NormalTextRun SCXW11344996 BCX8\">\u00a0<\/span><span class=\"NormalTextRun SpellingErrorV2Themed SCXW11344996 BCX8\">entour\u00e9<\/span><span class=\"NormalTextRun SCXW11344996 BCX8\">\u00a0d\u2019un serpent est un\u00a0<\/span><span class=\"NormalTextRun SpellingErrorV2Themed SCXW11344996 BCX8\">symbole<\/span><span class=\"NormalTextRun SCXW11344996 BCX8\">\u00a0de protection et de\u00a0<\/span><span class=\"NormalTextRun SpellingErrorV2Themed SCXW11344996 BCX8\">r\u00e9g\u00e9n\u00e9ration<\/span><span class=\"NormalTextRun SCXW11344996 BCX8\">. <\/span><\/span><span class=\"TextRun SCXW11344996 BCX8\" lang=\"EN-GB\" xml:lang=\"EN-GB\" data-contrast=\"auto\"><span class=\"NormalTextRun SCXW11344996 BCX8\">Il <\/span><span class=\"NormalTextRun SpellingErrorV2Themed SCXW11344996 BCX8\">garantit <\/span><span class=\"NormalTextRun SpellingErrorV2Themed SCXW11344996 BCX8\">que <\/span><span class=\"NormalTextRun SpellingErrorV2Themed SCXW11344996 BCX8\">l\u2019astre <\/span><span class=\"NormalTextRun SpellingErrorV2Themed SCXW11344996 BCX8\">rena\u00eetra <\/span><span class=\"NormalTextRun SpellingErrorV2Themed SCXW11344996 BCX8\">chaque <\/span><span class=\"NormalTextRun SCXW11344996 BCX8\">matin apr\u00e8s son passage dans l&#8217;obscurit\u00e9.<\/span><\/span><\/p>\n<p>Ce meuble fait partie d\u2019une collection originale sp\u00e9cialement cr\u00e9\u00e9e pour l\u2019exposition <i>Le Salon des Nouveaux Ensembliers<\/i>, organis\u00e9e par le Mobilier national \u00e0 l\u2019occasion du centenaire de l\u2019Art d\u00e9co, en proposant une r\u00e9interpr\u00e9tation contemporaine du d\u00e9cor d\u2019une ambassade fran\u00e7aise. OUD a imagin\u00e9 le bureau de l\u2019Ambassadeur de France en \u00c9gypte en s\u2019inspirant de l\u2019h\u00e9ritage mill\u00e9naire du symbolisme et de l\u2019imaginaire \u00e9gyptiens.<br \/>\nPhoto cr\u00e9dit\u00e9e par Yannick Labrousse<\/p>\n","protected":false},"excerpt":{"rendered":"<p>Dans\u00a0l\u2019\u00c9gypte\u00a0ancienne, le globe\u00a0solaire\u00a0entour\u00e9\u00a0d\u2019un serpent est un\u00a0symbole\u00a0de protection et de\u00a0r\u00e9g\u00e9n\u00e9ration. Il garantit que l\u2019astre rena\u00eetra chaque matin apr\u00e8s son passage dans l&#8217;obscurit\u00e9. Ce meuble fait partie d\u2019une collection originale sp\u00e9cialement cr\u00e9\u00e9e pour l\u2019exposition Le Salon des Nouveaux Ensembliers, organis\u00e9e par le Mobilier national \u00e0 l\u2019occasion du centenaire de l\u2019Art d\u00e9co, en proposant une r\u00e9interpr\u00e9tation contemporaine du [&hellip;]<\/p>\n","protected":false},"featured_media":5883258,"template":"","meta":{"_acf_changed":false,"content-type":"","_themeisle_gutenberg_block_has_review":false},"product_brand":[],"product_cat":[8961,12507],"product_tag":[9200,9728,33319,35206],"product_designer":[36391],"comfabric":[],"manufacturer":[36414],"reporting_designer":[37220],"samplecomfabric":[],"designer_clubroom":[],"class_list":{"0":"post-5883254","1":"product","2":"type-product","3":"status-publish","4":"has-post-thumbnail","6":"product_cat-suspensions","7":"product_cat-luminaires","8":"product_tag-luminaire-fr-2","9":"product_tag-chandelier-fr","10":"product_tag-edition-limitee","11":"product_tag-exclusive-fr","12":"product_designer-oud-architecture-fr","13":"manufacturer-oud-pick-up-atelier-franois-pouenat-fr","14":"reporting_designer-oud-architecture","16":"first","17":"instock","18":"taxable","19":"shipping-taxable","20":"purchasable","21":"product-type-simple"},"acf":[],"_links":{"self":[{"href":"https:\/\/theinvisiblecollection.com\/fr\/wp-json\/wp\/v2\/product\/5883254","targetHints":{"allow":["GET"]}}],"collection":[{"href":"https:\/\/theinvisiblecollection.com\/fr\/wp-json\/wp\/v2\/product"}],"about":[{"href":"https:\/\/theinvisiblecollection.com\/fr\/wp-json\/wp\/v2\/types\/product"}],"wp:featuredmedia":[{"embeddable":true,"href":"https:\/\/theinvisiblecollection.com\/fr\/wp-json\/wp\/v2\/media\/5883258"}],"wp:attachment":[{"href":"https:\/\/theinvisiblecollection.com\/fr\/wp-json\/wp\/v2\/media?parent=5883254"}],"wp:term":[{"taxonomy":"product_brand","embeddable":true,"href":"https:\/\/theinvisiblecollection.com\/fr\/wp-json\/wp\/v2\/product_brand?post=5883254"},{"taxonomy":"product_cat","embeddable":true,"href":"https:\/\/theinvisiblecollection.com\/fr\/wp-json\/wp\/v2\/product_cat?post=5883254"},{"taxonomy":"product_tag","embeddable":true,"href":"https:\/\/theinvisiblecollection.com\/fr\/wp-json\/wp\/v2\/product_tag?post=5883254"},{"taxonomy":"product_designer","embeddable":true,"href":"https:\/\/theinvisiblecollection.com\/fr\/wp-json\/wp\/v2\/product_designer?post=5883254"},{"taxonomy":"comfabric","embeddable":true,"href":"https:\/\/theinvisiblecollection.com\/fr\/wp-json\/wp\/v2\/comfabric?post=5883254"},{"taxonomy":"manufacturer","embeddable":true,"href":"https:\/\/theinvisiblecollection.com\/fr\/wp-json\/wp\/v2\/manufacturer?post=5883254"},{"taxonomy":"reporting_designer","embeddable":true,"href":"https:\/\/theinvisiblecollection.com\/fr\/wp-json\/wp\/v2\/reporting_designer?post=5883254"},{"taxonomy":"samplecomfabric","embeddable":true,"href":"https:\/\/theinvisiblecollection.com\/fr\/wp-json\/wp\/v2\/samplecomfabric?post=5883254"},{"taxonomy":"clubroom_product_designer","embeddable":true,"href":"https:\/\/theinvisiblecollection.com\/fr\/wp-json\/wp\/v2\/designer_clubroom?post=5883254"}],"curies":[{"name":"wp","href":"https:\/\/api.w.org\/{rel}","templated":true}]}}