{"id":5883567,"date":"2026-01-19T11:12:00","date_gmt":"2026-01-19T11:12:00","guid":{"rendered":"https:\/\/theinvisiblecollection.com\/?post_type=product&#038;p=5883567"},"modified":"2026-05-01T07:37:05","modified_gmt":"2026-05-01T07:37:05","slug":"oud-architecture-galerie-mcde-tabouret-curule-philae","status":"publish","type":"product","link":"https:\/\/theinvisiblecollection.com\/fr\/produit\/oud-architecture-galerie-mcde-tabouret-curule-philae\/","title":{"rendered":"Tabouret Curule Philae"},"content":{"rendered":"<p style=\"text-align: justify;\"><span class=\"TextRun SCXW94026522 BCX8\" lang=\"EN-GB\" xml:lang=\"EN-GB\" data-contrast=\"auto\"><span class=\"NormalTextRun SpellingErrorV2Themed SCXW94026522 BCX8\">Cr\u00e9\u00e9<\/span> <span class=\"NormalTextRun SpellingErrorV2Themed SCXW94026522 BCX8\">en<\/span><span class=\"NormalTextRun SCXW94026522 BCX8\"> 1925 pour les <\/span><span class=\"NormalTextRun SpellingErrorV2Themed SCXW94026522 BCX8\">int\u00e9rieurs<\/span><span class=\"NormalTextRun SCXW94026522 BCX8\"> des clients de Pierre <\/span><span class=\"NormalTextRun SpellingErrorV2Themed SCXW94026522 BCX8\">Chareau<\/span><span class=\"NormalTextRun SCXW94026522 BCX8\">, <\/span><span class=\"NormalTextRun SpellingErrorV2Themed SCXW94026522 BCX8\">ce<\/span><span class=\"NormalTextRun SCXW94026522 BCX8\"> tabouret <\/span><span class=\"NormalTextRun SpellingErrorV2Themed SCXW94026522 BCX8\">minimaliste<\/span><span class=\"NormalTextRun SCXW94026522 BCX8\"> \u00e0 <\/span><span class=\"NormalTextRun SpellingErrorV2Themed SCXW94026522 BCX8\">l\u2019assise<\/span> <span class=\"NormalTextRun SpellingErrorV2Themed SCXW94026522 BCX8\">incurv\u00e9e<\/span> <span class=\"NormalTextRun SpellingErrorV2Themed SCXW94026522 BCX8\">est<\/span> <span class=\"NormalTextRun SpellingErrorV2Themed SCXW94026522 BCX8\">r\u00e9alis\u00e9<\/span><span class=\"NormalTextRun SCXW94026522 BCX8\"> avec un savoir-faire <\/span><span class=\"NormalTextRun SpellingErrorV2Themed SCXW94026522 BCX8\">d\u2019\u00e9b\u00e9nisterie<\/span> <span class=\"NormalTextRun SpellingErrorV2Themed SCXW94026522 BCX8\">exigeant<\/span><span class=\"NormalTextRun SCXW94026522 BCX8\">. <\/span><span class=\"NormalTextRun SpellingErrorV2Themed SCXW94026522 BCX8\">D\u00e9clin\u00e9<\/span><span class=\"NormalTextRun SCXW94026522 BCX8\"> dans <\/span><span class=\"NormalTextRun SpellingErrorV2Themed SCXW94026522 BCX8\">diverses<\/span><span class=\"NormalTextRun SCXW94026522 BCX8\"> essences de <\/span><span class=\"NormalTextRun SpellingErrorV2Themed SCXW94026522 BCX8\">bois<\/span><span class=\"NormalTextRun SCXW94026522 BCX8\">, il <\/span><span class=\"NormalTextRun SpellingErrorV2Themed SCXW94026522 BCX8\">b\u00e9n\u00e9ficie<\/span> <span class=\"NormalTextRun SpellingErrorV2Themed SCXW94026522 BCX8\">d\u2019une<\/span> <span class=\"NormalTextRun SpellingErrorV2Themed SCXW94026522 BCX8\">finition<\/span> <span class=\"NormalTextRun SpellingErrorV2Themed SCXW94026522 BCX8\">artisanale<\/span><span class=\"NormalTextRun SCXW94026522 BCX8\"> qui sublime le <\/span><span class=\"NormalTextRun SpellingErrorV2Themed SCXW94026522 BCX8\">veinage<\/span><span class=\"NormalTextRun SCXW94026522 BCX8\"> naturel du <\/span><span class=\"NormalTextRun SpellingErrorV2Themed SCXW94026522 BCX8\">mat\u00e9riau<\/span><span class=\"NormalTextRun SCXW94026522 BCX8\">, <\/span><span class=\"NormalTextRun SpellingErrorV2Themed SCXW94026522 BCX8\">r\u00e9v\u00e9lant<\/span><span class=\"NormalTextRun SCXW94026522 BCX8\"> de riches nuances et un <\/span><span class=\"NormalTextRun SpellingErrorV2Themed SCXW94026522 BCX8\">caract\u00e8re<\/span><span class=\"NormalTextRun SCXW94026522 BCX8\"> unique.<\/span><\/span><span class=\"EOP SCXW94026522 BCX8\" data-ccp-props=\"{}\">\u00a0<\/span><\/p>\n","protected":false},"excerpt":{"rendered":"<p>Cr\u00e9\u00e9 en 1925 pour les int\u00e9rieurs des clients de Pierre Chareau, ce tabouret minimaliste \u00e0 l\u2019assise incurv\u00e9e est r\u00e9alis\u00e9 avec un savoir-faire d\u2019\u00e9b\u00e9nisterie exigeant. D\u00e9clin\u00e9 dans diverses essences de bois, il b\u00e9n\u00e9ficie d\u2019une finition artisanale qui sublime le veinage naturel du mat\u00e9riau, r\u00e9v\u00e9lant de riches nuances et un caract\u00e8re unique.\u00a0<\/p>\n","protected":false},"featured_media":5883576,"template":"","meta":{"_acf_changed":false,"content-type":"","_themeisle_gutenberg_block_has_review":false},"product_brand":[],"product_cat":[8969,12499],"product_tag":[8942,9275,10400,11235,22682,35206,35327],"product_designer":[13455,36391],"comfabric":[],"manufacturer":[34907],"reporting_designer":[37286],"samplecomfabric":[],"designer_clubroom":[],"class_list":{"0":"post-5883567","1":"product","2":"type-product","3":"status-publish","4":"has-post-thumbnail","6":"product_cat-ottomans-tabourets","7":"product_cat-assises","8":"product_tag-assise","9":"product_tag-tabouret-fr-2","10":"product_tag-pierre-chareau-fr","11":"product_tag-reedition-fr-fr","12":"product_tag-galerie-mcde-fr","13":"product_tag-exclusive-fr","14":"product_tag-re-edition-fr","15":"product_designer-galerie-mcde-fr","16":"product_designer-oud-architecture-fr","17":"manufacturer-sefec-galerie-mcde-fr","18":"reporting_designer-galerie-mcde","20":"first","21":"instock","22":"taxable","23":"shipping-taxable","24":"purchasable","25":"product-type-variable"},"acf":[],"_links":{"self":[{"href":"https:\/\/theinvisiblecollection.com\/fr\/wp-json\/wp\/v2\/product\/5883567","targetHints":{"allow":["GET"]}}],"collection":[{"href":"https:\/\/theinvisiblecollection.com\/fr\/wp-json\/wp\/v2\/product"}],"about":[{"href":"https:\/\/theinvisiblecollection.com\/fr\/wp-json\/wp\/v2\/types\/product"}],"wp:featuredmedia":[{"embeddable":true,"href":"https:\/\/theinvisiblecollection.com\/fr\/wp-json\/wp\/v2\/media\/5883576"}],"wp:attachment":[{"href":"https:\/\/theinvisiblecollection.com\/fr\/wp-json\/wp\/v2\/media?parent=5883567"}],"wp:term":[{"taxonomy":"product_brand","embeddable":true,"href":"https:\/\/theinvisiblecollection.com\/fr\/wp-json\/wp\/v2\/product_brand?post=5883567"},{"taxonomy":"product_cat","embeddable":true,"href":"https:\/\/theinvisiblecollection.com\/fr\/wp-json\/wp\/v2\/product_cat?post=5883567"},{"taxonomy":"product_tag","embeddable":true,"href":"https:\/\/theinvisiblecollection.com\/fr\/wp-json\/wp\/v2\/product_tag?post=5883567"},{"taxonomy":"product_designer","embeddable":true,"href":"https:\/\/theinvisiblecollection.com\/fr\/wp-json\/wp\/v2\/product_designer?post=5883567"},{"taxonomy":"comfabric","embeddable":true,"href":"https:\/\/theinvisiblecollection.com\/fr\/wp-json\/wp\/v2\/comfabric?post=5883567"},{"taxonomy":"manufacturer","embeddable":true,"href":"https:\/\/theinvisiblecollection.com\/fr\/wp-json\/wp\/v2\/manufacturer?post=5883567"},{"taxonomy":"reporting_designer","embeddable":true,"href":"https:\/\/theinvisiblecollection.com\/fr\/wp-json\/wp\/v2\/reporting_designer?post=5883567"},{"taxonomy":"samplecomfabric","embeddable":true,"href":"https:\/\/theinvisiblecollection.com\/fr\/wp-json\/wp\/v2\/samplecomfabric?post=5883567"},{"taxonomy":"clubroom_product_designer","embeddable":true,"href":"https:\/\/theinvisiblecollection.com\/fr\/wp-json\/wp\/v2\/designer_clubroom?post=5883567"}],"curies":[{"name":"wp","href":"https:\/\/api.w.org\/{rel}","templated":true}]}}