{"id":5884277,"date":"2026-01-26T12:37:59","date_gmt":"2026-01-26T12:37:59","guid":{"rendered":"https:\/\/theinvisiblecollection.com\/?post_type=product&#038;p=5884277"},"modified":"2026-05-01T07:37:05","modified_gmt":"2026-05-01T07:37:05","slug":"studio-mtx-les-voiles-rives","status":"publish","type":"product","link":"https:\/\/theinvisiblecollection.com\/fr\/produit\/studio-mtx-les-voiles-rives\/","title":{"rendered":"Les Voiles Rives"},"content":{"rendered":"<p data-start=\"63\" data-end=\"556\">Cr\u00e9\u00e9e pour <em data-start=\"74\" data-end=\"94\">Sensitive Surfaces<\/em>, pr\u00e9sent\u00e9e par Invisible Collection lors de <em data-start=\"139\" data-end=\"155\">Maison &amp; Objet<\/em>, <em data-start=\"157\" data-end=\"175\">The Leaves Rives<\/em> est le fruit d\u2019une premi\u00e8re collaboration entre l\u2019artiste fran\u00e7aise Marie de Lignerolles et Studio MTX, Maison d\u2019Art r\u00e9sidente du 19M. Connue pour ses gouaches lumineuses, l\u2019artiste voit ici son travail transpos\u00e9 en panneaux architecturaux brod\u00e9s \u2014 <em data-start=\"425\" data-end=\"437\">Les Voiles<\/em>, cr\u00e9ation embl\u00e9matique de Studio MTX \u2014 ouvrant sa pratique \u00e0 une nouvelle \u00e9chelle et \u00e0 une dimension spatiale in\u00e9dite.<\/p>\n<p data-start=\"558\" data-end=\"842\">Enti\u00e8rement r\u00e9alis\u00e9e \u00e0 la main par les artisans de Studio MTX, Les Voiles Rives transforme le dessin en architecture textile. Suspendue au sein de la galerie Invisible Collection, l\u2019\u0153uvre d\u00e9ploie une sc\u00e9nographie po\u00e9tique et immersive, brouillant les fronti\u00e8res entre art, artisanat et design.<\/p>\n","protected":false},"excerpt":{"rendered":"<p>Cr\u00e9\u00e9e pour Sensitive Surfaces, pr\u00e9sent\u00e9e par Invisible Collection lors de Maison &amp; Objet, The Leaves Rives est le fruit d\u2019une premi\u00e8re collaboration entre l\u2019artiste fran\u00e7aise Marie de Lignerolles et Studio MTX, Maison d\u2019Art r\u00e9sidente du 19M. Connue pour ses gouaches lumineuses, l\u2019artiste voit ici son travail transpos\u00e9 en panneaux architecturaux brod\u00e9s \u2014 Les Voiles, cr\u00e9ation [&hellip;]<\/p>\n","protected":false},"featured_media":5884248,"template":"","meta":{"_acf_changed":false,"content-type":"","_themeisle_gutenberg_block_has_review":false},"product_brand":[],"product_cat":[7517,8978],"product_tag":[7431,22790,31477,35206],"product_designer":[20420],"comfabric":[],"manufacturer":[20424],"reporting_designer":[37708],"samplecomfabric":[],"designer_clubroom":[],"class_list":{"0":"post-5884277","1":"product","2":"type-product","3":"status-publish","4":"has-post-thumbnail","6":"product_cat-deco-fr","7":"product_cat-paravents","8":"product_tag-piece-unique-fr","9":"product_tag-disponible-immediatement","10":"product_tag-st-curvy-fr","11":"product_tag-exclusive-fr","12":"product_designer-studio-mtx-fr","13":"manufacturer-19m-studio-mtx-fr","14":"reporting_designer-studio-mtx","15":"exhibitions-paris-fr","17":"first","18":"instock","19":"taxable","20":"shipping-taxable","21":"product-type-simple"},"acf":[],"_links":{"self":[{"href":"https:\/\/theinvisiblecollection.com\/fr\/wp-json\/wp\/v2\/product\/5884277","targetHints":{"allow":["GET"]}}],"collection":[{"href":"https:\/\/theinvisiblecollection.com\/fr\/wp-json\/wp\/v2\/product"}],"about":[{"href":"https:\/\/theinvisiblecollection.com\/fr\/wp-json\/wp\/v2\/types\/product"}],"wp:featuredmedia":[{"embeddable":true,"href":"https:\/\/theinvisiblecollection.com\/fr\/wp-json\/wp\/v2\/media\/5884248"}],"wp:attachment":[{"href":"https:\/\/theinvisiblecollection.com\/fr\/wp-json\/wp\/v2\/media?parent=5884277"}],"wp:term":[{"taxonomy":"product_brand","embeddable":true,"href":"https:\/\/theinvisiblecollection.com\/fr\/wp-json\/wp\/v2\/product_brand?post=5884277"},{"taxonomy":"product_cat","embeddable":true,"href":"https:\/\/theinvisiblecollection.com\/fr\/wp-json\/wp\/v2\/product_cat?post=5884277"},{"taxonomy":"product_tag","embeddable":true,"href":"https:\/\/theinvisiblecollection.com\/fr\/wp-json\/wp\/v2\/product_tag?post=5884277"},{"taxonomy":"product_designer","embeddable":true,"href":"https:\/\/theinvisiblecollection.com\/fr\/wp-json\/wp\/v2\/product_designer?post=5884277"},{"taxonomy":"comfabric","embeddable":true,"href":"https:\/\/theinvisiblecollection.com\/fr\/wp-json\/wp\/v2\/comfabric?post=5884277"},{"taxonomy":"manufacturer","embeddable":true,"href":"https:\/\/theinvisiblecollection.com\/fr\/wp-json\/wp\/v2\/manufacturer?post=5884277"},{"taxonomy":"reporting_designer","embeddable":true,"href":"https:\/\/theinvisiblecollection.com\/fr\/wp-json\/wp\/v2\/reporting_designer?post=5884277"},{"taxonomy":"samplecomfabric","embeddable":true,"href":"https:\/\/theinvisiblecollection.com\/fr\/wp-json\/wp\/v2\/samplecomfabric?post=5884277"},{"taxonomy":"clubroom_product_designer","embeddable":true,"href":"https:\/\/theinvisiblecollection.com\/fr\/wp-json\/wp\/v2\/designer_clubroom?post=5884277"}],"curies":[{"name":"wp","href":"https:\/\/api.w.org\/{rel}","templated":true}]}}