{"id":5884367,"date":"2026-01-26T15:48:53","date_gmt":"2026-01-26T15:48:53","guid":{"rendered":"https:\/\/theinvisiblecollection.com\/?post_type=product&#038;p=5884367"},"modified":"2026-05-01T07:37:05","modified_gmt":"2026-05-01T07:37:05","slug":"paul-laszlo-table-basse-brentwood-1947","status":"publish","type":"product","link":"https:\/\/theinvisiblecollection.com\/fr\/produit\/paul-laszlo-table-basse-brentwood-1947\/","title":{"rendered":"Table Basse Brentwood 1947"},"content":{"rendered":"<p>Pi\u00e8ce produite \u00e0 l&#8217;origine par Brown Saltman, de 1947 \u00e0 1953.<\/p>\n","protected":false},"excerpt":{"rendered":"<p>Pi\u00e8ce produite \u00e0 l&#8217;origine par Brown Saltman, de 1947 \u00e0 1953.<\/p>\n","protected":false},"featured_media":5884392,"template":"","meta":{"_acf_changed":false,"content-type":"","_themeisle_gutenberg_block_has_review":false},"product_brand":[],"product_cat":[7509,12503],"product_tag":[11235,31477,35206],"product_designer":[10638,36496],"comfabric":[],"manufacturer":[16874],"reporting_designer":[37726],"samplecomfabric":[],"designer_clubroom":[],"class_list":{"0":"post-5884367","1":"product","2":"type-product","3":"status-publish","4":"has-post-thumbnail","6":"product_cat-tables-basses-dappoint","7":"product_cat-tables-fr","8":"product_tag-reedition-fr-fr","9":"product_tag-st-curvy-fr","10":"product_tag-exclusive-fr","11":"product_designer-ecart-international-fr","12":"product_designer-paul-lszl-fr","13":"manufacturer-ecart-international-argentat","14":"reporting_designer-paul-lszl","16":"first","17":"instock","18":"taxable","19":"shipping-taxable","20":"purchasable","21":"product-type-simple"},"acf":[],"_links":{"self":[{"href":"https:\/\/theinvisiblecollection.com\/fr\/wp-json\/wp\/v2\/product\/5884367","targetHints":{"allow":["GET"]}}],"collection":[{"href":"https:\/\/theinvisiblecollection.com\/fr\/wp-json\/wp\/v2\/product"}],"about":[{"href":"https:\/\/theinvisiblecollection.com\/fr\/wp-json\/wp\/v2\/types\/product"}],"wp:featuredmedia":[{"embeddable":true,"href":"https:\/\/theinvisiblecollection.com\/fr\/wp-json\/wp\/v2\/media\/5884392"}],"wp:attachment":[{"href":"https:\/\/theinvisiblecollection.com\/fr\/wp-json\/wp\/v2\/media?parent=5884367"}],"wp:term":[{"taxonomy":"product_brand","embeddable":true,"href":"https:\/\/theinvisiblecollection.com\/fr\/wp-json\/wp\/v2\/product_brand?post=5884367"},{"taxonomy":"product_cat","embeddable":true,"href":"https:\/\/theinvisiblecollection.com\/fr\/wp-json\/wp\/v2\/product_cat?post=5884367"},{"taxonomy":"product_tag","embeddable":true,"href":"https:\/\/theinvisiblecollection.com\/fr\/wp-json\/wp\/v2\/product_tag?post=5884367"},{"taxonomy":"product_designer","embeddable":true,"href":"https:\/\/theinvisiblecollection.com\/fr\/wp-json\/wp\/v2\/product_designer?post=5884367"},{"taxonomy":"comfabric","embeddable":true,"href":"https:\/\/theinvisiblecollection.com\/fr\/wp-json\/wp\/v2\/comfabric?post=5884367"},{"taxonomy":"manufacturer","embeddable":true,"href":"https:\/\/theinvisiblecollection.com\/fr\/wp-json\/wp\/v2\/manufacturer?post=5884367"},{"taxonomy":"reporting_designer","embeddable":true,"href":"https:\/\/theinvisiblecollection.com\/fr\/wp-json\/wp\/v2\/reporting_designer?post=5884367"},{"taxonomy":"samplecomfabric","embeddable":true,"href":"https:\/\/theinvisiblecollection.com\/fr\/wp-json\/wp\/v2\/samplecomfabric?post=5884367"},{"taxonomy":"clubroom_product_designer","embeddable":true,"href":"https:\/\/theinvisiblecollection.com\/fr\/wp-json\/wp\/v2\/designer_clubroom?post=5884367"}],"curies":[{"name":"wp","href":"https:\/\/api.w.org\/{rel}","templated":true}]}}