{"id":5884437,"date":"2026-01-26T16:47:24","date_gmt":"2026-01-26T16:47:24","guid":{"rendered":"https:\/\/theinvisiblecollection.com\/?post_type=product&#038;p=5884437"},"modified":"2026-05-01T07:37:05","modified_gmt":"2026-05-01T07:37:05","slug":"paul-laszlo-ottoman-arcadia-1950","status":"publish","type":"product","link":"https:\/\/theinvisiblecollection.com\/fr\/produit\/paul-laszlo-ottoman-arcadia-1950\/","title":{"rendered":"Ottoman Arcadia 1950"},"content":{"rendered":"<p>Ottoman cr\u00e9\u00e9 par Paul L\u00e1szl\u00f3 pour l&#8217;\u00e9diteur Glenn of California, vers 1950.<\/p>\n","protected":false},"excerpt":{"rendered":"<p>Ottoman cr\u00e9\u00e9 par Paul L\u00e1szl\u00f3 pour l&#8217;\u00e9diteur Glenn of California, vers 1950.<\/p>\n","protected":false},"featured_media":5884441,"template":"","meta":{"_acf_changed":false,"content-type":"","_themeisle_gutenberg_block_has_review":false},"product_brand":[],"product_cat":[8969,12499],"product_tag":[14546,35206,8942,11097,11235],"product_designer":[10638,36496],"comfabric":[],"manufacturer":[16874],"reporting_designer":[37726],"samplecomfabric":[],"designer_clubroom":[],"class_list":{"0":"post-5884437","1":"product","2":"type-product","3":"status-publish","4":"has-post-thumbnail","6":"product_cat-ottomans-tabourets","7":"product_cat-assises","8":"product_tag-ottoman-fr-2","9":"product_tag-exclusive-fr","10":"product_tag-assise","11":"product_tag-ecart-fr","12":"product_tag-reedition-fr-fr","13":"product_designer-ecart-international-fr","14":"product_designer-paul-lszl-fr","15":"manufacturer-ecart-international-argentat","16":"reporting_designer-paul-lszl","18":"first","19":"instock","20":"taxable","21":"shipping-taxable","22":"purchasable","23":"product-type-simple"},"acf":[],"_links":{"self":[{"href":"https:\/\/theinvisiblecollection.com\/fr\/wp-json\/wp\/v2\/product\/5884437","targetHints":{"allow":["GET"]}}],"collection":[{"href":"https:\/\/theinvisiblecollection.com\/fr\/wp-json\/wp\/v2\/product"}],"about":[{"href":"https:\/\/theinvisiblecollection.com\/fr\/wp-json\/wp\/v2\/types\/product"}],"wp:featuredmedia":[{"embeddable":true,"href":"https:\/\/theinvisiblecollection.com\/fr\/wp-json\/wp\/v2\/media\/5884441"}],"wp:attachment":[{"href":"https:\/\/theinvisiblecollection.com\/fr\/wp-json\/wp\/v2\/media?parent=5884437"}],"wp:term":[{"taxonomy":"product_brand","embeddable":true,"href":"https:\/\/theinvisiblecollection.com\/fr\/wp-json\/wp\/v2\/product_brand?post=5884437"},{"taxonomy":"product_cat","embeddable":true,"href":"https:\/\/theinvisiblecollection.com\/fr\/wp-json\/wp\/v2\/product_cat?post=5884437"},{"taxonomy":"product_tag","embeddable":true,"href":"https:\/\/theinvisiblecollection.com\/fr\/wp-json\/wp\/v2\/product_tag?post=5884437"},{"taxonomy":"product_designer","embeddable":true,"href":"https:\/\/theinvisiblecollection.com\/fr\/wp-json\/wp\/v2\/product_designer?post=5884437"},{"taxonomy":"comfabric","embeddable":true,"href":"https:\/\/theinvisiblecollection.com\/fr\/wp-json\/wp\/v2\/comfabric?post=5884437"},{"taxonomy":"manufacturer","embeddable":true,"href":"https:\/\/theinvisiblecollection.com\/fr\/wp-json\/wp\/v2\/manufacturer?post=5884437"},{"taxonomy":"reporting_designer","embeddable":true,"href":"https:\/\/theinvisiblecollection.com\/fr\/wp-json\/wp\/v2\/reporting_designer?post=5884437"},{"taxonomy":"samplecomfabric","embeddable":true,"href":"https:\/\/theinvisiblecollection.com\/fr\/wp-json\/wp\/v2\/samplecomfabric?post=5884437"},{"taxonomy":"clubroom_product_designer","embeddable":true,"href":"https:\/\/theinvisiblecollection.com\/fr\/wp-json\/wp\/v2\/designer_clubroom?post=5884437"}],"curies":[{"name":"wp","href":"https:\/\/api.w.org\/{rel}","templated":true}]}}