{"id":5884507,"date":"2026-01-27T08:50:41","date_gmt":"2026-01-27T08:50:41","guid":{"rendered":"https:\/\/theinvisiblecollection.com\/?post_type=product&#038;p=5884507"},"modified":"2026-05-01T07:37:05","modified_gmt":"2026-05-01T07:37:05","slug":"paul-laszlo-banc-arcadia-1950","status":"publish","type":"product","link":"https:\/\/theinvisiblecollection.com\/fr\/produit\/paul-laszlo-banc-arcadia-1950\/","title":{"rendered":"Banc Arcadia 1950"},"content":{"rendered":"<p>Banc cr\u00e9\u00e9 par Paul L\u00e1szl\u00f3 pour l&#8217;\u00e9diteur Glenn of California, vers 1950.<br \/>\nPhotographie archive : Julius Shulman \u00a9 J. Paul Getty Trust. Getty Research Institute, Los Angeles (2004.R.10).<\/p>\n","protected":false},"excerpt":{"rendered":"<p>Banc cr\u00e9\u00e9 par Paul L\u00e1szl\u00f3 pour l&#8217;\u00e9diteur Glenn of California, vers 1950. Photographie archive : Julius Shulman \u00a9 J. Paul Getty Trust. Getty Research Institute, Los Angeles (2004.R.10).<\/p>\n","protected":false},"featured_media":5884513,"template":"","meta":{"_acf_changed":false,"content-type":"","_themeisle_gutenberg_block_has_review":false},"product_brand":[],"product_cat":[12499,8947],"product_tag":[11097,11235,11528,31476,35206,35327,9075],"product_designer":[36496,10638],"comfabric":[],"manufacturer":[16874],"reporting_designer":[37726],"samplecomfabric":[],"designer_clubroom":[],"class_list":{"0":"post-5884507","1":"product","2":"type-product","3":"status-publish","4":"has-post-thumbnail","6":"product_cat-assises","7":"product_cat-bancs","8":"product_tag-ecart-fr","9":"product_tag-reedition-fr-fr","10":"product_tag-bench","11":"product_tag-st-collectible-fr","12":"product_tag-exclusive-fr","13":"product_tag-re-edition-fr","14":"product_tag-rottin","15":"product_designer-paul-lszl-fr","16":"product_designer-ecart-international-fr","17":"manufacturer-ecart-international-argentat","18":"reporting_designer-paul-lszl","20":"first","21":"instock","22":"taxable","23":"shipping-taxable","24":"purchasable","25":"product-type-simple"},"acf":[],"_links":{"self":[{"href":"https:\/\/theinvisiblecollection.com\/fr\/wp-json\/wp\/v2\/product\/5884507","targetHints":{"allow":["GET"]}}],"collection":[{"href":"https:\/\/theinvisiblecollection.com\/fr\/wp-json\/wp\/v2\/product"}],"about":[{"href":"https:\/\/theinvisiblecollection.com\/fr\/wp-json\/wp\/v2\/types\/product"}],"wp:featuredmedia":[{"embeddable":true,"href":"https:\/\/theinvisiblecollection.com\/fr\/wp-json\/wp\/v2\/media\/5884513"}],"wp:attachment":[{"href":"https:\/\/theinvisiblecollection.com\/fr\/wp-json\/wp\/v2\/media?parent=5884507"}],"wp:term":[{"taxonomy":"product_brand","embeddable":true,"href":"https:\/\/theinvisiblecollection.com\/fr\/wp-json\/wp\/v2\/product_brand?post=5884507"},{"taxonomy":"product_cat","embeddable":true,"href":"https:\/\/theinvisiblecollection.com\/fr\/wp-json\/wp\/v2\/product_cat?post=5884507"},{"taxonomy":"product_tag","embeddable":true,"href":"https:\/\/theinvisiblecollection.com\/fr\/wp-json\/wp\/v2\/product_tag?post=5884507"},{"taxonomy":"product_designer","embeddable":true,"href":"https:\/\/theinvisiblecollection.com\/fr\/wp-json\/wp\/v2\/product_designer?post=5884507"},{"taxonomy":"comfabric","embeddable":true,"href":"https:\/\/theinvisiblecollection.com\/fr\/wp-json\/wp\/v2\/comfabric?post=5884507"},{"taxonomy":"manufacturer","embeddable":true,"href":"https:\/\/theinvisiblecollection.com\/fr\/wp-json\/wp\/v2\/manufacturer?post=5884507"},{"taxonomy":"reporting_designer","embeddable":true,"href":"https:\/\/theinvisiblecollection.com\/fr\/wp-json\/wp\/v2\/reporting_designer?post=5884507"},{"taxonomy":"samplecomfabric","embeddable":true,"href":"https:\/\/theinvisiblecollection.com\/fr\/wp-json\/wp\/v2\/samplecomfabric?post=5884507"},{"taxonomy":"clubroom_product_designer","embeddable":true,"href":"https:\/\/theinvisiblecollection.com\/fr\/wp-json\/wp\/v2\/designer_clubroom?post=5884507"}],"curies":[{"name":"wp","href":"https:\/\/api.w.org\/{rel}","templated":true}]}}