{"id":5884600,"date":"2026-01-27T09:23:03","date_gmt":"2026-01-27T09:23:03","guid":{"rendered":"https:\/\/theinvisiblecollection.com\/?post_type=product&#038;p=5884600"},"modified":"2026-05-01T07:37:05","modified_gmt":"2026-05-01T07:37:05","slug":"paul-laszlo-table-basse-palisades-1950","status":"publish","type":"product","link":"https:\/\/theinvisiblecollection.com\/fr\/produit\/paul-laszlo-table-basse-palisades-1950\/","title":{"rendered":"Table Basse Palisades 1950"},"content":{"rendered":"<p>Pi\u00e8ce cr\u00e9\u00e9e sur-mesure pour un projet d&#8217;am\u00e9nagement int\u00e9rieur, vers 1950.<br \/>\nPhotographie archive : Julius Shulman \u00a9 J. Paul Getty Trust. Getty Research Institute, Los Angeles (2004.R.10).<\/p>\n","protected":false},"excerpt":{"rendered":"<p>Pi\u00e8ce cr\u00e9\u00e9e sur-mesure pour un projet d&#8217;am\u00e9nagement int\u00e9rieur, vers 1950. Photographie archive : Julius Shulman \u00a9 J. Paul Getty Trust. Getty Research Institute, Los Angeles (2004.R.10).<\/p>\n","protected":false},"featured_media":5884604,"template":"","meta":{"_acf_changed":false,"content-type":"","_themeisle_gutenberg_block_has_review":false},"product_brand":[],"product_cat":[7509,12503],"product_tag":[31476,35206,35327,8855,11097,11235],"product_designer":[10638,36496],"comfabric":[],"manufacturer":[16874],"reporting_designer":[37726],"samplecomfabric":[],"designer_clubroom":[],"class_list":{"0":"post-5884600","1":"product","2":"type-product","3":"status-publish","4":"has-post-thumbnail","6":"product_cat-tables-basses-dappoint","7":"product_cat-tables-fr","8":"product_tag-st-collectible-fr","9":"product_tag-exclusive-fr","10":"product_tag-re-edition-fr","11":"product_tag-table-fr-3","12":"product_tag-ecart-fr","13":"product_tag-reedition-fr-fr","14":"pa_tabletop-plateau-en-lucite","15":"pa_tabletop-plateau-en-verre","16":"product_designer-ecart-international-fr","17":"product_designer-paul-lszl-fr","18":"manufacturer-ecart-international-argentat","19":"reporting_designer-paul-lszl","21":"first","22":"instock","23":"taxable","24":"shipping-taxable","25":"purchasable","26":"product-type-variable"},"acf":[],"_links":{"self":[{"href":"https:\/\/theinvisiblecollection.com\/fr\/wp-json\/wp\/v2\/product\/5884600","targetHints":{"allow":["GET"]}}],"collection":[{"href":"https:\/\/theinvisiblecollection.com\/fr\/wp-json\/wp\/v2\/product"}],"about":[{"href":"https:\/\/theinvisiblecollection.com\/fr\/wp-json\/wp\/v2\/types\/product"}],"wp:featuredmedia":[{"embeddable":true,"href":"https:\/\/theinvisiblecollection.com\/fr\/wp-json\/wp\/v2\/media\/5884604"}],"wp:attachment":[{"href":"https:\/\/theinvisiblecollection.com\/fr\/wp-json\/wp\/v2\/media?parent=5884600"}],"wp:term":[{"taxonomy":"product_brand","embeddable":true,"href":"https:\/\/theinvisiblecollection.com\/fr\/wp-json\/wp\/v2\/product_brand?post=5884600"},{"taxonomy":"product_cat","embeddable":true,"href":"https:\/\/theinvisiblecollection.com\/fr\/wp-json\/wp\/v2\/product_cat?post=5884600"},{"taxonomy":"product_tag","embeddable":true,"href":"https:\/\/theinvisiblecollection.com\/fr\/wp-json\/wp\/v2\/product_tag?post=5884600"},{"taxonomy":"product_designer","embeddable":true,"href":"https:\/\/theinvisiblecollection.com\/fr\/wp-json\/wp\/v2\/product_designer?post=5884600"},{"taxonomy":"comfabric","embeddable":true,"href":"https:\/\/theinvisiblecollection.com\/fr\/wp-json\/wp\/v2\/comfabric?post=5884600"},{"taxonomy":"manufacturer","embeddable":true,"href":"https:\/\/theinvisiblecollection.com\/fr\/wp-json\/wp\/v2\/manufacturer?post=5884600"},{"taxonomy":"reporting_designer","embeddable":true,"href":"https:\/\/theinvisiblecollection.com\/fr\/wp-json\/wp\/v2\/reporting_designer?post=5884600"},{"taxonomy":"samplecomfabric","embeddable":true,"href":"https:\/\/theinvisiblecollection.com\/fr\/wp-json\/wp\/v2\/samplecomfabric?post=5884600"},{"taxonomy":"clubroom_product_designer","embeddable":true,"href":"https:\/\/theinvisiblecollection.com\/fr\/wp-json\/wp\/v2\/designer_clubroom?post=5884600"}],"curies":[{"name":"wp","href":"https:\/\/api.w.org\/{rel}","templated":true}]}}