{"id":5884786,"date":"2026-01-27T11:52:10","date_gmt":"2026-01-27T11:52:10","guid":{"rendered":"https:\/\/theinvisiblecollection.com\/?post_type=product&#038;p=5884786"},"modified":"2026-05-01T07:37:05","modified_gmt":"2026-05-01T07:37:05","slug":"sarah-chirazi-tabouret-margot","status":"publish","type":"product","link":"https:\/\/theinvisiblecollection.com\/fr\/produit\/sarah-chirazi-tabouret-margot\/","title":{"rendered":"Tabouret Margot"},"content":{"rendered":"<p style=\"text-align: justify;\">Le tabouret Margot de Sarah Chirazi est empreint d\u2019un subtil sens de l\u2019humour. Reposant sur une structure en ch\u00eane finement travaill\u00e9e, il est orn\u00e9 de d\u00e9licats escargots en pl\u00e2tre \u2014 des d\u00e9tails sculpturaux inattendus qui apportent charme et fantaisie sans alt\u00e9rer la puret\u00e9 de sa silhouette. Le contraste entre la solidit\u00e9 du ch\u00eane et cette ornementation po\u00e9tique donne naissance \u00e0 un tabouret \u00e0 la fois intemporel et doucement irr\u00e9v\u00e9rencieux, pens\u00e9 pour inviter autant au sourire qu\u2019au repos.<\/p>\n","protected":false},"excerpt":{"rendered":"<p>Le tabouret Margot de Sarah Chirazi est empreint d\u2019un subtil sens de l\u2019humour. Reposant sur une structure en ch\u00eane finement travaill\u00e9e, il est orn\u00e9 de d\u00e9licats escargots en pl\u00e2tre \u2014 des d\u00e9tails sculpturaux inattendus qui apportent charme et fantaisie sans alt\u00e9rer la puret\u00e9 de sa silhouette. Le contraste entre la solidit\u00e9 du ch\u00eane et cette [&hellip;]<\/p>\n","protected":false},"featured_media":5886842,"template":"","meta":{"_acf_changed":false,"content-type":"","_themeisle_gutenberg_block_has_review":false},"product_brand":[],"product_cat":[8969,12499],"product_tag":[8942,9275,35206],"product_designer":[36061],"comfabric":[36748],"manufacturer":[36746],"reporting_designer":[37658],"samplecomfabric":[36750],"designer_clubroom":[],"class_list":{"0":"post-5884786","1":"product","2":"type-product","3":"status-publish","4":"has-post-thumbnail","6":"product_cat-ottomans-tabourets","7":"product_cat-assises","8":"product_tag-assise","9":"product_tag-tabouret-fr-2","10":"product_tag-exclusive-fr","11":"pa_size-l-280-x-l-100-x-h-80-fr","12":"pa_size-moyen-fr","13":"product_designer-sarah-chirazi-fr","14":"comfabric-sarah-chirazi-pick-up-maison-malagnac-fr","15":"manufacturer-sarah-chirazi-pick-up-maison-malagnac-fr","16":"reporting_designer-sarah-chirazi","17":"samplecomfabric-sarah-chirazi-pick-up-maison-malagnac-fr","19":"first","20":"instock","21":"taxable","22":"shipping-taxable","23":"purchasable","24":"product-type-variable"},"acf":[],"_links":{"self":[{"href":"https:\/\/theinvisiblecollection.com\/fr\/wp-json\/wp\/v2\/product\/5884786","targetHints":{"allow":["GET"]}}],"collection":[{"href":"https:\/\/theinvisiblecollection.com\/fr\/wp-json\/wp\/v2\/product"}],"about":[{"href":"https:\/\/theinvisiblecollection.com\/fr\/wp-json\/wp\/v2\/types\/product"}],"wp:featuredmedia":[{"embeddable":true,"href":"https:\/\/theinvisiblecollection.com\/fr\/wp-json\/wp\/v2\/media\/5886842"}],"wp:attachment":[{"href":"https:\/\/theinvisiblecollection.com\/fr\/wp-json\/wp\/v2\/media?parent=5884786"}],"wp:term":[{"taxonomy":"product_brand","embeddable":true,"href":"https:\/\/theinvisiblecollection.com\/fr\/wp-json\/wp\/v2\/product_brand?post=5884786"},{"taxonomy":"product_cat","embeddable":true,"href":"https:\/\/theinvisiblecollection.com\/fr\/wp-json\/wp\/v2\/product_cat?post=5884786"},{"taxonomy":"product_tag","embeddable":true,"href":"https:\/\/theinvisiblecollection.com\/fr\/wp-json\/wp\/v2\/product_tag?post=5884786"},{"taxonomy":"product_designer","embeddable":true,"href":"https:\/\/theinvisiblecollection.com\/fr\/wp-json\/wp\/v2\/product_designer?post=5884786"},{"taxonomy":"comfabric","embeddable":true,"href":"https:\/\/theinvisiblecollection.com\/fr\/wp-json\/wp\/v2\/comfabric?post=5884786"},{"taxonomy":"manufacturer","embeddable":true,"href":"https:\/\/theinvisiblecollection.com\/fr\/wp-json\/wp\/v2\/manufacturer?post=5884786"},{"taxonomy":"reporting_designer","embeddable":true,"href":"https:\/\/theinvisiblecollection.com\/fr\/wp-json\/wp\/v2\/reporting_designer?post=5884786"},{"taxonomy":"samplecomfabric","embeddable":true,"href":"https:\/\/theinvisiblecollection.com\/fr\/wp-json\/wp\/v2\/samplecomfabric?post=5884786"},{"taxonomy":"clubroom_product_designer","embeddable":true,"href":"https:\/\/theinvisiblecollection.com\/fr\/wp-json\/wp\/v2\/designer_clubroom?post=5884786"}],"curies":[{"name":"wp","href":"https:\/\/api.w.org\/{rel}","templated":true}]}}