{"id":5885467,"date":"2026-01-29T10:21:54","date_gmt":"2026-01-29T10:21:54","guid":{"rendered":"https:\/\/theinvisiblecollection.com\/?post_type=product&#038;p=5885467"},"modified":"2026-05-01T07:37:05","modified_gmt":"2026-05-01T07:37:05","slug":"garce-dimofski-table-barracuda","status":"publish","type":"product","link":"https:\/\/theinvisiblecollection.com\/fr\/produit\/garce-dimofski-table-barracuda\/","title":{"rendered":"Table Barracuda"},"content":{"rendered":"<p>La table Barracuda de Garc\u00e9 Dimofski pr\u00e9sente un plateau en c\u00e9ramique \u00e9maill\u00e9e compos\u00e9 de fragments imbriqu\u00e9s, formant un motif organique qui rappelle des feuilles ou des paysages changeants. Reposant sur deux bases coniques en c\u00e9ramique, elle allie la force sculpturale \u00e0 une l\u00e9g\u00e8ret\u00e9 raffin\u00e9e. Chaque pi\u00e8ce est unique, d\u00e9finie par les nuances de son \u00e9mail et le travail manuel de l&#8217;artisan.<\/p>\n","protected":false},"excerpt":{"rendered":"<p>La table Barracuda de Garc\u00e9 Dimofski pr\u00e9sente un plateau en c\u00e9ramique \u00e9maill\u00e9e compos\u00e9 de fragments imbriqu\u00e9s, formant un motif organique qui rappelle des feuilles ou des paysages changeants. Reposant sur deux bases coniques en c\u00e9ramique, elle allie la force sculpturale \u00e0 une l\u00e9g\u00e8ret\u00e9 raffin\u00e9e. Chaque pi\u00e8ce est unique, d\u00e9finie par les nuances de son \u00e9mail [&hellip;]<\/p>\n","protected":false},"featured_media":5885471,"template":"","meta":{"_acf_changed":false,"content-type":"","_themeisle_gutenberg_block_has_review":false},"product_brand":[],"product_cat":[8977,12503],"product_tag":[8953,9644,31475,31476,35206],"product_designer":[15857],"comfabric":[],"manufacturer":[22038],"reporting_designer":[37464],"samplecomfabric":[],"designer_clubroom":[],"class_list":{"0":"post-5885467","1":"product","2":"type-product","3":"status-publish","4":"has-post-thumbnail","6":"product_cat-tables-salle-a-manger","7":"product_cat-tables-fr","8":"product_tag-salle-a-manger","9":"product_tag-necessaires","10":"product_tag-st-ceramic-fr","11":"product_tag-st-collectible-fr","12":"product_tag-exclusive-fr","13":"product_designer-garce-dimofski-fr","14":"manufacturer-garc-dimofski-atelier-so-pedro-da-cova-fr","15":"reporting_designer-garce-dimofski-fr","17":"first","18":"instock","19":"taxable","20":"shipping-taxable","21":"purchasable","22":"product-type-variable"},"acf":[],"_links":{"self":[{"href":"https:\/\/theinvisiblecollection.com\/fr\/wp-json\/wp\/v2\/product\/5885467","targetHints":{"allow":["GET"]}}],"collection":[{"href":"https:\/\/theinvisiblecollection.com\/fr\/wp-json\/wp\/v2\/product"}],"about":[{"href":"https:\/\/theinvisiblecollection.com\/fr\/wp-json\/wp\/v2\/types\/product"}],"wp:featuredmedia":[{"embeddable":true,"href":"https:\/\/theinvisiblecollection.com\/fr\/wp-json\/wp\/v2\/media\/5885471"}],"wp:attachment":[{"href":"https:\/\/theinvisiblecollection.com\/fr\/wp-json\/wp\/v2\/media?parent=5885467"}],"wp:term":[{"taxonomy":"product_brand","embeddable":true,"href":"https:\/\/theinvisiblecollection.com\/fr\/wp-json\/wp\/v2\/product_brand?post=5885467"},{"taxonomy":"product_cat","embeddable":true,"href":"https:\/\/theinvisiblecollection.com\/fr\/wp-json\/wp\/v2\/product_cat?post=5885467"},{"taxonomy":"product_tag","embeddable":true,"href":"https:\/\/theinvisiblecollection.com\/fr\/wp-json\/wp\/v2\/product_tag?post=5885467"},{"taxonomy":"product_designer","embeddable":true,"href":"https:\/\/theinvisiblecollection.com\/fr\/wp-json\/wp\/v2\/product_designer?post=5885467"},{"taxonomy":"comfabric","embeddable":true,"href":"https:\/\/theinvisiblecollection.com\/fr\/wp-json\/wp\/v2\/comfabric?post=5885467"},{"taxonomy":"manufacturer","embeddable":true,"href":"https:\/\/theinvisiblecollection.com\/fr\/wp-json\/wp\/v2\/manufacturer?post=5885467"},{"taxonomy":"reporting_designer","embeddable":true,"href":"https:\/\/theinvisiblecollection.com\/fr\/wp-json\/wp\/v2\/reporting_designer?post=5885467"},{"taxonomy":"samplecomfabric","embeddable":true,"href":"https:\/\/theinvisiblecollection.com\/fr\/wp-json\/wp\/v2\/samplecomfabric?post=5885467"},{"taxonomy":"clubroom_product_designer","embeddable":true,"href":"https:\/\/theinvisiblecollection.com\/fr\/wp-json\/wp\/v2\/designer_clubroom?post=5885467"}],"curies":[{"name":"wp","href":"https:\/\/api.w.org\/{rel}","templated":true}]}}