{"id":5885872,"date":"2026-01-29T14:21:45","date_gmt":"2026-01-29T14:21:45","guid":{"rendered":"https:\/\/theinvisiblecollection.com\/?post_type=product&#038;p=5885872"},"modified":"2026-05-01T07:37:05","modified_gmt":"2026-05-01T07:37:05","slug":"garce-dimofski-table-daniel","status":"publish","type":"product","link":"https:\/\/theinvisiblecollection.com\/fr\/produit\/garce-dimofski-table-daniel\/","title":{"rendered":"Table Daniel"},"content":{"rendered":"<p>La table \u00e0 manger Daniel est fabriqu\u00e9e en ch\u00eane avec un insert en c\u00e9ramique sur le plateau, offrant un \u00e9quilibre parfait entre \u00e9l\u00e9gance et fonctionnalit\u00e9. Son design allie harmonieusement des courbes douces \u00e0 des lignes nettes, cr\u00e9ant un jeu dynamique de formes. Le contraste entre le bois naturel et chaleureux et la c\u00e9ramique lisse et raffin\u00e9e ajoute une touche visuelle intrigante, en faisant une pi\u00e8ce ma\u00eetresse pour toute salle \u00e0 manger.<\/p>\n","protected":false},"excerpt":{"rendered":"<p>La table \u00e0 manger Daniel est fabriqu\u00e9e en ch\u00eane avec un insert en c\u00e9ramique sur le plateau, offrant un \u00e9quilibre parfait entre \u00e9l\u00e9gance et fonctionnalit\u00e9. Son design allie harmonieusement des courbes douces \u00e0 des lignes nettes, cr\u00e9ant un jeu dynamique de formes. Le contraste entre le bois naturel et chaleureux et la c\u00e9ramique lisse et [&hellip;]<\/p>\n","protected":false},"featured_media":5885930,"template":"","meta":{"_acf_changed":false,"content-type":"","_themeisle_gutenberg_block_has_review":false},"product_brand":[],"product_cat":[8977,12503],"product_tag":[35206,8955,9644,31475],"product_designer":[15857],"comfabric":[],"manufacturer":[22038],"reporting_designer":[37464],"samplecomfabric":[],"designer_clubroom":[],"class_list":{"0":"post-5885872","1":"product","2":"type-product","3":"status-publish","4":"has-post-thumbnail","6":"product_cat-tables-salle-a-manger","7":"product_cat-tables-fr","8":"product_tag-exclusive-fr","9":"product_tag-table","10":"product_tag-necessaires","11":"product_tag-st-ceramic-fr","12":"product_designer-garce-dimofski-fr","13":"manufacturer-garc-dimofski-atelier-so-pedro-da-cova-fr","14":"reporting_designer-garce-dimofski-fr","16":"first","17":"instock","18":"taxable","19":"shipping-taxable","20":"purchasable","21":"product-type-variable"},"acf":[],"_links":{"self":[{"href":"https:\/\/theinvisiblecollection.com\/fr\/wp-json\/wp\/v2\/product\/5885872","targetHints":{"allow":["GET"]}}],"collection":[{"href":"https:\/\/theinvisiblecollection.com\/fr\/wp-json\/wp\/v2\/product"}],"about":[{"href":"https:\/\/theinvisiblecollection.com\/fr\/wp-json\/wp\/v2\/types\/product"}],"wp:featuredmedia":[{"embeddable":true,"href":"https:\/\/theinvisiblecollection.com\/fr\/wp-json\/wp\/v2\/media\/5885930"}],"wp:attachment":[{"href":"https:\/\/theinvisiblecollection.com\/fr\/wp-json\/wp\/v2\/media?parent=5885872"}],"wp:term":[{"taxonomy":"product_brand","embeddable":true,"href":"https:\/\/theinvisiblecollection.com\/fr\/wp-json\/wp\/v2\/product_brand?post=5885872"},{"taxonomy":"product_cat","embeddable":true,"href":"https:\/\/theinvisiblecollection.com\/fr\/wp-json\/wp\/v2\/product_cat?post=5885872"},{"taxonomy":"product_tag","embeddable":true,"href":"https:\/\/theinvisiblecollection.com\/fr\/wp-json\/wp\/v2\/product_tag?post=5885872"},{"taxonomy":"product_designer","embeddable":true,"href":"https:\/\/theinvisiblecollection.com\/fr\/wp-json\/wp\/v2\/product_designer?post=5885872"},{"taxonomy":"comfabric","embeddable":true,"href":"https:\/\/theinvisiblecollection.com\/fr\/wp-json\/wp\/v2\/comfabric?post=5885872"},{"taxonomy":"manufacturer","embeddable":true,"href":"https:\/\/theinvisiblecollection.com\/fr\/wp-json\/wp\/v2\/manufacturer?post=5885872"},{"taxonomy":"reporting_designer","embeddable":true,"href":"https:\/\/theinvisiblecollection.com\/fr\/wp-json\/wp\/v2\/reporting_designer?post=5885872"},{"taxonomy":"samplecomfabric","embeddable":true,"href":"https:\/\/theinvisiblecollection.com\/fr\/wp-json\/wp\/v2\/samplecomfabric?post=5885872"},{"taxonomy":"clubroom_product_designer","embeddable":true,"href":"https:\/\/theinvisiblecollection.com\/fr\/wp-json\/wp\/v2\/designer_clubroom?post=5885872"}],"curies":[{"name":"wp","href":"https:\/\/api.w.org\/{rel}","templated":true}]}}