{"id":5886091,"date":"2026-02-05T14:21:59","date_gmt":"2026-02-05T14:21:59","guid":{"rendered":"https:\/\/theinvisiblecollection.com\/?post_type=product&#038;p=5886091"},"modified":"2026-05-01T07:37:05","modified_gmt":"2026-05-01T07:37:05","slug":"garce-dimofski-meridienne-monte","status":"publish","type":"product","link":"https:\/\/theinvisiblecollection.com\/fr\/produit\/garce-dimofski-meridienne-monte\/","title":{"rendered":"M\u00e9ridienne Monte"},"content":{"rendered":"<p class=\"preFade fadeIn\" data-rte-preserve-empty=\"true\">Con\u00e7ue avec une attention m\u00e9ticuleuse aux d\u00e9tails, la m\u00e9ridienne Monte est dot\u00e9e de pieds sophistiqu\u00e9s en ch\u00e2taignier qui ajoutent une touche de raffinement \u00e0 son esth\u00e9tique g\u00e9n\u00e9rale. Les courbes de cette m\u00e9ridienne sont soigneusement sculpt\u00e9es pour am\u00e9liorer \u00e0 la fois le confort et la douceur, vous invitant \u00e0 vous enfoncer dans son \u00e9treinte et \u00e0 vous d\u00e9tendre apr\u00e8s une longue journ\u00e9e.<\/p>\n","protected":false},"excerpt":{"rendered":"<p>Con\u00e7ue avec une attention m\u00e9ticuleuse aux d\u00e9tails, la m\u00e9ridienne Monte est dot\u00e9e de pieds sophistiqu\u00e9s en ch\u00e2taignier qui ajoutent une touche de raffinement \u00e0 son esth\u00e9tique g\u00e9n\u00e9rale. Les courbes de cette m\u00e9ridienne sont soigneusement sculpt\u00e9es pour am\u00e9liorer \u00e0 la fois le confort et la douceur, vous invitant \u00e0 vous enfoncer dans son \u00e9treinte et \u00e0 [&hellip;]<\/p>\n","protected":false},"featured_media":5886065,"template":"","meta":{"_acf_changed":false,"content-type":"","_themeisle_gutenberg_block_has_review":false},"product_brand":[],"product_cat":[8947,12499],"product_tag":[35206,9644,31477],"product_designer":[15857],"comfabric":[35931],"manufacturer":[22038],"reporting_designer":[37464],"samplecomfabric":[35933],"designer_clubroom":[],"class_list":{"0":"post-5886091","1":"product","2":"type-product","3":"status-publish","4":"has-post-thumbnail","6":"product_cat-bancs","7":"product_cat-assises","8":"product_tag-exclusive-fr","9":"product_tag-necessaires","10":"product_tag-st-curvy-fr","11":"product_designer-garce-dimofski-fr","12":"comfabric-garc-dimofski-samples-approval-fr","13":"manufacturer-garc-dimofski-atelier-so-pedro-da-cova-fr","14":"reporting_designer-garce-dimofski-fr","15":"samplecomfabric-garc-dimofski-samples-approval-fr","17":"first","18":"instock","19":"taxable","20":"shipping-taxable","21":"purchasable","22":"product-type-variable"},"acf":[],"_links":{"self":[{"href":"https:\/\/theinvisiblecollection.com\/fr\/wp-json\/wp\/v2\/product\/5886091","targetHints":{"allow":["GET"]}}],"collection":[{"href":"https:\/\/theinvisiblecollection.com\/fr\/wp-json\/wp\/v2\/product"}],"about":[{"href":"https:\/\/theinvisiblecollection.com\/fr\/wp-json\/wp\/v2\/types\/product"}],"wp:featuredmedia":[{"embeddable":true,"href":"https:\/\/theinvisiblecollection.com\/fr\/wp-json\/wp\/v2\/media\/5886065"}],"wp:attachment":[{"href":"https:\/\/theinvisiblecollection.com\/fr\/wp-json\/wp\/v2\/media?parent=5886091"}],"wp:term":[{"taxonomy":"product_brand","embeddable":true,"href":"https:\/\/theinvisiblecollection.com\/fr\/wp-json\/wp\/v2\/product_brand?post=5886091"},{"taxonomy":"product_cat","embeddable":true,"href":"https:\/\/theinvisiblecollection.com\/fr\/wp-json\/wp\/v2\/product_cat?post=5886091"},{"taxonomy":"product_tag","embeddable":true,"href":"https:\/\/theinvisiblecollection.com\/fr\/wp-json\/wp\/v2\/product_tag?post=5886091"},{"taxonomy":"product_designer","embeddable":true,"href":"https:\/\/theinvisiblecollection.com\/fr\/wp-json\/wp\/v2\/product_designer?post=5886091"},{"taxonomy":"comfabric","embeddable":true,"href":"https:\/\/theinvisiblecollection.com\/fr\/wp-json\/wp\/v2\/comfabric?post=5886091"},{"taxonomy":"manufacturer","embeddable":true,"href":"https:\/\/theinvisiblecollection.com\/fr\/wp-json\/wp\/v2\/manufacturer?post=5886091"},{"taxonomy":"reporting_designer","embeddable":true,"href":"https:\/\/theinvisiblecollection.com\/fr\/wp-json\/wp\/v2\/reporting_designer?post=5886091"},{"taxonomy":"samplecomfabric","embeddable":true,"href":"https:\/\/theinvisiblecollection.com\/fr\/wp-json\/wp\/v2\/samplecomfabric?post=5886091"},{"taxonomy":"clubroom_product_designer","embeddable":true,"href":"https:\/\/theinvisiblecollection.com\/fr\/wp-json\/wp\/v2\/designer_clubroom?post=5886091"}],"curies":[{"name":"wp","href":"https:\/\/api.w.org\/{rel}","templated":true}]}}