{"id":5886120,"date":"2026-02-05T17:19:57","date_gmt":"2026-02-05T17:19:57","guid":{"rendered":"https:\/\/theinvisiblecollection.com\/?post_type=product&#038;p=5886120"},"modified":"2026-05-01T07:37:05","modified_gmt":"2026-05-01T07:37:05","slug":"garce-dimofski-fauteuil-alegria","status":"publish","type":"product","link":"https:\/\/theinvisiblecollection.com\/fr\/produit\/garce-dimofski-fauteuil-alegria\/","title":{"rendered":"Fauteuil Alegria"},"content":{"rendered":"<p>Le fauteuil Algeria par Garc\u00e9 &amp; Dimofski, recouvert d\u2019un somptueux velours moutarde, d\u00e9gage une pr\u00e9sence \u00e0 la fois audacieuse et accueillante. Sa silhouette arrondie est soulign\u00e9e par des accoudoirs cylindriques g\u00e9n\u00e9reusement rembourr\u00e9s, chacun orn\u00e9 d\u2019un bouton en c\u00e9ramique raffin\u00e9 qui apporte une dimension tactile et artisanale. Le dossier l\u00e9g\u00e8rement incurv\u00e9 et l\u2019assise moelleuse cr\u00e9ent un \u00e9quilibre harmonieux entre un design ludique et un confort ergonomique, faisant de cette pi\u00e8ce un v\u00e9ritable manifeste de caract\u00e8re et de savoir-faire.<\/p>\n","protected":false},"excerpt":{"rendered":"<p>Le fauteuil Algeria par Garc\u00e9 &amp; Dimofski, recouvert d\u2019un somptueux velours moutarde, d\u00e9gage une pr\u00e9sence \u00e0 la fois audacieuse et accueillante. Sa silhouette arrondie est soulign\u00e9e par des accoudoirs cylindriques g\u00e9n\u00e9reusement rembourr\u00e9s, chacun orn\u00e9 d\u2019un bouton en c\u00e9ramique raffin\u00e9 qui apporte une dimension tactile et artisanale. Le dossier l\u00e9g\u00e8rement incurv\u00e9 et l\u2019assise moelleuse cr\u00e9ent un [&hellip;]<\/p>\n","protected":false},"featured_media":5886108,"template":"","meta":{"_acf_changed":false,"content-type":"","_themeisle_gutenberg_block_has_review":false},"product_brand":[],"product_cat":[8945,12499],"product_tag":[31477,35206,8942,9150],"product_designer":[15857],"comfabric":[35931],"manufacturer":[22038],"reporting_designer":[37464],"samplecomfabric":[35933],"designer_clubroom":[],"class_list":{"0":"post-5886120","1":"product","2":"type-product","3":"status-publish","4":"has-post-thumbnail","6":"product_cat-fauteuils","7":"product_cat-assises","8":"product_tag-st-curvy-fr","9":"product_tag-exclusive-fr","10":"product_tag-assise","11":"product_tag-fauteuil-fr-2","12":"product_designer-garce-dimofski-fr","13":"comfabric-garc-dimofski-samples-approval-fr","14":"manufacturer-garc-dimofski-atelier-so-pedro-da-cova-fr","15":"reporting_designer-garce-dimofski-fr","16":"samplecomfabric-garc-dimofski-samples-approval-fr","18":"first","19":"instock","20":"taxable","21":"shipping-taxable","22":"purchasable","23":"product-type-variable"},"acf":[],"_links":{"self":[{"href":"https:\/\/theinvisiblecollection.com\/fr\/wp-json\/wp\/v2\/product\/5886120","targetHints":{"allow":["GET"]}}],"collection":[{"href":"https:\/\/theinvisiblecollection.com\/fr\/wp-json\/wp\/v2\/product"}],"about":[{"href":"https:\/\/theinvisiblecollection.com\/fr\/wp-json\/wp\/v2\/types\/product"}],"wp:featuredmedia":[{"embeddable":true,"href":"https:\/\/theinvisiblecollection.com\/fr\/wp-json\/wp\/v2\/media\/5886108"}],"wp:attachment":[{"href":"https:\/\/theinvisiblecollection.com\/fr\/wp-json\/wp\/v2\/media?parent=5886120"}],"wp:term":[{"taxonomy":"product_brand","embeddable":true,"href":"https:\/\/theinvisiblecollection.com\/fr\/wp-json\/wp\/v2\/product_brand?post=5886120"},{"taxonomy":"product_cat","embeddable":true,"href":"https:\/\/theinvisiblecollection.com\/fr\/wp-json\/wp\/v2\/product_cat?post=5886120"},{"taxonomy":"product_tag","embeddable":true,"href":"https:\/\/theinvisiblecollection.com\/fr\/wp-json\/wp\/v2\/product_tag?post=5886120"},{"taxonomy":"product_designer","embeddable":true,"href":"https:\/\/theinvisiblecollection.com\/fr\/wp-json\/wp\/v2\/product_designer?post=5886120"},{"taxonomy":"comfabric","embeddable":true,"href":"https:\/\/theinvisiblecollection.com\/fr\/wp-json\/wp\/v2\/comfabric?post=5886120"},{"taxonomy":"manufacturer","embeddable":true,"href":"https:\/\/theinvisiblecollection.com\/fr\/wp-json\/wp\/v2\/manufacturer?post=5886120"},{"taxonomy":"reporting_designer","embeddable":true,"href":"https:\/\/theinvisiblecollection.com\/fr\/wp-json\/wp\/v2\/reporting_designer?post=5886120"},{"taxonomy":"samplecomfabric","embeddable":true,"href":"https:\/\/theinvisiblecollection.com\/fr\/wp-json\/wp\/v2\/samplecomfabric?post=5886120"},{"taxonomy":"clubroom_product_designer","embeddable":true,"href":"https:\/\/theinvisiblecollection.com\/fr\/wp-json\/wp\/v2\/designer_clubroom?post=5886120"}],"curies":[{"name":"wp","href":"https:\/\/api.w.org\/{rel}","templated":true}]}}