{"id":5886646,"date":"2026-02-05T16:48:36","date_gmt":"2026-02-05T16:48:36","guid":{"rendered":"https:\/\/theinvisiblecollection.com\/?post_type=product&#038;p=5886646"},"modified":"2026-05-01T07:37:05","modified_gmt":"2026-05-01T07:37:05","slug":"garce-dimofski-table-basse-iris","status":"publish","type":"product","link":"https:\/\/theinvisiblecollection.com\/fr\/produit\/garce-dimofski-table-basse-iris\/","title":{"rendered":"Table Basse Iris"},"content":{"rendered":"<p>Fabriqu\u00e9e \u00e0 partir de pin sci\u00e9 teint\u00e9 et surmont\u00e9e d\u2019un plateau en c\u00e9ramique \u00e9maill\u00e9e, la table basse Iris de Garc\u00e9 &amp; Dimofski exprime un \u00e9quilibre subtil entre solidit\u00e9 et d\u00e9licatesse. Le contraste entre la texture brute du bois et la surface lisse et lumineuse de la c\u00e9ramique cr\u00e9e une pr\u00e9sence \u00e0 la fois authentique et raffin\u00e9e. Fabriqu\u00e9e \u00e0 la main au Portugal \u00e0 partir de mat\u00e9riaux locaux et durables, elle incarne un savoir-faire artisanal o\u00f9 simplicit\u00e9 sculpturale et exigence contemporaine se rencontrent avec justesse.<\/p>\n","protected":false},"excerpt":{"rendered":"<p>Fabriqu\u00e9e \u00e0 partir de pin sci\u00e9 teint\u00e9 et surmont\u00e9e d\u2019un plateau en c\u00e9ramique \u00e9maill\u00e9e, la table basse Iris de Garc\u00e9 &amp; Dimofski exprime un \u00e9quilibre subtil entre solidit\u00e9 et d\u00e9licatesse. Le contraste entre la texture brute du bois et la surface lisse et lumineuse de la c\u00e9ramique cr\u00e9e une pr\u00e9sence \u00e0 la fois authentique et [&hellip;]<\/p>\n","protected":false},"featured_media":5886635,"template":"","meta":{"_acf_changed":false,"content-type":"","_themeisle_gutenberg_block_has_review":false},"product_brand":[],"product_cat":[7509,12503],"product_tag":[9066,9644,31475,35206],"product_designer":[15857],"comfabric":[],"manufacturer":[22038],"reporting_designer":[37464],"samplecomfabric":[],"designer_clubroom":[],"class_list":{"0":"post-5886646","1":"product","2":"type-product","3":"status-publish","4":"has-post-thumbnail","6":"product_cat-tables-basses-dappoint","7":"product_cat-tables-fr","8":"product_tag-table-basse","9":"product_tag-necessaires","10":"product_tag-st-ceramic-fr","11":"product_tag-exclusive-fr","12":"product_designer-garce-dimofski-fr","13":"manufacturer-garc-dimofski-atelier-so-pedro-da-cova-fr","14":"reporting_designer-garce-dimofski-fr","16":"first","17":"instock","18":"taxable","19":"shipping-taxable","20":"purchasable","21":"product-type-variable"},"acf":[],"_links":{"self":[{"href":"https:\/\/theinvisiblecollection.com\/fr\/wp-json\/wp\/v2\/product\/5886646","targetHints":{"allow":["GET"]}}],"collection":[{"href":"https:\/\/theinvisiblecollection.com\/fr\/wp-json\/wp\/v2\/product"}],"about":[{"href":"https:\/\/theinvisiblecollection.com\/fr\/wp-json\/wp\/v2\/types\/product"}],"wp:featuredmedia":[{"embeddable":true,"href":"https:\/\/theinvisiblecollection.com\/fr\/wp-json\/wp\/v2\/media\/5886635"}],"wp:attachment":[{"href":"https:\/\/theinvisiblecollection.com\/fr\/wp-json\/wp\/v2\/media?parent=5886646"}],"wp:term":[{"taxonomy":"product_brand","embeddable":true,"href":"https:\/\/theinvisiblecollection.com\/fr\/wp-json\/wp\/v2\/product_brand?post=5886646"},{"taxonomy":"product_cat","embeddable":true,"href":"https:\/\/theinvisiblecollection.com\/fr\/wp-json\/wp\/v2\/product_cat?post=5886646"},{"taxonomy":"product_tag","embeddable":true,"href":"https:\/\/theinvisiblecollection.com\/fr\/wp-json\/wp\/v2\/product_tag?post=5886646"},{"taxonomy":"product_designer","embeddable":true,"href":"https:\/\/theinvisiblecollection.com\/fr\/wp-json\/wp\/v2\/product_designer?post=5886646"},{"taxonomy":"comfabric","embeddable":true,"href":"https:\/\/theinvisiblecollection.com\/fr\/wp-json\/wp\/v2\/comfabric?post=5886646"},{"taxonomy":"manufacturer","embeddable":true,"href":"https:\/\/theinvisiblecollection.com\/fr\/wp-json\/wp\/v2\/manufacturer?post=5886646"},{"taxonomy":"reporting_designer","embeddable":true,"href":"https:\/\/theinvisiblecollection.com\/fr\/wp-json\/wp\/v2\/reporting_designer?post=5886646"},{"taxonomy":"samplecomfabric","embeddable":true,"href":"https:\/\/theinvisiblecollection.com\/fr\/wp-json\/wp\/v2\/samplecomfabric?post=5886646"},{"taxonomy":"clubroom_product_designer","embeddable":true,"href":"https:\/\/theinvisiblecollection.com\/fr\/wp-json\/wp\/v2\/designer_clubroom?post=5886646"}],"curies":[{"name":"wp","href":"https:\/\/api.w.org\/{rel}","templated":true}]}}