{"id":5886659,"date":"2026-01-30T14:00:50","date_gmt":"2026-01-30T14:00:50","guid":{"rendered":"https:\/\/theinvisiblecollection.com\/?post_type=product&#038;p=5886659"},"modified":"2026-05-01T07:37:05","modified_gmt":"2026-05-01T07:37:05","slug":"garce-dimofski-lampe-sur-pied-avec-miroir-par-minjae-kim","status":"publish","type":"product","link":"https:\/\/theinvisiblecollection.com\/fr\/produit\/garce-dimofski-lampe-sur-pied-avec-miroir-par-minjae-kim\/","title":{"rendered":"Lampe Sur Pied Avec &#8220;Miroir&#8221; par Minjae Kim"},"content":{"rendered":"<p class=\"preFade fadeIn\" data-rte-preserve-empty=\"true\">Le lampadaire avec \u00ab miroir \u00bb est un m\u00e9lange saisissant d&#8217;artisanat et de design contemporain. Sculpt\u00e9e \u00e0 la main dans du bois de pin, la base de la lampe pr\u00e9sente un motif magnifiquement complexe qui met en valeur le grain naturel du bois. Cette base \u00e9l\u00e9gante est surmont\u00e9e d&#8217;un abat-jour matelass\u00e9 en fibre de verre, qui ajoute une touche moderne au design. Chaque lampe est unique en raison de sa fabrication artisanale, les formes et les nuances varient l\u00e9g\u00e8rement.<\/p>\n","protected":false},"excerpt":{"rendered":"<p>Le lampadaire avec \u00ab miroir \u00bb est un m\u00e9lange saisissant d&#8217;artisanat et de design contemporain. Sculpt\u00e9e \u00e0 la main dans du bois de pin, la base de la lampe pr\u00e9sente un motif magnifiquement complexe qui met en valeur le grain naturel du bois. Cette base \u00e9l\u00e9gante est surmont\u00e9e d&#8217;un abat-jour matelass\u00e9 en fibre de verre, [&hellip;]<\/p>\n","protected":false},"featured_media":5890580,"template":"","meta":{"_acf_changed":false,"content-type":"","_themeisle_gutenberg_block_has_review":false},"product_brand":[],"product_cat":[8966,12507],"product_tag":[7431,9200,14925,31474],"product_designer":[15857],"comfabric":[],"manufacturer":[22038],"reporting_designer":[37464],"samplecomfabric":[],"designer_clubroom":[],"class_list":{"0":"post-5886659","1":"product","2":"type-product","3":"status-publish","4":"has-post-thumbnail","6":"product_cat-lampes-sur-pied","7":"product_cat-luminaires","8":"product_tag-piece-unique-fr","9":"product_tag-luminaire-fr-2","10":"product_tag-hpfav-fr","11":"product_tag-co-white-fr","12":"product_designer-garce-dimofski-fr","13":"manufacturer-garc-dimofski-atelier-so-pedro-da-cova-fr","14":"reporting_designer-garce-dimofski-fr","16":"first","17":"instock","18":"taxable","19":"shipping-taxable","20":"purchasable","21":"product-type-simple"},"acf":[],"_links":{"self":[{"href":"https:\/\/theinvisiblecollection.com\/fr\/wp-json\/wp\/v2\/product\/5886659","targetHints":{"allow":["GET"]}}],"collection":[{"href":"https:\/\/theinvisiblecollection.com\/fr\/wp-json\/wp\/v2\/product"}],"about":[{"href":"https:\/\/theinvisiblecollection.com\/fr\/wp-json\/wp\/v2\/types\/product"}],"wp:featuredmedia":[{"embeddable":true,"href":"https:\/\/theinvisiblecollection.com\/fr\/wp-json\/wp\/v2\/media\/5890580"}],"wp:attachment":[{"href":"https:\/\/theinvisiblecollection.com\/fr\/wp-json\/wp\/v2\/media?parent=5886659"}],"wp:term":[{"taxonomy":"product_brand","embeddable":true,"href":"https:\/\/theinvisiblecollection.com\/fr\/wp-json\/wp\/v2\/product_brand?post=5886659"},{"taxonomy":"product_cat","embeddable":true,"href":"https:\/\/theinvisiblecollection.com\/fr\/wp-json\/wp\/v2\/product_cat?post=5886659"},{"taxonomy":"product_tag","embeddable":true,"href":"https:\/\/theinvisiblecollection.com\/fr\/wp-json\/wp\/v2\/product_tag?post=5886659"},{"taxonomy":"product_designer","embeddable":true,"href":"https:\/\/theinvisiblecollection.com\/fr\/wp-json\/wp\/v2\/product_designer?post=5886659"},{"taxonomy":"comfabric","embeddable":true,"href":"https:\/\/theinvisiblecollection.com\/fr\/wp-json\/wp\/v2\/comfabric?post=5886659"},{"taxonomy":"manufacturer","embeddable":true,"href":"https:\/\/theinvisiblecollection.com\/fr\/wp-json\/wp\/v2\/manufacturer?post=5886659"},{"taxonomy":"reporting_designer","embeddable":true,"href":"https:\/\/theinvisiblecollection.com\/fr\/wp-json\/wp\/v2\/reporting_designer?post=5886659"},{"taxonomy":"samplecomfabric","embeddable":true,"href":"https:\/\/theinvisiblecollection.com\/fr\/wp-json\/wp\/v2\/samplecomfabric?post=5886659"},{"taxonomy":"clubroom_product_designer","embeddable":true,"href":"https:\/\/theinvisiblecollection.com\/fr\/wp-json\/wp\/v2\/designer_clubroom?post=5886659"}],"curies":[{"name":"wp","href":"https:\/\/api.w.org\/{rel}","templated":true}]}}