{"id":5886927,"date":"2026-02-03T17:46:43","date_gmt":"2026-02-03T17:46:43","guid":{"rendered":"https:\/\/theinvisiblecollection.com\/?post_type=product&#038;p=5886927"},"modified":"2026-05-01T07:37:05","modified_gmt":"2026-05-01T07:37:05","slug":"mobilier-national-aline-asmar-d-amman-bureau-dark-ribbons","status":"publish","type":"product","link":"https:\/\/theinvisiblecollection.com\/fr\/produit\/mobilier-national-aline-asmar-d-amman-bureau-dark-ribbons\/","title":{"rendered":"Bureau Dark Ribbons"},"content":{"rendered":"<p data-start=\"0\" data-end=\"589\">Tra\u00e7ant un n\u0153ud abstrait, \u00e0 la fois tendu et fluide, en qu\u00eate d\u2019une mat\u00e9rialit\u00e9 po\u00e9tique, le bureau Dark Ribbons est fa\u00e7onn\u00e9 en acier pli\u00e9, patin\u00e9, bross\u00e9 et verni. Il conjugue des sensations de douceur extr\u00eame et de tension brutaliste, envelopp\u00e9es d\u2019un clair-obscur subtil. Empreint de r\u00e9f\u00e9rences artistiques aux cr\u00e9atrices qui nourrissent l\u2019imaginaire d\u2019Aline Asmar d\u2019Amman, il refl\u00e8te aussi son profond attachement au monde de la mode. Son allure s\u2019inspire du pliss\u00e9 embl\u00e9matique des garde-robes couture, tout en c\u00e9l\u00e9brant une vision contemporaine et instinctive de la f\u00e9minit\u00e9.<\/p>\n<p data-start=\"591\" data-end=\"962\" data-is-last-node=\"\" data-is-only-node=\"\">R\u00e9alis\u00e9 en France avec l\u2019Atelier Fran\u00e7ois Pouenat, le bureau Dark Ribbons est le fruit d\u2019un savoir-faire d\u2019excellence et de passion. Il a \u00e9t\u00e9 pr\u00e9sent\u00e9 pour la premi\u00e8re fois lors de la Design Parade Toulon 2023, organis\u00e9e par la Villa Noailles, \u00e0 l\u2019occasion de l\u2019exposition personnelle d\u2019Aline Asmar d\u2019Amman, alors pr\u00e9sidente du jury d\u2019architecture int\u00e9rieure.<\/p>\n","protected":false},"excerpt":{"rendered":"<p>Tra\u00e7ant un n\u0153ud abstrait, \u00e0 la fois tendu et fluide, en qu\u00eate d\u2019une mat\u00e9rialit\u00e9 po\u00e9tique, le bureau Dark Ribbons est fa\u00e7onn\u00e9 en acier pli\u00e9, patin\u00e9, bross\u00e9 et verni. Il conjugue des sensations de douceur extr\u00eame et de tension brutaliste, envelopp\u00e9es d\u2019un clair-obscur subtil. Empreint de r\u00e9f\u00e9rences artistiques aux cr\u00e9atrices qui nourrissent l\u2019imaginaire d\u2019Aline Asmar d\u2019Amman, [&hellip;]<\/p>\n","protected":false},"featured_media":5886910,"template":"","meta":{"_acf_changed":false,"content-type":"","_themeisle_gutenberg_block_has_review":false},"product_brand":[],"product_cat":[7704,12503],"product_tag":[9086,9639,20434,33319],"product_designer":[18388,20441],"comfabric":[],"manufacturer":[],"reporting_designer":[37634],"samplecomfabric":[],"designer_clubroom":[],"class_list":{"0":"post-5886927","1":"product","2":"type-product","3":"status-publish","4":"has-post-thumbnail","6":"product_cat-bureaux-fr","7":"product_cat-tables-fr","8":"product_tag-acier","9":"product_tag-bureau-fr","10":"product_tag-mobilier-national-fr","11":"product_tag-edition-limitee","12":"product_designer-aline-asmar-damman-fr","13":"product_designer-mobilier-national-fr","14":"reporting_designer-aline-asmar-damman","16":"first","17":"instock","18":"taxable","19":"shipping-taxable","20":"purchasable","21":"product-type-simple"},"acf":[],"_links":{"self":[{"href":"https:\/\/theinvisiblecollection.com\/fr\/wp-json\/wp\/v2\/product\/5886927","targetHints":{"allow":["GET"]}}],"collection":[{"href":"https:\/\/theinvisiblecollection.com\/fr\/wp-json\/wp\/v2\/product"}],"about":[{"href":"https:\/\/theinvisiblecollection.com\/fr\/wp-json\/wp\/v2\/types\/product"}],"wp:featuredmedia":[{"embeddable":true,"href":"https:\/\/theinvisiblecollection.com\/fr\/wp-json\/wp\/v2\/media\/5886910"}],"wp:attachment":[{"href":"https:\/\/theinvisiblecollection.com\/fr\/wp-json\/wp\/v2\/media?parent=5886927"}],"wp:term":[{"taxonomy":"product_brand","embeddable":true,"href":"https:\/\/theinvisiblecollection.com\/fr\/wp-json\/wp\/v2\/product_brand?post=5886927"},{"taxonomy":"product_cat","embeddable":true,"href":"https:\/\/theinvisiblecollection.com\/fr\/wp-json\/wp\/v2\/product_cat?post=5886927"},{"taxonomy":"product_tag","embeddable":true,"href":"https:\/\/theinvisiblecollection.com\/fr\/wp-json\/wp\/v2\/product_tag?post=5886927"},{"taxonomy":"product_designer","embeddable":true,"href":"https:\/\/theinvisiblecollection.com\/fr\/wp-json\/wp\/v2\/product_designer?post=5886927"},{"taxonomy":"comfabric","embeddable":true,"href":"https:\/\/theinvisiblecollection.com\/fr\/wp-json\/wp\/v2\/comfabric?post=5886927"},{"taxonomy":"manufacturer","embeddable":true,"href":"https:\/\/theinvisiblecollection.com\/fr\/wp-json\/wp\/v2\/manufacturer?post=5886927"},{"taxonomy":"reporting_designer","embeddable":true,"href":"https:\/\/theinvisiblecollection.com\/fr\/wp-json\/wp\/v2\/reporting_designer?post=5886927"},{"taxonomy":"samplecomfabric","embeddable":true,"href":"https:\/\/theinvisiblecollection.com\/fr\/wp-json\/wp\/v2\/samplecomfabric?post=5886927"},{"taxonomy":"clubroom_product_designer","embeddable":true,"href":"https:\/\/theinvisiblecollection.com\/fr\/wp-json\/wp\/v2\/designer_clubroom?post=5886927"}],"curies":[{"name":"wp","href":"https:\/\/api.w.org\/{rel}","templated":true}]}}