{"id":5886933,"date":"2026-02-02T15:25:16","date_gmt":"2026-02-02T15:25:16","guid":{"rendered":"https:\/\/theinvisiblecollection.com\/?post_type=product&#038;p=5886933"},"modified":"2026-05-01T07:37:05","modified_gmt":"2026-05-01T07:37:05","slug":"mobilier-national-apollne-morel-lab-lampe-de-table-anthenors","status":"publish","type":"product","link":"https:\/\/theinvisiblecollection.com\/fr\/produit\/mobilier-national-apollne-morel-lab-lampe-de-table-anthenors\/","title":{"rendered":"Lampe De Table Anth\u00e9nors"},"content":{"rendered":"<p>Pendant le confinement \u00e0 Marseille, Apolline Morel-Lab a con\u00e7u une collection de trois lampes inspir\u00e9es par les variations de lumi\u00e8re du paysage. En travaillant le verre coul\u00e9, elle explore les couleurs et les transparences min\u00e9rales en jouant avec les \u00e9paisseurs. Chaque mod\u00e8le est li\u00e9 \u00e0 un souvenir, comme Light violet, une teinte suspendue entre le jour et la nuit.<\/p>\n","protected":false},"excerpt":{"rendered":"<p>Pendant le confinement \u00e0 Marseille, Apolline Morel-Lab a con\u00e7u une collection de trois lampes inspir\u00e9es par les variations de lumi\u00e8re du paysage. En travaillant le verre coul\u00e9, elle explore les couleurs et les transparences min\u00e9rales en jouant avec les \u00e9paisseurs. Chaque mod\u00e8le est li\u00e9 \u00e0 un souvenir, comme Light violet, une teinte suspendue entre le [&hellip;]<\/p>\n","protected":false},"featured_media":5886937,"template":"","meta":{"_acf_changed":false,"content-type":"","_themeisle_gutenberg_block_has_review":false},"product_brand":[],"product_cat":[8974,12507],"product_tag":[9200,20434,33319],"product_designer":[20441,36632],"comfabric":[],"manufacturer":[36620],"reporting_designer":[37480],"samplecomfabric":[],"designer_clubroom":[],"class_list":{"0":"post-5886933","1":"product","2":"type-product","3":"status-publish","4":"has-post-thumbnail","6":"product_cat-lampes-de-table","7":"product_cat-luminaires","8":"product_tag-luminaire-fr-2","9":"product_tag-mobilier-national-fr","10":"product_tag-edition-limitee","11":"product_designer-mobilier-national-fr","12":"product_designer-apolline-morel-lab-fr","13":"manufacturer-apolline-morel-lab-fr","14":"reporting_designer-mobilier-national","16":"first","17":"instock","18":"taxable","19":"shipping-taxable","20":"purchasable","21":"product-type-simple"},"acf":[],"_links":{"self":[{"href":"https:\/\/theinvisiblecollection.com\/fr\/wp-json\/wp\/v2\/product\/5886933","targetHints":{"allow":["GET"]}}],"collection":[{"href":"https:\/\/theinvisiblecollection.com\/fr\/wp-json\/wp\/v2\/product"}],"about":[{"href":"https:\/\/theinvisiblecollection.com\/fr\/wp-json\/wp\/v2\/types\/product"}],"wp:featuredmedia":[{"embeddable":true,"href":"https:\/\/theinvisiblecollection.com\/fr\/wp-json\/wp\/v2\/media\/5886937"}],"wp:attachment":[{"href":"https:\/\/theinvisiblecollection.com\/fr\/wp-json\/wp\/v2\/media?parent=5886933"}],"wp:term":[{"taxonomy":"product_brand","embeddable":true,"href":"https:\/\/theinvisiblecollection.com\/fr\/wp-json\/wp\/v2\/product_brand?post=5886933"},{"taxonomy":"product_cat","embeddable":true,"href":"https:\/\/theinvisiblecollection.com\/fr\/wp-json\/wp\/v2\/product_cat?post=5886933"},{"taxonomy":"product_tag","embeddable":true,"href":"https:\/\/theinvisiblecollection.com\/fr\/wp-json\/wp\/v2\/product_tag?post=5886933"},{"taxonomy":"product_designer","embeddable":true,"href":"https:\/\/theinvisiblecollection.com\/fr\/wp-json\/wp\/v2\/product_designer?post=5886933"},{"taxonomy":"comfabric","embeddable":true,"href":"https:\/\/theinvisiblecollection.com\/fr\/wp-json\/wp\/v2\/comfabric?post=5886933"},{"taxonomy":"manufacturer","embeddable":true,"href":"https:\/\/theinvisiblecollection.com\/fr\/wp-json\/wp\/v2\/manufacturer?post=5886933"},{"taxonomy":"reporting_designer","embeddable":true,"href":"https:\/\/theinvisiblecollection.com\/fr\/wp-json\/wp\/v2\/reporting_designer?post=5886933"},{"taxonomy":"samplecomfabric","embeddable":true,"href":"https:\/\/theinvisiblecollection.com\/fr\/wp-json\/wp\/v2\/samplecomfabric?post=5886933"},{"taxonomy":"clubroom_product_designer","embeddable":true,"href":"https:\/\/theinvisiblecollection.com\/fr\/wp-json\/wp\/v2\/designer_clubroom?post=5886933"}],"curies":[{"name":"wp","href":"https:\/\/api.w.org\/{rel}","templated":true}]}}