{"id":5886951,"date":"2026-02-02T15:51:34","date_gmt":"2026-02-02T15:51:34","guid":{"rendered":"https:\/\/theinvisiblecollection.com\/?post_type=product&#038;p=5886951"},"modified":"2026-05-01T07:37:05","modified_gmt":"2026-05-01T07:37:05","slug":"mobilier-national-elsa-pochat-tapis-senshi","status":"publish","type":"product","link":"https:\/\/theinvisiblecollection.com\/fr\/produit\/mobilier-national-elsa-pochat-tapis-senshi\/","title":{"rendered":"Tapis Senshi"},"content":{"rendered":"<p style=\"text-align: justify;\" data-start=\"923\" data-end=\"1256\">Con\u00e7u lors d\u2019un projet men\u00e9 en collaboration avec des artisans japonais, le tapis Senshi par Elsa Pochat s\u2019inspire des nuances profondes de l\u2019indigo et de l\u2019art du <em data-start=\"1068\" data-end=\"1074\">Boro<\/em>. Il repr\u00e9sente le kimono abandonn\u00e9 d\u2019un guerrier \u2014 <em data-start=\"1126\" data-end=\"1134\">Senshi<\/em> en japonais \u2014 \u00e9voquant \u00e0 la fois l\u2019absence et la pr\u00e9sence. Polyvalent, il peut \u00eatre pr\u00e9sent\u00e9 au sol ou accroch\u00e9 au mur.<br \/>\nR\u00e9alis\u00e9 en laine et teint \u00e0 partir de pigments d\u2019indigo naturels, le tapis est fabriqu\u00e9 en France par la manufacture Pinton, h\u00e9riti\u00e8re d\u2019un savoir-faire s\u00e9culaire inscrit dans la plus pure tradition de la tapisserie et du tapis d\u2019Aubusson. Pr\u00e9sent\u00e9 en 2023 \u00e0 la Milan Design Week, puis \u00e0 Paris et \u00e0 Berlin, il a int\u00e9gr\u00e9 en 2025 les collections du Mobilier national.<\/p>\n","protected":false},"excerpt":{"rendered":"<p>Con\u00e7u lors d\u2019un projet men\u00e9 en collaboration avec des artisans japonais, le tapis Senshi par Elsa Pochat s\u2019inspire des nuances profondes de l\u2019indigo et de l\u2019art du Boro. Il repr\u00e9sente le kimono abandonn\u00e9 d\u2019un guerrier \u2014 Senshi en japonais \u2014 \u00e9voquant \u00e0 la fois l\u2019absence et la pr\u00e9sence. Polyvalent, il peut \u00eatre pr\u00e9sent\u00e9 au sol [&hellip;]<\/p>\n","protected":false},"featured_media":5886955,"template":"","meta":{"_acf_changed":false,"content-type":"","_themeisle_gutenberg_block_has_review":false},"product_brand":[],"product_cat":[12540,12541],"product_tag":[9109,20434,33319],"product_designer":[36634],"comfabric":[],"manufacturer":[36626],"reporting_designer":[37562],"samplecomfabric":[],"designer_clubroom":[],"class_list":{"0":"post-5886951","1":"product","2":"type-product","3":"status-publish","4":"has-post-thumbnail","6":"product_cat-tapis-fr","7":"product_cat-tufte-a-la-main","8":"product_tag-tapis","9":"product_tag-mobilier-national-fr","10":"product_tag-edition-limitee","11":"pa_size-dimensions-standards","12":"pa_size-par-metre-carre-fr","13":"product_designer-elsa-pochat-fr","14":"manufacturer-elsa-pochat-fr","15":"reporting_designer-elsa-pochat","17":"first","18":"instock","19":"taxable","20":"shipping-taxable","21":"purchasable","22":"product-type-variable"},"acf":[],"_links":{"self":[{"href":"https:\/\/theinvisiblecollection.com\/fr\/wp-json\/wp\/v2\/product\/5886951","targetHints":{"allow":["GET"]}}],"collection":[{"href":"https:\/\/theinvisiblecollection.com\/fr\/wp-json\/wp\/v2\/product"}],"about":[{"href":"https:\/\/theinvisiblecollection.com\/fr\/wp-json\/wp\/v2\/types\/product"}],"wp:featuredmedia":[{"embeddable":true,"href":"https:\/\/theinvisiblecollection.com\/fr\/wp-json\/wp\/v2\/media\/5886955"}],"wp:attachment":[{"href":"https:\/\/theinvisiblecollection.com\/fr\/wp-json\/wp\/v2\/media?parent=5886951"}],"wp:term":[{"taxonomy":"product_brand","embeddable":true,"href":"https:\/\/theinvisiblecollection.com\/fr\/wp-json\/wp\/v2\/product_brand?post=5886951"},{"taxonomy":"product_cat","embeddable":true,"href":"https:\/\/theinvisiblecollection.com\/fr\/wp-json\/wp\/v2\/product_cat?post=5886951"},{"taxonomy":"product_tag","embeddable":true,"href":"https:\/\/theinvisiblecollection.com\/fr\/wp-json\/wp\/v2\/product_tag?post=5886951"},{"taxonomy":"product_designer","embeddable":true,"href":"https:\/\/theinvisiblecollection.com\/fr\/wp-json\/wp\/v2\/product_designer?post=5886951"},{"taxonomy":"comfabric","embeddable":true,"href":"https:\/\/theinvisiblecollection.com\/fr\/wp-json\/wp\/v2\/comfabric?post=5886951"},{"taxonomy":"manufacturer","embeddable":true,"href":"https:\/\/theinvisiblecollection.com\/fr\/wp-json\/wp\/v2\/manufacturer?post=5886951"},{"taxonomy":"reporting_designer","embeddable":true,"href":"https:\/\/theinvisiblecollection.com\/fr\/wp-json\/wp\/v2\/reporting_designer?post=5886951"},{"taxonomy":"samplecomfabric","embeddable":true,"href":"https:\/\/theinvisiblecollection.com\/fr\/wp-json\/wp\/v2\/samplecomfabric?post=5886951"},{"taxonomy":"clubroom_product_designer","embeddable":true,"href":"https:\/\/theinvisiblecollection.com\/fr\/wp-json\/wp\/v2\/designer_clubroom?post=5886951"}],"curies":[{"name":"wp","href":"https:\/\/api.w.org\/{rel}","templated":true}]}}